{"id":9290,"date":"2018-03-20T10:55:14","date_gmt":"2018-03-20T09:55:14","guid":{"rendered":"https:\/\/www.quimiromar.com\/?page_id=9290"},"modified":"2018-03-20T10:56:50","modified_gmt":"2018-03-20T09:56:50","slug":"politique-de-confidentialite","status":"publish","type":"page","link":"https:\/\/quimiromar.com\/fr\/politique-de-confidentialite\/","title":{"rendered":"Politique de confidentialit\u00e9"},"content":{"rendered":"<header>\n<h2>Pol\u00edtica de privacidad de datos<\/h2>\n<\/header>\n<div class=\"\">\n<div class=\"\">\n<h3>Identidad y direcci\u00f3n del responsable del fichero donde se encuentran sus datos<\/h3>\n<p class=\"ng-binding\">En virtud de la Ley Org\u00e1nica 15\/1999, de 13 de diciembre, Protecci\u00f3n de Datos de Car\u00e1cter Personal, Quimi Romar S.L. con domicilio social en Ctra. Moncada a N\u00e0quera, CV 315 \u2013 Km 11,2; 46119, N\u00e0quera-Valencia(Espa\u00f1a) (de ahora en adelante el Responsable del Fichero), le informa que al introducir sus datos a trav\u00e9s de los formularios electr\u00f3nicos de nuestra web nos suministrar\u00e1 determinados datos de car\u00e1cter personal que se tratar\u00e1n de forma automatizada e incorporar\u00e1n a los correspondientes ficheros de los que Quimi Romar S.L. es titular y Responsable.<\/p>\n<h3>Finalidad del tratamiento de sus datos<\/h3>\n<p class=\"ng-binding\">La recogida y tratamiento automatizado de sus datos personales tiene como finalidad hacerle participar en los concursos y promociones que ofrecemos a trav\u00e9s de nuestra web quimiromar.com as\u00ed como recibir nuestro Newsletter si as\u00ed lo desea. Por la presente, usted consiente el tratamiento de sus datos con el fin de ser utilizados para el env\u00edo de promociones publicitarias y prospecci\u00f3n comercial a trav\u00e9s de cualquier medio, incluyendo por v\u00eda electr\u00f3nica, por la empresa Quimi Romar S.L. y otras relacionadas con los sectores de las telecomunicaciones, financiero, ocio, formaci\u00f3n, gran consumo, automoci\u00f3n y energ\u00eda.<\/p>\n<h3>Derechos de acceso, rectificaci\u00f3n y cancelaci\u00f3n<\/h3>\n<p class=\"ng-binding\">En todo momento podr\u00e1 ejercitar su derecho de acceso, rectificaci\u00f3n, cancelaci\u00f3n y oposici\u00f3n enviando su solicitud escrita y firmada dirigida al Departamento Legal de Quimi Romar S.L. acompa\u00f1ando fotocopia de su DNI a la direcci\u00f3n postal arriba indicada o bien a la siguiente direcci\u00f3n de correo electr\u00f3nico\u00a0<span id=\"\"><a class=\"ng-binding\" href=\"mailto:info@quimiromar.com\">info@quimiromar.com<\/a>\u00a0<\/span>. Asimismo, en cualquier momento podr\u00e1 revocar el consentimiento arriba prestado para la cesi\u00f3n de sus datos personales y la recepci\u00f3n de comunicaciones comerciales enviando una comunicaci\u00f3n en este sentido a la direcci\u00f3n de correo electr\u00f3nico indicando la palabra \u201cBaja\u201d en el asunto a la direcci\u00f3n de correo electr\u00f3nico arriba referenciada.<\/p>\n<h3>Cesi\u00f3n<\/h3>\n<p class=\"ng-binding\">Si usted es premiado en alguno de nuestros concursos o promociones, autoriza la publicaci\u00f3n de sus datos personales en nuestra Web y en los perfiles sociales de Quimi Romar S.L. de Facebook, Youtube, Twitter, Instagram, Google y Pinterest a efectos de anunciar quien ha sido la persona ganadora. Asimismo, usted consiente la comunicaci\u00f3n de sus datos a proveedores externos de Quimi Romar S.L. relacionados con los sectores de las telecomunicaciones, financiero, ocio, formaci\u00f3n, gran consumo, automoci\u00f3n y energ\u00eda, a fin de ser utilizados para el env\u00edo de promociones publicitarias y prospecci\u00f3n comercial.<\/p>\n<\/div>\n<\/div>","protected":false},"excerpt":{"rendered":"<p><span class=\"excerpt-hellip\"> [\u2026]<\/span><\/p>","protected":false},"author":2,"featured_media":0,"parent":0,"menu_order":0,"comment_status":"closed","ping_status":"closed","template":"","meta":{"footnotes":""},"class_list":["post-9290","page","type-page","status-publish","hentry"],"yoast_head":"<!-- This site is optimized with the Yoast SEO plugin v25.2 - https:\/\/yoast.com\/wordpress\/plugins\/seo\/ -->\n<title>Politique de confidentialit\u00e9 - Quimi Romar<\/title>\n<meta name=\"robots\" content=\"noindex, nofollow\" \/>\n<meta property=\"og:locale\" content=\"fr_FR\" \/>\n<meta property=\"og:type\" content=\"article\" \/>\n<meta property=\"og:title\" content=\"Politique de confidentialit\u00e9 - Quimi Romar\" \/>\n<meta property=\"og:description\" content=\"[\u2026]\" \/>\n<meta property=\"og:url\" content=\"https:\/\/quimiromar.com\/fr\/politique-de-confidentialite\/\" \/>\n<meta property=\"og:site_name\" content=\"Quimi Romar\" \/>\n<meta property=\"article:modified_time\" content=\"2018-03-20T09:56:50+00:00\" \/>\n<meta name=\"twitter:card\" content=\"summary_large_image\" \/>\n<meta name=\"twitter:label1\" content=\"Dur\u00e9e de lecture estim\u00e9e\" \/>\n\t<meta name=\"twitter:data1\" content=\"2 minutes\" \/>\n<script type=\"application\/ld+json\" class=\"yoast-schema-graph\">{\"@context\":\"https:\/\/schema.org\",\"@graph\":[{\"@type\":\"WebPage\",\"@id\":\"https:\/\/quimiromar.com\/fr\/politique-de-confidentialite\/\",\"url\":\"https:\/\/quimiromar.com\/fr\/politique-de-confidentialite\/\",\"name\":\"Politique de confidentialit\u00e9 - Quimi Romar\",\"isPartOf\":{\"@id\":\"https:\/\/quimiromar.com\/fr\/#website\"},\"datePublished\":\"2018-03-20T09:55:14+00:00\",\"dateModified\":\"2018-03-20T09:56:50+00:00\",\"breadcrumb\":{\"@id\":\"https:\/\/quimiromar.com\/fr\/politique-de-confidentialite\/#breadcrumb\"},\"inLanguage\":\"fr-FR\",\"potentialAction\":[{\"@type\":\"ReadAction\",\"target\":[\"https:\/\/quimiromar.com\/fr\/politique-de-confidentialite\/\"]}]},{\"@type\":\"BreadcrumbList\",\"@id\":\"https:\/\/quimiromar.com\/fr\/politique-de-confidentialite\/#breadcrumb\",\"itemListElement\":[{\"@type\":\"ListItem\",\"position\":1,\"name\":\"Home\",\"item\":\"https:\/\/quimiromar.com\/fr\/\"},{\"@type\":\"ListItem\",\"position\":2,\"name\":\"Politique de confidentialit\u00e9\"}]},{\"@type\":\"WebSite\",\"@id\":\"https:\/\/quimiromar.com\/fr\/#website\",\"url\":\"https:\/\/quimiromar.com\/fr\/\",\"name\":\"Quimi Romar\",\"description\":\"Droguer\u00eda, perfumer\u00eda y cosm\u00e9tica\",\"publisher\":{\"@id\":\"https:\/\/quimiromar.com\/fr\/#organization\"},\"potentialAction\":[{\"@type\":\"SearchAction\",\"target\":{\"@type\":\"EntryPoint\",\"urlTemplate\":\"https:\/\/quimiromar.com\/fr\/?s={search_term_string}\"},\"query-input\":{\"@type\":\"PropertyValueSpecification\",\"valueRequired\":true,\"valueName\":\"search_term_string\"}}],\"inLanguage\":\"fr-FR\"},{\"@type\":\"Organization\",\"@id\":\"https:\/\/quimiromar.com\/fr\/#organization\",\"name\":\"Quimi Romar\",\"url\":\"https:\/\/quimiromar.com\/fr\/\",\"logo\":{\"@type\":\"ImageObject\",\"inLanguage\":\"fr-FR\",\"@id\":\"https:\/\/quimiromar.com\/fr\/#\/schema\/logo\/image\/\",\"url\":\"\",\"contentUrl\":\"\",\"caption\":\"Quimi Romar\"},\"image\":{\"@id\":\"https:\/\/quimiromar.com\/fr\/#\/schema\/logo\/image\/\"}}]}<\/script>\n<!-- \/ Yoast SEO plugin. -->","yoast_head_json":{"title":"Politique de confidentialit\u00e9 - Quimi Romar","robots":{"index":"noindex","follow":"nofollow"},"og_locale":"fr_FR","og_type":"article","og_title":"Politique de confidentialit\u00e9 - Quimi Romar","og_description":"[\u2026]","og_url":"https:\/\/quimiromar.com\/fr\/politique-de-confidentialite\/","og_site_name":"Quimi Romar","article_modified_time":"2018-03-20T09:56:50+00:00","twitter_card":"summary_large_image","twitter_misc":{"Dur\u00e9e de lecture estim\u00e9e":"2 minutes"},"schema":{"@context":"https:\/\/schema.org","@graph":[{"@type":"WebPage","@id":"https:\/\/quimiromar.com\/fr\/politique-de-confidentialite\/","url":"https:\/\/quimiromar.com\/fr\/politique-de-confidentialite\/","name":"Politique de confidentialit\u00e9 - Quimi Romar","isPartOf":{"@id":"https:\/\/quimiromar.com\/fr\/#website"},"datePublished":"2018-03-20T09:55:14+00:00","dateModified":"2018-03-20T09:56:50+00:00","breadcrumb":{"@id":"https:\/\/quimiromar.com\/fr\/politique-de-confidentialite\/#breadcrumb"},"inLanguage":"fr-FR","potentialAction":[{"@type":"ReadAction","target":["https:\/\/quimiromar.com\/fr\/politique-de-confidentialite\/"]}]},{"@type":"BreadcrumbList","@id":"https:\/\/quimiromar.com\/fr\/politique-de-confidentialite\/#breadcrumb","itemListElement":[{"@type":"ListItem","position":1,"name":"Home","item":"https:\/\/quimiromar.com\/fr\/"},{"@type":"ListItem","position":2,"name":"Politique de confidentialit\u00e9"}]},{"@type":"WebSite","@id":"https:\/\/quimiromar.com\/fr\/#website","url":"https:\/\/quimiromar.com\/fr\/","name":"Quimi Romar","description":"Droguer\u00eda, perfumer\u00eda y cosm\u00e9tica","publisher":{"@id":"https:\/\/quimiromar.com\/fr\/#organization"},"potentialAction":[{"@type":"SearchAction","target":{"@type":"EntryPoint","urlTemplate":"https:\/\/quimiromar.com\/fr\/?s={search_term_string}"},"query-input":{"@type":"PropertyValueSpecification","valueRequired":true,"valueName":"search_term_string"}}],"inLanguage":"fr-FR"},{"@type":"Organization","@id":"https:\/\/quimiromar.com\/fr\/#organization","name":"Quimi Romar","url":"https:\/\/quimiromar.com\/fr\/","logo":{"@type":"ImageObject","inLanguage":"fr-FR","@id":"https:\/\/quimiromar.com\/fr\/#\/schema\/logo\/image\/","url":"","contentUrl":"","caption":"Quimi Romar"},"image":{"@id":"https:\/\/quimiromar.com\/fr\/#\/schema\/logo\/image\/"}}]}},"_links":{"self":[{"href":"https:\/\/quimiromar.com\/fr\/wp-json\/wp\/v2\/pages\/9290","targetHints":{"allow":["GET"]}}],"collection":[{"href":"https:\/\/quimiromar.com\/fr\/wp-json\/wp\/v2\/pages"}],"about":[{"href":"https:\/\/quimiromar.com\/fr\/wp-json\/wp\/v2\/types\/page"}],"author":[{"embeddable":true,"href":"https:\/\/quimiromar.com\/fr\/wp-json\/wp\/v2\/users\/2"}],"replies":[{"embeddable":true,"href":"https:\/\/quimiromar.com\/fr\/wp-json\/wp\/v2\/comments?post=9290"}],"version-history":[{"count":1,"href":"https:\/\/quimiromar.com\/fr\/wp-json\/wp\/v2\/pages\/9290\/revisions"}],"predecessor-version":[{"id":9293,"href":"https:\/\/quimiromar.com\/fr\/wp-json\/wp\/v2\/pages\/9290\/revisions\/9293"}],"wp:attachment":[{"href":"https:\/\/quimiromar.com\/fr\/wp-json\/wp\/v2\/media?parent=9290"}],"curies":[{"name":"wp","href":"https:\/\/api.w.org\/{rel}","templated":true}]}}