{"id":9065,"date":"2017-11-28T18:27:24","date_gmt":"2017-11-28T17:27:24","guid":{"rendered":"https:\/\/www.quimiromar.com\/?page_id=9065"},"modified":"2017-12-11T10:07:54","modified_gmt":"2017-12-11T09:07:54","slug":"rejoignez-nous","status":"publish","type":"page","link":"https:\/\/quimiromar.com\/fr\/rejoignez-nous\/","title":{"rendered":"Rejoignez-nous"},"content":{"rendered":"<section class=\"wpb-content-wrapper\"><p>[vc_row full_width=\u00a0\u00bbstretch_row\u00a0\u00bb content_placement=\u00a0\u00bbmiddle\u00a0\u00bb el_id=\u00a0\u00bbheader-denuncia\u00a0\u00bb css=\u00a0\u00bb.vc_custom_1512983271583{background-image: url(https:\/\/quimiromar.com\/wp-content\/uploads\/trabaja_con_nosotros_quimi_romar_917x304.jpg?id=9086) !important;background-position: center !important;background-repeat: no-repeat !important;background-size: cover !important;}\u00a0\u00bb][vc_column][vc_column_text]<\/p>\n<h1>Vous souhaitez travailler avec nous?<\/h1>\n<p>[\/vc_column_text][\/vc_column][\/vc_row][vc_row][vc_column][vc_column_text]Nous vous offrons la possibilit\u00e9 d\u2019int\u00e9grer une entreprise leader dans son secteur, \u00a0de vous joindre \u00e0 un projet commun,\u00a0de grandir avec nous, de travailler en \u00e9quipe et de vous d\u00e9velopper professionnellement au sein de notre entreprise.<\/p>\n<p>Nous recherchons des personnes dynamiques et impliqu\u00e9es, capables de s\u2019aligner sur les valeurs de notre groupe. Nous voulons vous conna\u00eetre. Envoyez-nous votre CV afin que nous puissions incorporer votre candidature \u00e0 notre processus de s\u00e9lection.[\/vc_column_text][\/vc_column][\/vc_row][vc_row][vc_column el_class=\u00a0\u00bbcol-form-denuncia\u00a0\u00bb]\n<div class=\"wpcf7 no-js\" id=\"wpcf7-f9060-o1\" lang=\"es-ES\" dir=\"ltr\" data-wpcf7-id=\"9060\">\n<div class=\"screen-reader-response\"><p role=\"status\" aria-live=\"polite\" aria-atomic=\"true\"><\/p> <ul><\/ul><\/div>\n<form action=\"\/fr\/wp-json\/wp\/v2\/pages\/9065#wpcf7-f9060-o1\" method=\"post\" class=\"wpcf7-form init\" aria-label=\"Formulario de contacto\" enctype=\"multipart\/form-data\" novalidate=\"novalidate\" data-status=\"init\">\n<div style=\"display: none;\">\n<input type=\"hidden\" name=\"_wpcf7\" value=\"9060\" \/>\n<input type=\"hidden\" name=\"_wpcf7_version\" value=\"6.0.6\" \/>\n<input type=\"hidden\" name=\"_wpcf7_locale\" value=\"es_ES\" \/>\n<input type=\"hidden\" name=\"_wpcf7_unit_tag\" value=\"wpcf7-f9060-o1\" \/>\n<input type=\"hidden\" name=\"_wpcf7_container_post\" value=\"0\" \/>\n<input type=\"hidden\" name=\"_wpcf7_posted_data_hash\" value=\"\" \/>\n<\/div>\n<div class =\"vc_col-sm-4\">\n\t<p><label>DNI\/NIE*<br \/>\n<span class=\"wpcf7-form-control-wrap\" data-name=\"identidad_fr\"><input size=\"40\" maxlength=\"400\" class=\"wpcf7-form-control wpcf7-text wpcf7-validates-as-required\" aria-required=\"true\" aria-invalid=\"false\" value=\"\" type=\"text\" name=\"identidad_fr\" \/><\/span> <\/label>\n\t<\/p>\n<\/div>\n<div class =\"vc_col-sm-4\">\n\t<p><label>Pr\u00e9nom et Nom*<br \/>\n<span class=\"wpcf7-form-control-wrap\" data-name=\"nombre\"><input size=\"40\" maxlength=\"400\" class=\"wpcf7-form-control wpcf7-text wpcf7-validates-as-required\" aria-required=\"true\" aria-invalid=\"false\" value=\"\" type=\"text\" name=\"nombre\" \/><\/span> <\/label>\n\t<\/p>\n<\/div>\n<div class =\"vc_col-sm-4\">\n\t<p><label>Date de naissance*<br \/>\n<span class=\"wpcf7-form-control-wrap\" data-name=\"nacimiento\"><input class=\"wpcf7-form-control wpcf7-date wpcf7-validates-as-required wpcf7-validates-as-date\" aria-required=\"true\" aria-invalid=\"false\" value=\"\" type=\"date\" name=\"nacimiento\" \/><\/span> <\/label>\n\t<\/p>\n<\/div>\n<div class =\"vc_col-sm-4\">\n\t<p><label>E-mail*<br \/>\n<span class=\"wpcf7-form-control-wrap\" data-name=\"email\"><input size=\"40\" maxlength=\"400\" class=\"wpcf7-form-control wpcf7-email wpcf7-validates-as-required wpcf7-text wpcf7-validates-as-email\" aria-required=\"true\" aria-invalid=\"false\" value=\"\" type=\"email\" name=\"email\" \/><\/span> <\/label>\n\t<\/p>\n<\/div>\n<div class =\"vc_col-sm-4\">\n\t<p><label>Profil:* <span class=\"wpcf7-form-control-wrap\" data-name=\"perfil\"><select class=\"wpcf7-form-control wpcf7-select wpcf7-validates-as-required\" aria-required=\"true\" aria-invalid=\"false\" name=\"perfil\"><option value=\"\">&#8212;Por favor, elige una opci\u00f3n&#8212;<\/option><option value=\"Administration et Finances\">Administration et Finances<\/option><option value=\"Ressources Humaines\">Ressources Humaines<\/option><option value=\"Marketing et\/ou Design\">Marketing et\/ou Design<\/option><option value=\"Qualit\u00e9\">Qualit\u00e9<\/option><option value=\"Commercial\">Commercial<\/option><option value=\"Ouvrier d\u2019usine et\/ou entrepot\">Ouvrier d\u2019usine et\/ou entrepot<\/option><option value=\"Technicien de maintenance\">Technicien de maintenance<\/option><option value=\"Technicien (Chimie\/ Pharmacie et similaire)\">Technicien (Chimie\/ Pharmacie et similaire)<\/option><option value=\"Autres\">Autres<\/option><\/select><\/span><\/label>\n\t<\/p>\n<\/div>\n<div class =\"vc_col-sm-4\">\n\t<p><label> Niveau d\u2019\u00e9tudes:* <span class=\"wpcf7-form-control-wrap\" data-name=\"estudios\"><select class=\"wpcf7-form-control wpcf7-select wpcf7-validates-as-required\" aria-required=\"true\" aria-invalid=\"false\" name=\"estudios\"><option value=\"\">&#8212;Por favor, elige una opci\u00f3n&#8212;<\/option><option value=\"Sans \u00e9tudes\">Sans \u00e9tudes<\/option><option value=\"Etudes secondaires\">Etudes secondaires<\/option><option value=\"Baccalaur\u00e9at\">Baccalaur\u00e9at<\/option><option value=\"Formation professionnelle\">Formation professionnelle<\/option><option value=\"Ma\u00eetrise\">Ma\u00eetrise<\/option><option value=\"Licence ou Ing\u00e9nieur\">Licence ou Ing\u00e9nieur<\/option><option value=\"Master\">Master<\/option><\/select><\/span><\/label>\n\t<\/p>\n<\/div>\n<div class =\"vc_col-sm-4\">\n\t<p><label> Permis de conduire:* <span class=\"wpcf7-form-control-wrap\" data-name=\"carnet\"><select class=\"wpcf7-form-control wpcf7-select wpcf7-validates-as-required\" aria-required=\"true\" aria-invalid=\"false\" name=\"carnet\"><option value=\"\">&#8212;Por favor, elige una opci\u00f3n&#8212;<\/option><option value=\"Oui\">Oui<\/option><option value=\"Non\">Non<\/option><\/select><\/span><\/label>\n\t<\/p>\n<\/div>\n<div class =\"vc_col-sm-4\">\n\t<p><label> Permis chariot \u00e9l\u00e9vateur* <span class=\"wpcf7-form-control-wrap\" data-name=\"carretillero\"><select class=\"wpcf7-form-control wpcf7-select wpcf7-validates-as-required\" aria-required=\"true\" aria-invalid=\"false\" name=\"carretillero\"><option value=\"\">&#8212;Por favor, elige una opci\u00f3n&#8212;<\/option><option value=\"Oui\">Oui<\/option><option value=\"Non\">Non<\/option><\/select><\/span><\/label>\n\t<\/p>\n<\/div>\n<div class =\"vc_col-sm-4\">\n\t<p><label> V\u00e9hicul\u00e9:* <span class=\"wpcf7-form-control-wrap\" data-name=\"vehiculo\"><select class=\"wpcf7-form-control wpcf7-select wpcf7-validates-as-required\" aria-required=\"true\" aria-invalid=\"false\" name=\"vehiculo\"><option value=\"\">&#8212;Por favor, elige una opci\u00f3n&#8212;<\/option><option value=\"Oui\">Oui<\/option><option value=\"Non\">Non<\/option><\/select><\/span><\/label>\n\t<\/p>\n<\/div>\n<div class =\"vc_col-sm-4\">\n\t<p><label> Exp\u00e9rience dans un poste similaire:* <span class=\"wpcf7-form-control-wrap\" data-name=\"experiencia\"><select class=\"wpcf7-form-control wpcf7-select wpcf7-validates-as-required\" aria-required=\"true\" aria-invalid=\"false\" name=\"experiencia\"><option value=\"\">&#8212;Por favor, elige una opci\u00f3n&#8212;<\/option><option value=\"Moins de 2 ans\">Moins de 2 ans<\/option><option value=\"2 ans ou plus\">2 ans ou plus<\/option><\/select><\/span><\/label>\n\t<\/p>\n<\/div>\n<div class =\"vc_col-sm-4\">\n\t<p><label> Disponibilit\u00e9 horaire:* <span class=\"wpcf7-form-control-wrap\" data-name=\"disponibilidad\"><select class=\"wpcf7-form-control wpcf7-select wpcf7-validates-as-required\" aria-required=\"true\" aria-invalid=\"false\" name=\"disponibilidad\"><option value=\"\">&#8212;Por favor, elige una opci\u00f3n&#8212;<\/option><option value=\"Matin et apr\u00e8s-midi\">Matin et apr\u00e8s-midi<\/option><option value=\"Nuit\">Nuit<\/option><option value=\"Journ\u00e9e compl\u00e8te\">Journ\u00e9e compl\u00e8te<\/option><\/select><\/span><\/label>\n\t<\/p>\n<\/div>\n<div class =\"vc_col-sm-4\">\n\t<p><label>Province*<br \/>\n<span class=\"wpcf7-form-control-wrap\" data-name=\"provincie\"><input size=\"40\" maxlength=\"400\" class=\"wpcf7-form-control wpcf7-text wpcf7-validates-as-required\" aria-required=\"true\" aria-invalid=\"false\" value=\"\" type=\"text\" name=\"provincie\" \/><\/span> <\/label>\n\t<\/p>\n<\/div>\n<div class =\"vc_col-sm-12\">\n\t<h2>Curr\u00edculum\n\t<\/h2>\n\t<p><label> Joindre CV* Les fichiers joints doivent \u00eatre inf\u00e9rieurs 2 MB (Fichiers permis:\u00a0doc docx txt pdf)<br \/>\n<span class=\"wpcf7-form-control-wrap\" data-name=\"file-cv\"><input size=\"40\" class=\"wpcf7-form-control wpcf7-file\" accept=\".doc,.docx,.pdf,.txt\" aria-invalid=\"false\" type=\"file\" name=\"file-cv\" \/><\/span> <\/label>\n\t<\/p>\n<\/div>\n<div class =\"vc_col-sm-12\">\n\t<h2>Langues:\n\t<\/h2>\n<\/div>\n<div class =\"vc_col-sm-6\">\n\t<p><label> Anglais:* <span class=\"wpcf7-form-control-wrap\" data-name=\"ingles\"><select class=\"wpcf7-form-control wpcf7-select wpcf7-validates-as-required\" aria-required=\"true\" aria-invalid=\"false\" name=\"ingles\"><option value=\"\">&#8212;Por favor, elige una opci\u00f3n&#8212;<\/option><option value=\"A1\">A1<\/option><option value=\"A2\">A2<\/option><option value=\"B1\">B1<\/option><option value=\"B2\">B2<\/option><option value=\"C1\">C1<\/option><option value=\"C2\">C2<\/option><option value=\"Aucun\">Aucun<\/option><\/select><\/span><\/label>\n\t<\/p>\n<\/div>\n<div class =\"vc_col-sm-6\">\n\t<p><label> Certificat:* <span class=\"wpcf7-form-control-wrap\" data-name=\"certificadi_i\"><select class=\"wpcf7-form-control wpcf7-select wpcf7-validates-as-required\" aria-required=\"true\" aria-invalid=\"false\" name=\"certificadi_i\"><option value=\"\">&#8212;Por favor, elige una opci\u00f3n&#8212;<\/option><option value=\"Oui\">Oui<\/option><option value=\"Non\">Non<\/option><\/select><\/span><\/label>\n\t<\/p>\n<\/div>\n<div class =\"vc_col-sm-6\">\n\t<p><label> Fran\u00e7ais:* <span class=\"wpcf7-form-control-wrap\" data-name=\"frances\"><select class=\"wpcf7-form-control wpcf7-select wpcf7-validates-as-required\" aria-required=\"true\" aria-invalid=\"false\" name=\"frances\"><option value=\"\">&#8212;Por favor, elige una opci\u00f3n&#8212;<\/option><option value=\"A1\">A1<\/option><option value=\"A2\">A2<\/option><option value=\"B1\">B1<\/option><option value=\"B2\">B2<\/option><option value=\"C1\">C1<\/option><option value=\"C2\">C2<\/option><option value=\"Aucun\">Aucun<\/option><\/select><\/span><\/label>\n\t<\/p>\n<\/div>\n<div class =\"vc_col-sm-6\">\n\t<p><label> Certificat:* <span class=\"wpcf7-form-control-wrap\" data-name=\"certificadi_f\"><select class=\"wpcf7-form-control wpcf7-select wpcf7-validates-as-required\" aria-required=\"true\" aria-invalid=\"false\" name=\"certificadi_f\"><option value=\"\">&#8212;Por favor, elige una opci\u00f3n&#8212;<\/option><option value=\"Oui\">Oui<\/option><option value=\"Non\">Non<\/option><\/select><\/span><\/label>\n\t<\/p>\n<\/div>\n<div class=\"ac-nota  vc_col-sm-12\">\n\t<p><span class=\"wpcf7-form-control-wrap\" data-name=\"ac-nota\"><span class=\"wpcf7-form-control wpcf7-acceptance\"><span class=\"wpcf7-list-item\"><input type=\"checkbox\" name=\"ac-nota\" value=\"1\" aria-invalid=\"false\" \/><\/span><\/span><\/span><strong>J'ai lu et accept\u00e9 <a href=\"\/fr\/politique-de-confidentialite\/\" target=\"_blank\">la politique de confidentialit\u00e9.<\/a><\/strong>\n\t<\/p>\n<\/div>\n<div class=\"nota vc_col-sm-12\">\n\t<p>QUIMI ROMAR S.L.U. agit en respect de la l\u00e9gislation en vigueur, recueillie dans la Loi Organique 15\/1999, du 13 d\u00e9cembre, sur la Protection des Donn\u00e9es \u00e0 caract\u00e8re Personnel (LOPD), dont l\u2019objectif est de garantir et prot\u00e9ger, en ce qui concerne le traitement des donn\u00e9es personnelles, les libert\u00e9s et les droits fondamentaux des personnes physiques et particuli\u00e8rement leur honneur et leur intimit\u00e9 personnelle.<br \/>\nCes donn\u00e9es \u00e0 caract\u00e8re personnel seront utilis\u00e9es exclusivement \u00e0 des fins de recrutement.\n\t<\/p>\n\t<p>QUIMI ROMAR S.L.U. garantit la confidentialit\u00e9 et s\u00e9curit\u00e9 de vos donn\u00e9es \u00e0 caract\u00e8re personnel, qui ne seront pas c\u00e9d\u00e9es \u00e0 des tiers.<br \/>\nL\u2019utilisateur pourra exercer ses droits reconnus par la LOPD, d\u2019acc\u00e8s, de rectification, d\u2019annulation et d\u2019opposition des donn\u00e9es personnelles. L\u2019ex\u00e9cution de ces droits peut \u00eatre sollicit\u00e9e par ce m\u00eame utilisateur en s\u2019adressant \u00e0 QUIMI ROMAR S.L.U, par le biais de tout mode de contact formellement \u00e9tabli.\n\t<\/p>\n<\/div>\n<p><input class=\"wpcf7-form-control wpcf7-submit has-spinner\" type=\"submit\" value=\"Envoyer\" \/>\n<\/p><p style=\"display: none !important;\" class=\"akismet-fields-container\" data-prefix=\"_wpcf7_ak_\"><label>&#916;<textarea name=\"_wpcf7_ak_hp_textarea\" cols=\"45\" rows=\"8\" maxlength=\"100\"><\/textarea><\/label><input type=\"hidden\" id=\"ak_js_1\" name=\"_wpcf7_ak_js\" value=\"152\"\/><script>document.getElementById( \"ak_js_1\" ).setAttribute( \"value\", ( new Date() ).getTime() );<\/script><\/p><div class=\"wpcf7-response-output\" aria-hidden=\"true\"><\/div>\n<\/form>\n<\/div>\n[\/vc_column][\/vc_row]<\/p><\/section>","protected":false},"excerpt":{"rendered":"<p><span class=\"excerpt-hellip\"> [\u2026]<\/span><\/p>","protected":false},"author":2,"featured_media":0,"parent":0,"menu_order":0,"comment_status":"closed","ping_status":"closed","template":"","meta":{"footnotes":""},"class_list":["post-9065","page","type-page","status-publish","hentry"],"yoast_head":"<!-- This site is optimized with the Yoast SEO plugin v25.2 - https:\/\/yoast.com\/wordpress\/plugins\/seo\/ -->\n<title>Rejoignez-nous - Quimi Romar<\/title>\n<meta name=\"robots\" content=\"noindex, nofollow\" \/>\n<meta property=\"og:locale\" content=\"fr_FR\" \/>\n<meta property=\"og:type\" content=\"article\" \/>\n<meta property=\"og:title\" content=\"Rejoignez-nous - Quimi Romar\" \/>\n<meta property=\"og:description\" content=\"[\u2026]\" \/>\n<meta property=\"og:url\" content=\"https:\/\/quimiromar.com\/fr\/rejoignez-nous\/\" \/>\n<meta property=\"og:site_name\" content=\"Quimi Romar\" \/>\n<meta property=\"article:modified_time\" content=\"2017-12-11T09:07:54+00:00\" \/>\n<meta name=\"twitter:card\" content=\"summary_large_image\" \/>\n<meta name=\"twitter:label1\" content=\"Dur\u00e9e de lecture estim\u00e9e\" \/>\n\t<meta name=\"twitter:data1\" content=\"1 minute\" \/>\n<script type=\"application\/ld+json\" class=\"yoast-schema-graph\">{\"@context\":\"https:\/\/schema.org\",\"@graph\":[{\"@type\":\"WebPage\",\"@id\":\"https:\/\/quimiromar.com\/fr\/rejoignez-nous\/\",\"url\":\"https:\/\/quimiromar.com\/fr\/rejoignez-nous\/\",\"name\":\"Rejoignez-nous - Quimi Romar\",\"isPartOf\":{\"@id\":\"https:\/\/quimiromar.com\/fr\/#website\"},\"datePublished\":\"2017-11-28T17:27:24+00:00\",\"dateModified\":\"2017-12-11T09:07:54+00:00\",\"breadcrumb\":{\"@id\":\"https:\/\/quimiromar.com\/fr\/rejoignez-nous\/#breadcrumb\"},\"inLanguage\":\"fr-FR\",\"potentialAction\":[{\"@type\":\"ReadAction\",\"target\":[\"https:\/\/quimiromar.com\/fr\/rejoignez-nous\/\"]}]},{\"@type\":\"BreadcrumbList\",\"@id\":\"https:\/\/quimiromar.com\/fr\/rejoignez-nous\/#breadcrumb\",\"itemListElement\":[{\"@type\":\"ListItem\",\"position\":1,\"name\":\"Home\",\"item\":\"https:\/\/quimiromar.com\/fr\/\"},{\"@type\":\"ListItem\",\"position\":2,\"name\":\"Rejoignez-nous\"}]},{\"@type\":\"WebSite\",\"@id\":\"https:\/\/quimiromar.com\/fr\/#website\",\"url\":\"https:\/\/quimiromar.com\/fr\/\",\"name\":\"Quimi Romar\",\"description\":\"Droguer\u00eda, perfumer\u00eda y cosm\u00e9tica\",\"publisher\":{\"@id\":\"https:\/\/quimiromar.com\/fr\/#organization\"},\"potentialAction\":[{\"@type\":\"SearchAction\",\"target\":{\"@type\":\"EntryPoint\",\"urlTemplate\":\"https:\/\/quimiromar.com\/fr\/?s={search_term_string}\"},\"query-input\":{\"@type\":\"PropertyValueSpecification\",\"valueRequired\":true,\"valueName\":\"search_term_string\"}}],\"inLanguage\":\"fr-FR\"},{\"@type\":\"Organization\",\"@id\":\"https:\/\/quimiromar.com\/fr\/#organization\",\"name\":\"Quimi Romar\",\"url\":\"https:\/\/quimiromar.com\/fr\/\",\"logo\":{\"@type\":\"ImageObject\",\"inLanguage\":\"fr-FR\",\"@id\":\"https:\/\/quimiromar.com\/fr\/#\/schema\/logo\/image\/\",\"url\":\"\",\"contentUrl\":\"\",\"caption\":\"Quimi Romar\"},\"image\":{\"@id\":\"https:\/\/quimiromar.com\/fr\/#\/schema\/logo\/image\/\"}}]}<\/script>\n<!-- \/ Yoast SEO plugin. -->","yoast_head_json":{"title":"Rejoignez-nous - Quimi Romar","robots":{"index":"noindex","follow":"nofollow"},"og_locale":"fr_FR","og_type":"article","og_title":"Rejoignez-nous - Quimi Romar","og_description":"[\u2026]","og_url":"https:\/\/quimiromar.com\/fr\/rejoignez-nous\/","og_site_name":"Quimi Romar","article_modified_time":"2017-12-11T09:07:54+00:00","twitter_card":"summary_large_image","twitter_misc":{"Dur\u00e9e de lecture estim\u00e9e":"1 minute"},"schema":{"@context":"https:\/\/schema.org","@graph":[{"@type":"WebPage","@id":"https:\/\/quimiromar.com\/fr\/rejoignez-nous\/","url":"https:\/\/quimiromar.com\/fr\/rejoignez-nous\/","name":"Rejoignez-nous - Quimi Romar","isPartOf":{"@id":"https:\/\/quimiromar.com\/fr\/#website"},"datePublished":"2017-11-28T17:27:24+00:00","dateModified":"2017-12-11T09:07:54+00:00","breadcrumb":{"@id":"https:\/\/quimiromar.com\/fr\/rejoignez-nous\/#breadcrumb"},"inLanguage":"fr-FR","potentialAction":[{"@type":"ReadAction","target":["https:\/\/quimiromar.com\/fr\/rejoignez-nous\/"]}]},{"@type":"BreadcrumbList","@id":"https:\/\/quimiromar.com\/fr\/rejoignez-nous\/#breadcrumb","itemListElement":[{"@type":"ListItem","position":1,"name":"Home","item":"https:\/\/quimiromar.com\/fr\/"},{"@type":"ListItem","position":2,"name":"Rejoignez-nous"}]},{"@type":"WebSite","@id":"https:\/\/quimiromar.com\/fr\/#website","url":"https:\/\/quimiromar.com\/fr\/","name":"Quimi Romar","description":"Droguer\u00eda, perfumer\u00eda y cosm\u00e9tica","publisher":{"@id":"https:\/\/quimiromar.com\/fr\/#organization"},"potentialAction":[{"@type":"SearchAction","target":{"@type":"EntryPoint","urlTemplate":"https:\/\/quimiromar.com\/fr\/?s={search_term_string}"},"query-input":{"@type":"PropertyValueSpecification","valueRequired":true,"valueName":"search_term_string"}}],"inLanguage":"fr-FR"},{"@type":"Organization","@id":"https:\/\/quimiromar.com\/fr\/#organization","name":"Quimi Romar","url":"https:\/\/quimiromar.com\/fr\/","logo":{"@type":"ImageObject","inLanguage":"fr-FR","@id":"https:\/\/quimiromar.com\/fr\/#\/schema\/logo\/image\/","url":"","contentUrl":"","caption":"Quimi Romar"},"image":{"@id":"https:\/\/quimiromar.com\/fr\/#\/schema\/logo\/image\/"}}]}},"_links":{"self":[{"href":"https:\/\/quimiromar.com\/fr\/wp-json\/wp\/v2\/pages\/9065","targetHints":{"allow":["GET"]}}],"collection":[{"href":"https:\/\/quimiromar.com\/fr\/wp-json\/wp\/v2\/pages"}],"about":[{"href":"https:\/\/quimiromar.com\/fr\/wp-json\/wp\/v2\/types\/page"}],"author":[{"embeddable":true,"href":"https:\/\/quimiromar.com\/fr\/wp-json\/wp\/v2\/users\/2"}],"replies":[{"embeddable":true,"href":"https:\/\/quimiromar.com\/fr\/wp-json\/wp\/v2\/comments?post=9065"}],"version-history":[{"count":4,"href":"https:\/\/quimiromar.com\/fr\/wp-json\/wp\/v2\/pages\/9065\/revisions"}],"predecessor-version":[{"id":9104,"href":"https:\/\/quimiromar.com\/fr\/wp-json\/wp\/v2\/pages\/9065\/revisions\/9104"}],"wp:attachment":[{"href":"https:\/\/quimiromar.com\/fr\/wp-json\/wp\/v2\/media?parent=9065"}],"curies":[{"name":"wp","href":"https:\/\/api.w.org\/{rel}","templated":true}]}}