{"id":8750,"date":"2017-10-08T14:11:31","date_gmt":"2017-10-08T13:11:31","guid":{"rendered":"https:\/\/www.quimiromar.com\/?page_id=8750"},"modified":"2017-10-09T09:29:11","modified_gmt":"2017-10-09T08:29:11","slug":"informations","status":"publish","type":"page","link":"https:\/\/quimiromar.com\/fr\/informations\/","title":{"rendered":"Informations"},"content":{"rendered":"<section class=\"wpb-content-wrapper\"><p>[vc_row el_id=\u00a0\u00bbheader-blog\u00a0\u00bb][vc_column][vc_basic_grid post_type=\u00a0\u00bbpost\u00a0\u00bb max_items=\u00a0\u00bb1&Prime; element_width=\u00a0\u00bb12&Prime; item=\u00a0\u00bb8738&Prime; grid_id=\u00a0\u00bbvc_gid:1507487796816-d901d52e-a771-0&Prime;][\/vc_column][\/vc_row][vc_row el_id=\u00a0\u00bbposts-blog\u00a0\u00bb][vc_column][vc_basic_grid post_type=\u00a0\u00bbpost\u00a0\u00bb max_items=\u00a0\u00bb-1&Prime; style=\u00a0\u00bbload-more\u00a0\u00bb items_per_page=\u00a0\u00bb6&Prime; item=\u00a0\u00bb8742&Prime; grid_id=\u00a0\u00bbvc_gid:1507487796819-e31e9a2d-f7f9-5&Prime; offset=\u00a0\u00bb1&Prime; el_class=\u00a0\u00bbblog-posts\u00a0\u00bb][\/vc_column][\/vc_row]<\/p><\/section>","protected":false},"excerpt":{"rendered":"<p><span class=\"excerpt-hellip\"> [\u2026]<\/span><\/p>","protected":false},"author":2,"featured_media":0,"parent":0,"menu_order":0,"comment_status":"closed","ping_status":"closed","template":"","meta":{"footnotes":""},"class_list":["post-8750","page","type-page","status-publish","hentry"],"yoast_head":"<!-- This site is optimized with the Yoast SEO plugin v25.2 - https:\/\/yoast.com\/wordpress\/plugins\/seo\/ -->\n<title>Informations - Quimi Romar<\/title>\n<meta name=\"robots\" content=\"index, follow, max-snippet:-1, max-image-preview:large, max-video-preview:-1\" \/>\n<link rel=\"canonical\" href=\"https:\/\/quimiromar.com\/fr\/informations\/\" \/>\n<meta property=\"og:locale\" content=\"fr_FR\" \/>\n<meta property=\"og:type\" content=\"article\" \/>\n<meta property=\"og:title\" content=\"Informations - Quimi Romar\" \/>\n<meta property=\"og:description\" content=\"[\u2026]\" \/>\n<meta property=\"og:url\" content=\"https:\/\/quimiromar.com\/fr\/informations\/\" \/>\n<meta property=\"og:site_name\" content=\"Quimi Romar\" \/>\n<meta property=\"article:modified_time\" content=\"2017-10-09T08:29:11+00:00\" \/>\n<meta name=\"twitter:card\" content=\"summary_large_image\" \/>\n<script type=\"application\/ld+json\" class=\"yoast-schema-graph\">{\"@context\":\"https:\/\/schema.org\",\"@graph\":[{\"@type\":\"WebPage\",\"@id\":\"https:\/\/quimiromar.com\/fr\/informations\/\",\"url\":\"https:\/\/quimiromar.com\/fr\/informations\/\",\"name\":\"Informations - Quimi Romar\",\"isPartOf\":{\"@id\":\"https:\/\/quimiromar.com\/fr\/#website\"},\"datePublished\":\"2017-10-08T13:11:31+00:00\",\"dateModified\":\"2017-10-09T08:29:11+00:00\",\"breadcrumb\":{\"@id\":\"https:\/\/quimiromar.com\/fr\/informations\/#breadcrumb\"},\"inLanguage\":\"fr-FR\",\"potentialAction\":[{\"@type\":\"ReadAction\",\"target\":[\"https:\/\/quimiromar.com\/fr\/informations\/\"]}]},{\"@type\":\"BreadcrumbList\",\"@id\":\"https:\/\/quimiromar.com\/fr\/informations\/#breadcrumb\",\"itemListElement\":[{\"@type\":\"ListItem\",\"position\":1,\"name\":\"Home\",\"item\":\"https:\/\/quimiromar.com\/fr\/\"},{\"@type\":\"ListItem\",\"position\":2,\"name\":\"Informations\"}]},{\"@type\":\"WebSite\",\"@id\":\"https:\/\/quimiromar.com\/fr\/#website\",\"url\":\"https:\/\/quimiromar.com\/fr\/\",\"name\":\"Quimi Romar\",\"description\":\"Droguer\u00eda, perfumer\u00eda y cosm\u00e9tica\",\"publisher\":{\"@id\":\"https:\/\/quimiromar.com\/fr\/#organization\"},\"potentialAction\":[{\"@type\":\"SearchAction\",\"target\":{\"@type\":\"EntryPoint\",\"urlTemplate\":\"https:\/\/quimiromar.com\/fr\/?s={search_term_string}\"},\"query-input\":{\"@type\":\"PropertyValueSpecification\",\"valueRequired\":true,\"valueName\":\"search_term_string\"}}],\"inLanguage\":\"fr-FR\"},{\"@type\":\"Organization\",\"@id\":\"https:\/\/quimiromar.com\/fr\/#organization\",\"name\":\"Quimi Romar\",\"url\":\"https:\/\/quimiromar.com\/fr\/\",\"logo\":{\"@type\":\"ImageObject\",\"inLanguage\":\"fr-FR\",\"@id\":\"https:\/\/quimiromar.com\/fr\/#\/schema\/logo\/image\/\",\"url\":\"\",\"contentUrl\":\"\",\"caption\":\"Quimi Romar\"},\"image\":{\"@id\":\"https:\/\/quimiromar.com\/fr\/#\/schema\/logo\/image\/\"}}]}<\/script>\n<!-- \/ Yoast SEO plugin. -->","yoast_head_json":{"title":"Informations - Quimi Romar","robots":{"index":"index","follow":"follow","max-snippet":"max-snippet:-1","max-image-preview":"max-image-preview:large","max-video-preview":"max-video-preview:-1"},"canonical":"https:\/\/quimiromar.com\/fr\/informations\/","og_locale":"fr_FR","og_type":"article","og_title":"Informations - Quimi Romar","og_description":"[\u2026]","og_url":"https:\/\/quimiromar.com\/fr\/informations\/","og_site_name":"Quimi Romar","article_modified_time":"2017-10-09T08:29:11+00:00","twitter_card":"summary_large_image","schema":{"@context":"https:\/\/schema.org","@graph":[{"@type":"WebPage","@id":"https:\/\/quimiromar.com\/fr\/informations\/","url":"https:\/\/quimiromar.com\/fr\/informations\/","name":"Informations - Quimi Romar","isPartOf":{"@id":"https:\/\/quimiromar.com\/fr\/#website"},"datePublished":"2017-10-08T13:11:31+00:00","dateModified":"2017-10-09T08:29:11+00:00","breadcrumb":{"@id":"https:\/\/quimiromar.com\/fr\/informations\/#breadcrumb"},"inLanguage":"fr-FR","potentialAction":[{"@type":"ReadAction","target":["https:\/\/quimiromar.com\/fr\/informations\/"]}]},{"@type":"BreadcrumbList","@id":"https:\/\/quimiromar.com\/fr\/informations\/#breadcrumb","itemListElement":[{"@type":"ListItem","position":1,"name":"Home","item":"https:\/\/quimiromar.com\/fr\/"},{"@type":"ListItem","position":2,"name":"Informations"}]},{"@type":"WebSite","@id":"https:\/\/quimiromar.com\/fr\/#website","url":"https:\/\/quimiromar.com\/fr\/","name":"Quimi Romar","description":"Droguer\u00eda, perfumer\u00eda y cosm\u00e9tica","publisher":{"@id":"https:\/\/quimiromar.com\/fr\/#organization"},"potentialAction":[{"@type":"SearchAction","target":{"@type":"EntryPoint","urlTemplate":"https:\/\/quimiromar.com\/fr\/?s={search_term_string}"},"query-input":{"@type":"PropertyValueSpecification","valueRequired":true,"valueName":"search_term_string"}}],"inLanguage":"fr-FR"},{"@type":"Organization","@id":"https:\/\/quimiromar.com\/fr\/#organization","name":"Quimi Romar","url":"https:\/\/quimiromar.com\/fr\/","logo":{"@type":"ImageObject","inLanguage":"fr-FR","@id":"https:\/\/quimiromar.com\/fr\/#\/schema\/logo\/image\/","url":"","contentUrl":"","caption":"Quimi Romar"},"image":{"@id":"https:\/\/quimiromar.com\/fr\/#\/schema\/logo\/image\/"}}]}},"_links":{"self":[{"href":"https:\/\/quimiromar.com\/fr\/wp-json\/wp\/v2\/pages\/8750","targetHints":{"allow":["GET"]}}],"collection":[{"href":"https:\/\/quimiromar.com\/fr\/wp-json\/wp\/v2\/pages"}],"about":[{"href":"https:\/\/quimiromar.com\/fr\/wp-json\/wp\/v2\/types\/page"}],"author":[{"embeddable":true,"href":"https:\/\/quimiromar.com\/fr\/wp-json\/wp\/v2\/users\/2"}],"replies":[{"embeddable":true,"href":"https:\/\/quimiromar.com\/fr\/wp-json\/wp\/v2\/comments?post=8750"}],"version-history":[{"count":1,"href":"https:\/\/quimiromar.com\/fr\/wp-json\/wp\/v2\/pages\/8750\/revisions"}],"predecessor-version":[{"id":8751,"href":"https:\/\/quimiromar.com\/fr\/wp-json\/wp\/v2\/pages\/8750\/revisions\/8751"}],"wp:attachment":[{"href":"https:\/\/quimiromar.com\/fr\/wp-json\/wp\/v2\/media?parent=8750"}],"curies":[{"name":"wp","href":"https:\/\/api.w.org\/{rel}","templated":true}]}}