{"id":8522,"date":"2017-04-04T14:28:38","date_gmt":"2017-04-04T13:28:38","guid":{"rendered":"https:\/\/www.quimiromar.com\/empresa\/"},"modified":"2017-10-24T12:41:19","modified_gmt":"2017-10-24T11:41:19","slug":"societe","status":"publish","type":"page","link":"https:\/\/quimiromar.com\/fr\/societe\/","title":{"rendered":"Soci\u00e9t\u00e9"},"content":{"rendered":"<section class=\"wpb-content-wrapper\"><p>[vc_row full_width=\u00a0\u00bbstretch_row\u00a0\u00bb content_placement=\u00a0\u00bbmiddle\u00a0\u00bb el_id=\u00a0\u00bbheader-empresa\u00a0\u00bb css=\u00a0\u00bb.vc_custom_1506428050955{background-image: url(https:\/\/quimiromar.com\/wp-content\/uploads\/empresa-bg-2.jpg?id=5386) !important;background-position: center !important;background-repeat: no-repeat !important;background-size: cover !important;}\u00a0\u00bb][vc_column][vc_column_text el_class=\u00a0\u00bbtitle\u00a0\u00bb]<\/p>\n<h1>BIENVENUE DANS NOTRE ENTREPRISE<\/h1>\n<p><a class=\"bt-white vp-a\" href=\"https:\/\/www.youtube.com\/watch?v=PWRv34YBr8E\" target=\"_blank\" rel=\"noopener\">VOIR VID\u00c9O<\/a><\/p>\n<p>[\/vc_column_text][\/vc_column][\/vc_row][vc_row full_width=\u00a0\u00bbstretch_row\u00a0\u00bb el_id=\u00a0\u00bbempresa-info\u00a0\u00bb][vc_column width=\u00a0\u00bb1\/3&Prime;][vc_column_text el_class=\u00a0\u00bbicon-empresa\u00a0\u00bb]<img decoding=\"async\" src=\"https:\/\/quimiromar.com\/wp-content\/uploads\/1968.svg\" \/>[\/vc_column_text][vc_column_text]Fond\u00e9e\u00a0\u00a0en 1968, Quimi Romar est une entreprise\u00a0puissante,\u00a050 ans d\u2019exp\u00e9rience consacr\u00e9e\u00a0\u00e0 tout l\u2019\u00e9ventail du secteur de la droguerie et\u00a0dela parfumerie.<\/p>\n<p>Quimi Romar est n\u00e9e comme une entreprise familiale et, avec le temps, elle est devenue une grande compagnie avec plus de 250 salari\u00e9s[\/vc_column_text][\/vc_column][vc_column width=\u00a0\u00bb1\/3&Prime;][vc_column_text el_class=\u00a0\u00bbicon-empresa\u00a0\u00bb]<img decoding=\"async\" src=\"https:\/\/quimiromar.com\/wp-content\/uploads\/70_fr.svg\" \/>[\/vc_column_text][vc_column_text]Pendant toute cette p\u00e9riode le groupe a \u00e9volu\u00e9 et a grandi de la main de grands professionnels, \u00e9tant conscient de la n\u00e9cessit\u00e9 de s\u2019adapter \u00e0 chaque nouveau sc\u00e9nario qu\u2019il a rencontr\u00e9.<\/p>\n<p>Quimi Romar est actuellement une entreprise de r\u00e9f\u00e9rence sur le march\u00e9 au niveau mondial et nos produits sont utilis\u00e9s quotidiennement dans plus de 70 pays dans le monde.[\/vc_column_text][\/vc_column][vc_column width=\u00a0\u00bb1\/3&Prime;][vc_column_text el_class=\u00a0\u00bbicon-empresa\u00a0\u00bb]<img decoding=\"async\" src=\"https:\/\/quimiromar.com\/wp-content\/uploads\/800skus_multi.svg\" \/>[\/vc_column_text][vc_column_text]Nous proposons un catalogue de plus de 800 r\u00e9f\u00e9rences r\u00e9parties dans pr\u00e8s de 40 cat\u00e9gories diff\u00e9rentes\u00a0de\u00a0droguerie et\u00a0de\u00a0parfumerie. Avec nos propres marques : Amalfi, Romar, Yuki, Garley ou Destello\u00a0quisont depuis longtemps des marques de r\u00e9f\u00e9rence dans le march\u00e9 de la droguerie et\u00a0de l\u2019hygi\u00e8ne personnelle,\u00a0nous proposons un\u00a0vaste catalogue de produits couvrant\u00a0pratiquement\u00a0tous les besoins de la maison et l\u2019hygi\u00e8ne quotidienne de chaque personne.[\/vc_column_text][\/vc_column][\/vc_row][vc_row full_width=\u00a0\u00bbstretch_row\u00a0\u00bb el_id=\u00a0\u00bbquienes-somos\u00a0\u00bb css=\u00a0\u00bb.vc_custom_1506957510160{background: #ffffff url(https:\/\/quimiromar.com\/wp-content\/uploads\/bg-quienes-somos-2.jpg?id=8439) !important;background-position: center !important;background-repeat: no-repeat !important;background-size: cover !important;}\u00a0\u00bb][vc_column width=\u00a0\u00bb1\/2&Prime;][vc_column_text]<\/p>\n<h2>QUI SOMMES-NOUS<\/h2>\n<p>Chez Quimi Romar\u00a0nous y travaillons\u00a0le d\u00e9veloppement, la production et la distribution de tous\u00a0les\u00a0produits de droguerie, parfumerie et cosm\u00e9tique.<\/p>\n<p>Nous sommes \u00e9galement de grands sp\u00e9cialistes\u00a0du\u00a0remplissage des a\u00e9rosols de toutes sortes, et nous poss\u00e9dons des installations de salle blanche.\u00a0Nous prenons\u00a0en charge l\u2019ensemble du processus, depuis la conception du produit\u00a0au\u00a0d\u00e9veloppement de sa formule jusqu\u2019\u00e0 sa fabrication\u00a0et\u00a0son emballage\u00a0mais \u00e9galement\u00a0sa vente et promotion ult\u00e9rieures.<\/p>\n<p>L\u2019un des points forts de Quimi Romar est sa polyvalence, qui se refl\u00e8te dans l&rsquo;approche constante multicanal et globale. Notre \u00e9quipe et notre portefeuille sommes habitu\u00e9s \u00e0 nous adapter \u00e0 diff\u00e9rents canaux et environnements, du d\u00e9taillant traditionnel aux grandes cha\u00eenes de distribution, grossistes ou importateurs. Nous offrons des r\u00e9ponses innovantes face aux projets de nos clients qui assurent un r\u00e9sultat r\u00e9ussi.[\/vc_column_text][\/vc_column][vc_column width=\u00a0\u00bb1\/2&Prime;][\/vc_column][\/vc_row][vc_row full_width=\u00a0\u00bbstretch_row\u00a0\u00bb el_id=\u00a0\u00bbnuestras-instalaciones\u00a0\u00bb css=\u00a0\u00bb.vc_custom_1506959901670{background-image: url(https:\/\/quimiromar.com\/wp-content\/uploads\/instalaciones-bg.jpg?id=8495) !important;background-position: center !important;background-repeat: no-repeat !important;background-size: cover !important;}\u00a0\u00bb][vc_column][vc_column_text el_class=\u00a0\u00bbni-container\u00a0\u00bb]<\/p>\n<h2>NOS INSTALLATIONS<\/h2>\n<p>Quimi Romar est situ\u00e9 \u00e0 Valence, en pleine c\u00f4te m\u00e9diterran\u00e9enne, un emplacement strat\u00e9gique pour le transport aussi bien maritime que terrestre.\u00a0Nous disposons\u00a0d\u2019infrastructures de 40 000 m2, dont 25 000 m2\u00a0qui\u00a0sont destin\u00e9s \u00e0 des installations : bureau central, usine de formulation, usine d\u2019emballage et\u00a0notre propre\u00a0usine\u00a0de fabrication d\u2019emballages en plastique (PE et PET).<\/p>\n<p>Notre entrep\u00f4t de mati\u00e8res premi\u00e8res occupe 9 000 m2, avec 2 parcs de stockage de produits chimiques, l\u2019un pour\u00a0les\u00a0Tensioactifs\u00a0et\u00a0 l\u2019autre pour\u00a0les\u00a0produits inflammables.\u00a0Nous\u00a0disposons\u00a0de 2 entrep\u00f4ts logistiques qui ont \u00e9t\u00e9 inaugur\u00e9s en 2010, abritant 12 000 palettes de produit fini.[\/vc_column_text][\/vc_column][\/vc_row][vc_row full_width=\u00a0\u00bbstretch_row\u00a0\u00bb el_id=\u00a0\u00bbempresa-bottom\u00a0\u00bb css=\u00a0\u00bb.vc_custom_1506960052162{background-image: url(https:\/\/quimiromar.com\/wp-content\/uploads\/empresa-bottom-bg.jpg?id=8499) !important;background-position: center !important;background-repeat: no-repeat !important;background-size: cover !important;}\u00a0\u00bb][vc_column width=\u00a0\u00bb1\/2&Prime;][vc_column_text]<img decoding=\"async\" src=\"https:\/\/quimiromar.com\/wp-content\/uploads\/ic_calidad.svg\" \/>[\/vc_column_text][vc_column_text]<\/p>\n<h2>EXCELLENCE EN QUALIT\u00c9<\/h2>\n<p>Quimi Romar a implant\u00e9 et conserve un Syst\u00e8me de Gestion de\u00a0Qualit\u00e9 conforme \u00e0 la norme UNE-EN ISO 9001:2015 qui certifie l\u2019ensemble du processus de production et de gestion de l\u2019entreprise et qui tient compte de l\u2019ensemble des parties int\u00e9ress\u00e9es de notre activit\u00e9.<\/p>\n<p>Nous remplissons\u00a0\u00e9galement les\u00a0normes de\u00a0Bonnes Pratiques de Fabrication (BPF) pour la fabrication et l\u2019emballage particulier de nos produits cosm\u00e9tiques,\u00a0il y a un engagement ferme pour mettre\u00a0en \u0153uvretoutes les mesures existantes.[\/vc_column_text][\/vc_column][vc_column width=\u00a0\u00bb1\/2&Prime;][vc_column_text]<img decoding=\"async\" src=\"https:\/\/quimiromar.com\/wp-content\/uploads\/ic_innovacion.svg\" \/>[\/vc_column_text][vc_column_text]<\/p>\n<h2>PASSION PAR R+D+i<\/h2>\n<p>Chez Quimi Romar\u00a0nous sommes\u00a0persuad\u00e9s que le pari pour la R+D+I (Recherche, D\u00e9veloppement et Innovation) est la bonne voie pour fournir \u00e0 nos clients les produits les plus appropri\u00e9s pour chacun des march\u00e9s.<\/p>\n<p>Notre activit\u00e9 est centr\u00e9e sur deux aires sp\u00e9cifiques.<\/p>\n<p>D&rsquo;une part,\u00a0le fait de\u00a0cr\u00e9er et d\u00e9velopper de nouveaux produits, transf\u00e9rer sur le march\u00e9 les derniers progr\u00e8s en R+D+I d\u2019une mani\u00e8re attrayante et commercialement efficace.\u00a0D&rsquo;autre part, optimiser les co\u00fbts et la fonctionnalit\u00e9 des r\u00e9f\u00e9rences d\u00e9j\u00e0 commercialis\u00e9es afin de continuer \u00e0 offrir \u00e0 nos clients des produits efficaces et comp\u00e9titifs[\/vc_column_text][\/vc_column][\/vc_row][vc_row full_width=\u00a0\u00bbstretch_row\u00a0\u00bb el_id=\u00a0\u00bbempresa-crecimiento\u00a0\u00bb][vc_column][vc_column_text el_class=\u00a0\u00bbci-container\u00a0\u00bb]<\/p>\n<h2>CROISSANCE DURABLE<\/h2>\n<p>L\u2019un de nos engagements est d\u2019\u00eatre toujours respectueux de l\u2019environnement, travaillant donc pour r\u00e9duire l\u2019impact environnemental de nos processus, nos produits et nos activit\u00e9s moyennant tout un syst\u00e8me de gestion. Nous sommes\u00a0membre de plusieurs associations li\u00e9es \u00e0 notre activit\u00e9 et\u00a0sommes\u00a0engag\u00e9s\u00a0avec leurs statuts, ce qui nous permet d\u2019\u00eatre \u00e0 jour \u00e0 tout moment pour ce qui est des nouveaut\u00e9s l\u00e9gales et sectorielles\u00a0qui nous affectent.<\/p>\n<p>Notre Syst\u00e8me de Gestion Environnemental fournit aussi bien \u00e0 nos clients et consommateurs qu\u2019en interne, la confiance\u00a0et la certitude\u00a0quele\u00a0GROUPE\u00a0ROMAR contribue \u00e0 la protection et la durabilit\u00e9 de l\u2019environnement.[\/vc_column_text][vc_row_inner][vc_column_inner width=\u00a0\u00bb1\/3&Prime;][vc_column_text el_class=\u00a0\u00bbicon-empresa\u00a0\u00bb]<a href=\"http:\/\/www.adelma.es\/empresas-miembro-4\" target=\"_blank\" rel=\"noopener\"><img decoding=\"async\" src=\"https:\/\/quimiromar.com\/wp-content\/uploads\/adelma-1.svg\" \/><\/a>[\/vc_column_text][\/vc_column_inner][vc_column_inner width=\u00a0\u00bb1\/3&Prime;][vc_column_text el_class=\u00a0\u00bbicon-empresa\u00a0\u00bb]<a href=\"http:\/\/aeda.org\/listado-de-socios\/?w2dc_action=search&amp;search_category=0&amp;what_search=QUIMI+ROMAR&amp;search_location=0&amp;where_search=&amp;submit=Buscar\" target=\"_blank\" rel=\"noopener\"><img decoding=\"async\" src=\"https:\/\/quimiromar.com\/wp-content\/uploads\/aeda-1.svg\" \/><\/a>[\/vc_column_text][\/vc_column_inner][vc_column_inner width=\u00a0\u00bb1\/3&Prime;][vc_column_text el_class=\u00a0\u00bbicon-empresa\u00a0\u00bb]<a href=\"http:\/\/www.quimacova.org\/asociados.php\" target=\"_blank\" rel=\"noopener\"><img decoding=\"async\" src=\"https:\/\/quimiromar.com\/wp-content\/uploads\/quimacova.svg\" \/><\/a>[\/vc_column_text][\/vc_column_inner][\/vc_row_inner][\/vc_column][\/vc_row]<\/p><\/section>","protected":false},"excerpt":{"rendered":"<p><span class=\"excerpt-hellip\"> [\u2026]<\/span><\/p>","protected":false},"author":2,"featured_media":0,"parent":0,"menu_order":0,"comment_status":"closed","ping_status":"closed","template":"","meta":{"footnotes":""},"class_list":["post-8522","page","type-page","status-publish","hentry"],"yoast_head":"<!-- This site is optimized with the Yoast SEO plugin v25.2 - https:\/\/yoast.com\/wordpress\/plugins\/seo\/ -->\n<title>Soci\u00e9t\u00e9 - Quimi Romar<\/title>\n<meta name=\"robots\" content=\"index, follow, max-snippet:-1, max-image-preview:large, max-video-preview:-1\" \/>\n<link rel=\"canonical\" href=\"https:\/\/quimiromar.com\/fr\/societe\/\" \/>\n<meta property=\"og:locale\" content=\"fr_FR\" \/>\n<meta property=\"og:type\" content=\"article\" \/>\n<meta property=\"og:title\" content=\"Soci\u00e9t\u00e9 - Quimi Romar\" \/>\n<meta property=\"og:description\" content=\"[\u2026]\" \/>\n<meta property=\"og:url\" content=\"https:\/\/quimiromar.com\/fr\/societe\/\" \/>\n<meta property=\"og:site_name\" content=\"Quimi Romar\" \/>\n<meta property=\"article:modified_time\" content=\"2017-10-24T11:41:19+00:00\" \/>\n<meta property=\"og:image\" content=\"https:\/\/quimiromar.com\/wp-content\/uploads\/1968.svg\" \/>\n<meta name=\"twitter:card\" content=\"summary_large_image\" \/>\n<meta name=\"twitter:label1\" content=\"Dur\u00e9e de lecture estim\u00e9e\" \/>\n\t<meta name=\"twitter:data1\" content=\"6 minutes\" \/>\n<script type=\"application\/ld+json\" class=\"yoast-schema-graph\">{\"@context\":\"https:\/\/schema.org\",\"@graph\":[{\"@type\":\"WebPage\",\"@id\":\"https:\/\/quimiromar.com\/fr\/societe\/\",\"url\":\"https:\/\/quimiromar.com\/fr\/societe\/\",\"name\":\"Soci\u00e9t\u00e9 - Quimi Romar\",\"isPartOf\":{\"@id\":\"https:\/\/quimiromar.com\/fr\/#website\"},\"primaryImageOfPage\":{\"@id\":\"https:\/\/quimiromar.com\/fr\/societe\/#primaryimage\"},\"image\":{\"@id\":\"https:\/\/quimiromar.com\/fr\/societe\/#primaryimage\"},\"thumbnailUrl\":\"https:\/\/quimiromar.com\/wp-content\/uploads\/1968.svg\",\"datePublished\":\"2017-04-04T13:28:38+00:00\",\"dateModified\":\"2017-10-24T11:41:19+00:00\",\"breadcrumb\":{\"@id\":\"https:\/\/quimiromar.com\/fr\/societe\/#breadcrumb\"},\"inLanguage\":\"fr-FR\",\"potentialAction\":[{\"@type\":\"ReadAction\",\"target\":[\"https:\/\/quimiromar.com\/fr\/societe\/\"]}]},{\"@type\":\"ImageObject\",\"inLanguage\":\"fr-FR\",\"@id\":\"https:\/\/quimiromar.com\/fr\/societe\/#primaryimage\",\"url\":\"https:\/\/quimiromar.com\/wp-content\/uploads\/1968.svg\",\"contentUrl\":\"https:\/\/quimiromar.com\/wp-content\/uploads\/1968.svg\"},{\"@type\":\"BreadcrumbList\",\"@id\":\"https:\/\/quimiromar.com\/fr\/societe\/#breadcrumb\",\"itemListElement\":[{\"@type\":\"ListItem\",\"position\":1,\"name\":\"Home\",\"item\":\"https:\/\/quimiromar.com\/fr\/\"},{\"@type\":\"ListItem\",\"position\":2,\"name\":\"Soci\u00e9t\u00e9\"}]},{\"@type\":\"WebSite\",\"@id\":\"https:\/\/quimiromar.com\/fr\/#website\",\"url\":\"https:\/\/quimiromar.com\/fr\/\",\"name\":\"Quimi Romar\",\"description\":\"Droguer\u00eda, perfumer\u00eda y cosm\u00e9tica\",\"publisher\":{\"@id\":\"https:\/\/quimiromar.com\/fr\/#organization\"},\"potentialAction\":[{\"@type\":\"SearchAction\",\"target\":{\"@type\":\"EntryPoint\",\"urlTemplate\":\"https:\/\/quimiromar.com\/fr\/?s={search_term_string}\"},\"query-input\":{\"@type\":\"PropertyValueSpecification\",\"valueRequired\":true,\"valueName\":\"search_term_string\"}}],\"inLanguage\":\"fr-FR\"},{\"@type\":\"Organization\",\"@id\":\"https:\/\/quimiromar.com\/fr\/#organization\",\"name\":\"Quimi Romar\",\"url\":\"https:\/\/quimiromar.com\/fr\/\",\"logo\":{\"@type\":\"ImageObject\",\"inLanguage\":\"fr-FR\",\"@id\":\"https:\/\/quimiromar.com\/fr\/#\/schema\/logo\/image\/\",\"url\":\"\",\"contentUrl\":\"\",\"caption\":\"Quimi Romar\"},\"image\":{\"@id\":\"https:\/\/quimiromar.com\/fr\/#\/schema\/logo\/image\/\"}}]}<\/script>\n<!-- \/ Yoast SEO plugin. -->","yoast_head_json":{"title":"Soci\u00e9t\u00e9 - Quimi Romar","robots":{"index":"index","follow":"follow","max-snippet":"max-snippet:-1","max-image-preview":"max-image-preview:large","max-video-preview":"max-video-preview:-1"},"canonical":"https:\/\/quimiromar.com\/fr\/societe\/","og_locale":"fr_FR","og_type":"article","og_title":"Soci\u00e9t\u00e9 - Quimi Romar","og_description":"[\u2026]","og_url":"https:\/\/quimiromar.com\/fr\/societe\/","og_site_name":"Quimi Romar","article_modified_time":"2017-10-24T11:41:19+00:00","og_image":[{"url":"https:\/\/quimiromar.com\/wp-content\/uploads\/1968.svg","type":"","width":"","height":""}],"twitter_card":"summary_large_image","twitter_misc":{"Dur\u00e9e de lecture estim\u00e9e":"6 minutes"},"schema":{"@context":"https:\/\/schema.org","@graph":[{"@type":"WebPage","@id":"https:\/\/quimiromar.com\/fr\/societe\/","url":"https:\/\/quimiromar.com\/fr\/societe\/","name":"Soci\u00e9t\u00e9 - Quimi Romar","isPartOf":{"@id":"https:\/\/quimiromar.com\/fr\/#website"},"primaryImageOfPage":{"@id":"https:\/\/quimiromar.com\/fr\/societe\/#primaryimage"},"image":{"@id":"https:\/\/quimiromar.com\/fr\/societe\/#primaryimage"},"thumbnailUrl":"https:\/\/quimiromar.com\/wp-content\/uploads\/1968.svg","datePublished":"2017-04-04T13:28:38+00:00","dateModified":"2017-10-24T11:41:19+00:00","breadcrumb":{"@id":"https:\/\/quimiromar.com\/fr\/societe\/#breadcrumb"},"inLanguage":"fr-FR","potentialAction":[{"@type":"ReadAction","target":["https:\/\/quimiromar.com\/fr\/societe\/"]}]},{"@type":"ImageObject","inLanguage":"fr-FR","@id":"https:\/\/quimiromar.com\/fr\/societe\/#primaryimage","url":"https:\/\/quimiromar.com\/wp-content\/uploads\/1968.svg","contentUrl":"https:\/\/quimiromar.com\/wp-content\/uploads\/1968.svg"},{"@type":"BreadcrumbList","@id":"https:\/\/quimiromar.com\/fr\/societe\/#breadcrumb","itemListElement":[{"@type":"ListItem","position":1,"name":"Home","item":"https:\/\/quimiromar.com\/fr\/"},{"@type":"ListItem","position":2,"name":"Soci\u00e9t\u00e9"}]},{"@type":"WebSite","@id":"https:\/\/quimiromar.com\/fr\/#website","url":"https:\/\/quimiromar.com\/fr\/","name":"Quimi Romar","description":"Droguer\u00eda, perfumer\u00eda y cosm\u00e9tica","publisher":{"@id":"https:\/\/quimiromar.com\/fr\/#organization"},"potentialAction":[{"@type":"SearchAction","target":{"@type":"EntryPoint","urlTemplate":"https:\/\/quimiromar.com\/fr\/?s={search_term_string}"},"query-input":{"@type":"PropertyValueSpecification","valueRequired":true,"valueName":"search_term_string"}}],"inLanguage":"fr-FR"},{"@type":"Organization","@id":"https:\/\/quimiromar.com\/fr\/#organization","name":"Quimi Romar","url":"https:\/\/quimiromar.com\/fr\/","logo":{"@type":"ImageObject","inLanguage":"fr-FR","@id":"https:\/\/quimiromar.com\/fr\/#\/schema\/logo\/image\/","url":"","contentUrl":"","caption":"Quimi Romar"},"image":{"@id":"https:\/\/quimiromar.com\/fr\/#\/schema\/logo\/image\/"}}]}},"_links":{"self":[{"href":"https:\/\/quimiromar.com\/fr\/wp-json\/wp\/v2\/pages\/8522","targetHints":{"allow":["GET"]}}],"collection":[{"href":"https:\/\/quimiromar.com\/fr\/wp-json\/wp\/v2\/pages"}],"about":[{"href":"https:\/\/quimiromar.com\/fr\/wp-json\/wp\/v2\/types\/page"}],"author":[{"embeddable":true,"href":"https:\/\/quimiromar.com\/fr\/wp-json\/wp\/v2\/users\/2"}],"replies":[{"embeddable":true,"href":"https:\/\/quimiromar.com\/fr\/wp-json\/wp\/v2\/comments?post=8522"}],"version-history":[{"count":8,"href":"https:\/\/quimiromar.com\/fr\/wp-json\/wp\/v2\/pages\/8522\/revisions"}],"predecessor-version":[{"id":8983,"href":"https:\/\/quimiromar.com\/fr\/wp-json\/wp\/v2\/pages\/8522\/revisions\/8983"}],"wp:attachment":[{"href":"https:\/\/quimiromar.com\/fr\/wp-json\/wp\/v2\/media?parent=8522"}],"curies":[{"name":"wp","href":"https:\/\/api.w.org\/{rel}","templated":true}]}}