{"id":8428,"date":"2017-09-28T08:50:59","date_gmt":"2017-09-28T07:50:59","guid":{"rendered":"https:\/\/www.quimiromar.com\/informacion-de-productos\/"},"modified":"2017-11-10T11:05:10","modified_gmt":"2017-11-10T10:05:10","slug":"information-de-produits","status":"publish","type":"page","link":"https:\/\/quimiromar.com\/fr\/information-de-produits\/","title":{"rendered":"Information de produits"},"content":{"rendered":"<section class=\"wpb-content-wrapper\"><p>[vc_row full_width=\u00a0\u00bbstretch_row\u00a0\u00bb el_id=\u00a0\u00bbinfo-products\u00a0\u00bb][vc_column][vc_column_text el_id=\u00a0\u00bbheader-info-product\u00a0\u00bb]<\/p>\n<h1>Information de produits<\/h1>\n<p>V\u00e9rifiez les informations sur la s\u00e9curit\u00e9 de nos produits et ingr\u00e9dients.[\/vc_column_text][vc_column_text][\/vc_column_text][vc_column_text el_id=\u00a0\u00bbinfo-legal\u00a0\u00bb]Conform\u00e9ment aux exigences du R\u00e8glement (CE) n\u00ba 648\/2004, depuis le 8 octobre 2005 les listes d\u2019ingr\u00e9dients de nos produits peuvent \u00eatre consult\u00e9es sur ce site web. Les ingr\u00e9dients sont d\u00e9crits en fonction de leur nom INCI (International Nomenclatura of Cosmetic Ingredients, plus d\u2019informations sur http:\/\/ec.eoropa.eu\/consumers\/cosmetics\/cosing\/) par ordre d\u00e9croissant de poids et, s\u2019il n\u2019existe pas de nom INCI, c\u2019est leur nom commun qui est utilis\u00e9. Les \u00ab listes d\u2019ingr\u00e9dients \u00bb permettent de conna\u00eetre les ingr\u00e9dients contenus dans la derni\u00e8re formule mise sur le march\u00e9. N\u2019h\u00e9sitez pas \u00e0 nous contacter si vous avez des questions \u00e0 nous formuler.[\/vc_column_text][vc_raw_js]JTNDc2NyaXB0JTIwdHlwZSUzRCUyMnRleHQlMkZqYXZhc2NyaXB0JTIyJTNFJTBBalF1ZXJ5JTI4JTI3LnNzZmEtc2VhcmNoZmllbGQlMjclMjkuYXR0ciUyOCUyN3BsYWNlaG9sZGVyJTI3JTJDJTIwJTI3SW50cm9kdWNlJTIwYXF1JUMzJUFEJTIwZWwlMjBjJUMzJUIzZGlnbyUyMEVBTiUyMGRlbCUyMHByb2R1Y3RvJTI3JTI5JTNCJTBBalF1ZXJ5JTI4JTI3LnNzZmEtc29ydGFibGUlMjclMjkuY3NzJTI4JTI3ZGlzcGxheSUyNyUyQyUyN25vbmUlMjclMjklM0IlMEFqUXVlcnklMjglMjcuc3NmYS1zb3J0ZGF0ZSUyNyUyOS5yZW1vdmUlMjglMjklM0IlMEFqUXVlcnklMjglMjcuc3NmYS1zb3J0dHlwZSUyNyUyOS5yZW1vdmUlMjglMjklM0IlMEFqUXVlcnklMjglMjcuc3NmYS1zb3J0YWJsZSUyMHRmb290JTI3JTI5LnJlbW92ZSUyOCUyOSUzQiUwQWpRdWVyeSUyOCUyNy5zc2ZhLXNvcnRhYmxlJTIwdGhlYWQlMjclMjkucmVtb3ZlJTI4JTI5JTNCJTBBalF1ZXJ5JTI4JTI3LnNzZmEtc2VhcmNoZmllbGQlMjclMjkua2V5cHJlc3MlMjhmdW5jdGlvbiUyOGUlMjklN0IlMEElMjAlMjB2YXIlMjB2YWxvciUyMCUzRCUyMGpRdWVyeSUyOCUyNy5zc2ZhLXNlYXJjaGZpZWxkJTI3JTI5LnZhbCUyOCUyOSUzQiUwQSUyMCUyMGlmJTI4JTI4ZS53aGljaCUyMCUzRCUzRCUyMDEzJTI5JTI2JTI2JTI4dmFsb3IubGVuZ3RoJTNFMTIlMjklMjklMjAlN0IlMEElMjAlMjAlMjAlMjBqUXVlcnklMjglMjcuc3NmYS1zb3J0YWJsZSUyNyUyOS5jc3MlMjglMjdkaXNwbGF5JTI3JTJDJTI3YmxvY2slMjclMjklM0IlMEElMjAlMjAlN0QlMEElMjAlMjBpZiUyOHZhbG9yLmxlbmd0aCUzQzEyJTI5JTIwJTdCJTBBJTIwJTIwJTIwJTIwalF1ZXJ5JTI4JTI3LnNzZmEtc29ydGFibGUlMjclMjkuY3NzJTI4JTI3ZGlzcGxheSUyNyUyQyUyN25vbmUlMjclMjklM0IlMEElMjAlMjAlN0QlMEElN0QlMjklM0IlMEFqUXVlcnklMjglMjcuc3NmYS1zZWFyY2hmaWVsZCUyNyUyOS5rZXl1cCUyOGZ1bmN0aW9uJTI4ZSUyOSU3QiUwQSUyMCUyMHZhciUyMHZhbG9yJTIwJTNEJTIwalF1ZXJ5JTI4JTI3LnNzZmEtc2VhcmNoZmllbGQlMjclMjkudmFsJTI4JTI5JTNCJTBBJTIwJTIwaWYlMjh2YWxvci5sZW5ndGglM0MxMiUyOSUyMCU3QiUwQSUyMCUyMCUyMCUyMGpRdWVyeSUyOCUyNy5zc2ZhLXNvcnRhYmxlJTI3JTI5LmNzcyUyOCUyN2Rpc3BsYXklMjclMkMlMjdub25lJTI3JTI5JTNCJTBBJTIwJTIwJTdEJTBBJTdEJTI5JTNCJTBBalF1ZXJ5JTI4JTI3LmJ0LWluZm8tcHJvZHVjdHMlMjclMjkuY2xpY2slMjhmdW5jdGlvbiUyOCUyOSU3QiUwQSUyMCUyMHZhciUyMHZhbG9yJTIwJTNEJTIwalF1ZXJ5JTI4JTI3LnNzZmEtc2VhcmNoZmllbGQlMjclMjkudmFsJTI4JTI5JTNCJTBBJTIwJTIwaWYlMjh2YWxvci5sZW5ndGglM0MxMiUyOSUyMCU3QiUyMCUyMCUwQSUyMCUyMCUyMCUyMGpRdWVyeSUyOCUyNy5zc2ZhLXNvcnRhYmxlJTI3JTI5LmNzcyUyOCUyN2Rpc3BsYXklMjclMkMlMjdibG9jayUyNyUyOSUzQiUwQSUyMCUyMCU3RCUwQSU3RCUyOSUzQiUwQSUwQXZhciUyMHN2Z0luZyUzRCUyNyUzQyUzRnhtbCUyMHZlcnNpb24lM0QlMjIxLjAlMjIlMjBlbmNvZGluZyUzRCUyMlVURi04JTIyJTNGJTNFJTNDc3ZnJTIwd2lkdGglM0QlMjIzMnB4JTIyJTIwaGVpZ2h0JTNEJTIyMzJweCUyMiUyMHZpZXdCb3glM0QlMjIwJTIwMCUyMDMyJTIwMzIlMjIlMjB2ZXJzaW9uJTNEJTIyMS4xJTIyJTIweG1sbnMlM0QlMjJodHRwJTNBJTJGJTJGd3d3LnczLm9yZyUyRjIwMDAlMkZzdmclMjIlMjB4bWxucyUzQXhsaW5rJTNEJTIyaHR0cCUzQSUyRiUyRnd3dy53My5vcmclMkYxOTk5JTJGeGxpbmslMjIlM0UlM0N0aXRsZSUzRUluY29uJTIwSW5nJTNDJTJGdGl0bGUlM0UlM0NkZXNjJTNFQ3JlYXRlZCUyMHdpdGglMjBTa2V0Y2guJTNDJTJGZGVzYyUzRSUzQ2RlZnMlM0UlM0MlMkZkZWZzJTNFJTNDZyUyMGlkJTNEJTIyUGFnZS0xJTIyJTIwc3Ryb2tlJTNEJTIybm9uZSUyMiUyMHN0cm9rZS13aWR0aCUzRCUyMjElMjIlMjBmaWxsJTNEJTIybm9uZSUyMiUyMGZpbGwtcnVsZSUzRCUyMmV2ZW5vZGQlMjIlM0UlMjAlM0NnJTIwaWQlM0QlMjJpbmZvcm1hY2lvbi1kZS1wcm9kdWN0by0tLXJlc3VsdGFkbyUyMiUyMHRyYW5zZm9ybSUzRCUyMnRyYW5zbGF0ZSUyOC00NjMuMDAwMDAwJTJDJTIwLTU4OC4wMDAwMDAlMjklMjIlMjBmaWxsJTNEJTIyJTIzM0E2QkE5JTIyJTNFJTIwJTNDZyUyMGlkJTNEJTIyZG9jXzAxLWNvcHktMiUyMiUyMHRyYW5zZm9ybSUzRCUyMnRyYW5zbGF0ZSUyODQ0Ni4wMDAwMDAlMkMlMjA1NzkuMDAwMDAwJTI5JTIyJTNFJTIwJTNDZyUyMGlkJTNEJTIyUGFnZS0xJTIyJTIwdHJhbnNmb3JtJTNEJTIydHJhbnNsYXRlJTI4MTcuMDAwMDAwJTJDJTIwOS4wMDAwMDAlMjklMjIlM0UlMjAlM0NwYXRoJTIwZCUzRCUyMk0yJTJDNiUyMEw2JTJDNiUyMEw2JTJDNCUyMEM2JTJDMi44OTclMjA1LjEwMyUyQzIlMjA0JTJDMiUyMEMyLjg5NyUyQzIlMjAyJTJDMi44OTclMjAyJTJDNCUyMEwyJTJDNiUyMFolMjBNNyUyQzglMjBMMSUyQzglMjBDMC40NDglMkM4JTIwMCUyQzcuNTUyJTIwMCUyQzclMjBMMCUyQzQlMjBDMCUyQzEuNzk0JTIwMS43OTQlMkMwJTIwNCUyQzAlMjBDNi4yMDYlMkMwJTIwOCUyQzEuNzk0JTIwOCUyQzQlMjBMOCUyQzclMjBDOCUyQzcuNTUyJTIwNy41NTIlMkM4JTIwNyUyQzglMjBMNyUyQzglMjBaJTIyJTIwaWQlM0QlMjJGaWxsLTElMjIlM0UlM0MlMkZwYXRoJTNFJTIwJTNDcGF0aCUyMGQlM0QlMjJNMjclMkMyNiUyMEMyNi40NDclMkMyNiUyMDI2JTJDMjUuNTUzJTIwMjYlMkMyNSUyMEwyNiUyQzQlMjBDMjYlMkMyLjg5NyUyMDI1LjEwMyUyQzIlMjAyNCUyQzIlMjBDMjMuNDQ3JTJDMiUyMDIzJTJDMS41NTIlMjAyMyUyQzElMjBDMjMlMkMwLjQ0OCUyMDIzLjQ0NyUyQzAlMjAyNCUyQzAlMjBDMjYuMjA2JTJDMCUyMDI4JTJDMS43OTQlMjAyOCUyQzQlMjBMMjglMkMyNSUyMEMyOCUyQzI1LjU1MyUyMDI3LjU1MyUyQzI2JTIwMjclMkMyNiUyMiUyMGlkJTNEJTIyRmlsbC0zJTIyJTNFJTNDJTJGcGF0aCUzRSUyMCUzQ3BhdGglMjBkJTNEJTIyTTEwJTJDMzIlMjBDNy43OTQlMkMzMiUyMDYlMkMzMC4yMDYlMjA2JTJDMjglMjBMNiUyQzI1JTIwQzYlMkMyNC40NDclMjA2LjQ0OCUyQzI0JTIwNyUyQzI0JTIwQzcuNTUyJTJDMjQlMjA4JTJDMjQuNDQ3JTIwOCUyQzI1JTIwTDglMkMyOCUyMEM4JTJDMjkuMTAzJTIwOC44OTclMkMzMCUyMDEwJTJDMzAlMjBDMTEuMTAzJTJDMzAlMjAxMiUyQzI5LjEwMyUyMDEyJTJDMjglMjBMMTIlMkMyNSUyMEMxMiUyQzI0LjQ0NyUyMDEyLjQ0OCUyQzI0JTIwMTMlMkMyNCUyMEMxMy41NTIlMkMyNCUyMDE0JTJDMjQuNDQ3JTIwMTQlMkMyNSUyMEwxNCUyQzI4JTIwQzE0JTJDMzAuMjA2JTIwMTIuMjA2JTJDMzIlMjAxMCUyQzMyJTIyJTIwaWQlM0QlMjJGaWxsLTUlMjIlM0UlM0MlMkZwYXRoJTNFJTIwJTNDcGF0aCUyMGQlM0QlMjJNMjglMkMzMiUyMEMyNy40NDclMkMzMiUyMDI3JTJDMzEuNTUzJTIwMjclMkMzMSUyMEMyNyUyQzMwLjQ0NyUyMDI3LjQ0NyUyQzMwJTIwMjglMkMzMCUyMEMyOS4xMDMlMkMzMCUyMDMwJTJDMjkuMTAzJTIwMzAlMkMyOCUyMEwzMCUyQzI1JTIwQzMwJTJDMjQuNDQ3JTIwMzAuNDQ3JTJDMjQlMjAzMSUyQzI0JTIwQzMxLjU1MyUyQzI0JTIwMzIlMkMyNC40NDclMjAzMiUyQzI1JTIwTDMyJTJDMjglMjBDMzIlMkMzMC4yMDYlMjAzMC4yMDYlMkMzMiUyMDI4JTJDMzIlMjIlMjBpZCUzRCUyMkZpbGwtNyUyMiUzRSUzQyUyRnBhdGglM0UlMjAlM0NwYXRoJTIwZCUzRCUyMk0yNCUyQzIlMjBMNCUyQzIlMjBDMy40NDglMkMyJTIwMyUyQzEuNTUyJTIwMyUyQzElMjBDMyUyQzAuNDQ4JTIwMy40NDglMkMwJTIwNCUyQzAlMjBMMjQlMkMwJTIwQzI0LjU1MyUyQzAlMjAyNSUyQzAuNDQ4JTIwMjUlMkMxJTIwQzI1JTJDMS41NTIlMjAyNC41NTMlMkMyJTIwMjQlMkMyJTIyJTIwaWQlM0QlMjJGaWxsLTklMjIlM0UlM0MlMkZwYXRoJTNFJTIwJTNDcGF0aCUyMGQlM0QlMjJNMjglMkMzMiUyMEwxMCUyQzMyJTIwQzkuNDQ4JTJDMzIlMjA5JTJDMzEuNTUzJTIwOSUyQzMxJTIwQzklMkMzMC40NDclMjA5LjQ0OCUyQzMwJTIwMTAlMkMzMCUyMEwyOCUyQzMwJTIwQzI4LjU1MyUyQzMwJTIwMjklMkMzMC40NDclMjAyOSUyQzMxJTIwQzI5JTJDMzEuNTUzJTIwMjguNTUzJTJDMzIlMjAyOCUyQzMyJTIyJTIwaWQlM0QlMjJGaWxsLTExJTIyJTNFJTNDJTJGcGF0aCUzRSUyMCUzQ3BhdGglMjBkJTNEJTIyTTclMkMyNiUyMEM2LjQ0OCUyQzI2JTIwNiUyQzI1LjU1MyUyMDYlMkMyNSUyMEw2JTJDNyUyMEM2JTJDNi40NDglMjA2LjQ0OCUyQzYlMjA3JTJDNiUyMEM3LjU1MiUyQzYlMjA4JTJDNi40NDglMjA4JTJDNyUyMEw4JTJDMjUlMjBDOCUyQzI1LjU1MyUyMDcuNTUyJTJDMjYlMjA3JTJDMjYlMjIlMjBpZCUzRCUyMkZpbGwtMTMlMjIlM0UlM0MlMkZwYXRoJTNFJTIwJTNDcGF0aCUyMGQlM0QlMjJNMzElMkMyNiUyMEwxMyUyQzI2JTIwQzEyLjQ0OCUyQzI2JTIwMTIlMkMyNS41NTMlMjAxMiUyQzI1JTIwQzEyJTJDMjQuNDQ3JTIwMTIuNDQ4JTJDMjQlMjAxMyUyQzI0JTIwTDMxJTJDMjQlMjBDMzEuNTUzJTJDMjQlMjAzMiUyQzI0LjQ0NyUyMDMyJTJDMjUlMjBDMzIlMkMyNS41NTMlMjAzMS41NTMlMkMyNiUyMDMxJTJDMjYlMjIlMjBpZCUzRCUyMkZpbGwtMTUlMjIlM0UlM0MlMkZwYXRoJTNFJTIwJTNDcGF0aCUyMGQlM0QlMjJNMjMlMkM4JTIwTDExJTJDOCUyMEMxMC40NDglMkM4JTIwMTAlMkM3LjU1MiUyMDEwJTJDNyUyMEMxMCUyQzYuNDQ4JTIwMTAuNDQ4JTJDNiUyMDExJTJDNiUyMEwyMyUyQzYlMjBDMjMuNTUzJTJDNiUyMDI0JTJDNi40NDglMjAyNCUyQzclMjBDMjQlMkM3LjU1MiUyMDIzLjU1MyUyQzglMjAyMyUyQzglMjIlMjBpZCUzRCUyMkZpbGwtMTclMjIlM0UlM0MlMkZwYXRoJTNFJTIwJTNDcGF0aCUyMGQlM0QlMjJNMjMlMkMxMiUyMEwxMSUyQzEyJTIwQzEwLjQ0OCUyQzEyJTIwMTAlMkMxMS41NTIlMjAxMCUyQzExJTIwQzEwJTJDMTAuNDQ4JTIwMTAuNDQ4JTJDMTAlMjAxMSUyQzEwJTIwTDIzJTJDMTAlMjBDMjMuNTUzJTJDMTAlMjAyNCUyQzEwLjQ0OCUyMDI0JTJDMTElMjBDMjQlMkMxMS41NTIlMjAyMy41NTMlMkMxMiUyMDIzJTJDMTIlMjIlMjBpZCUzRCUyMkZpbGwtMTklMjIlM0UlM0MlMkZwYXRoJTNFJTIwJTNDcGF0aCUyMGQlM0QlMjJNMjMlMkMxNiUyMEwxMSUyQzE2JTIwQzEwLjQ0OCUyQzE2JTIwMTAlMkMxNS41NTIlMjAxMCUyQzE1JTIwQzEwJTJDMTQuNDQ4JTIwMTAuNDQ4JTJDMTQlMjAxMSUyQzE0JTIwTDIzJTJDMTQlMjBDMjMuNTUzJTJDMTQlMjAyNCUyQzE0LjQ0OCUyMDI0JTJDMTUlMjBDMjQlMkMxNS41NTIlMjAyMy41NTMlMkMxNiUyMDIzJTJDMTYlMjIlMjBpZCUzRCUyMkZpbGwtMjElMjIlM0UlM0MlMkZwYXRoJTNFJTIwJTNDcGF0aCUyMGQlM0QlMjJNMTclMkMyMCUyMEwxMSUyQzIwJTIwQzEwLjQ0OCUyQzIwJTIwMTAlMkMxOS41NTMlMjAxMCUyQzE5JTIwQzEwJTJDMTguNDQ3JTIwMTAuNDQ4JTJDMTglMjAxMSUyQzE4JTIwTDE3JTJDMTglMjBDMTcuNTUzJTJDMTglMjAxOCUyQzE4LjQ0NyUyMDE4JTJDMTklMjBDMTglMkMxOS41NTMlMjAxNy41NTMlMkMyMCUyMDE3JTJDMjAlMjIlMjBpZCUzRCUyMkZpbGwtMjMlMjIlM0UlM0MlMkZwYXRoJTNFJTIwJTNDJTJGZyUzRSUyMCUzQyUyRmclM0UlMjAlM0MlMkZnJTNFJTIwJTNDJTJGZyUzRSUyMCUzQyUyRnN2ZyUzRSUyNyUzQiUwQSUwQXZhciUyMHN2Z1NlZyUzRCUyNyUzQyUzRnhtbCUyMHZlcnNpb24lM0QlMjIxLjAlMjIlMjBlbmNvZGluZyUzRCUyMlVURi04JTIyJTNGJTNFJTIwJTNDc3ZnJTIwd2lkdGglM0QlMjIyNnB4JTIyJTIwaGVpZ2h0JTNEJTIyMzFweCUyMiUyMHZpZXdCb3glM0QlMjIwJTIwMCUyMDI2JTIwMzElMjIlMjB2ZXJzaW9uJTNEJTIyMS4xJTIyJTIweG1sbnMlM0QlMjJodHRwJTNBJTJGJTJGd3d3LnczLm9yZyUyRjIwMDAlMkZzdmclMjIlMjB4bWxucyUzQXhsaW5rJTNEJTIyaHR0cCUzQSUyRiUyRnd3dy53My5vcmclMkYxOTk5JTJGeGxpbmslMjIlM0UlMjAlM0MlMjEtLSUyMEdlbmVyYXRvciUzQSUyMFNrZXRjaCUyMDQ2LjIlMjAlMjg0NDQ5NiUyOSUyMC0lMjBodHRwJTNBJTJGJTJGd3d3LmJvaGVtaWFuY29kaW5nLmNvbSUyRnNrZXRjaCUyMC0tJTNFJTIwJTNDdGl0bGUlM0VQYWdlJTIwMSUzQyUyRnRpdGxlJTNFJTIwJTNDZGVzYyUzRUNyZWF0ZWQlMjB3aXRoJTIwU2tldGNoLiUzQyUyRmRlc2MlM0UlMjAlM0NkZWZzJTNFJTIwJTNDcG9seWdvbiUyMGlkJTNEJTIycGF0aC0xJTIyJTIwcG9pbnRzJTNEJTIyMjUuNjcxJTIwMzAuOTk5NiUyMDI1LjY3MSUyMDAuMDMxNiUyMDAlMjAwLjAzMTYlMjAyLjcxMDUwNTQzZS0yMCUyMDMwLjk5OTYlMjAyNS42NzElMjAzMC45OTk2JTIyJTNFJTNDJTJGcG9seWdvbiUzRSUyMCUzQyUyRmRlZnMlM0UlMjAlM0NnJTIwaWQlM0QlMjJQYWdlLTElMjIlMjBzdHJva2UlM0QlMjJub25lJTIyJTIwc3Ryb2tlLXdpZHRoJTNEJTIyMSUyMiUyMGZpbGwlM0QlMjJub25lJTIyJTIwZmlsbC1ydWxlJTNEJTIyZXZlbm9kZCUyMiUzRSUyMCUzQ2clMjBpZCUzRCUyMmluZm9ybWFjaW9uLWRlLXByb2R1Y3RvLS0tcmVzdWx0YWRvJTIyJTIwdHJhbnNmb3JtJTNEJTIydHJhbnNsYXRlJTI4LTQ2Ny4wMDAwMDAlMkMlMjAtNDU2LjAwMDAwMCUyOSUyMiUzRSUyMCUzQ2clMjBpZCUzRCUyMmRvY18wMSUyMiUyMHRyYW5zZm9ybSUzRCUyMnRyYW5zbGF0ZSUyODQ0Ni4wMDAwMDAlMkMlMjA0NDcuMDAwMDAwJTI5JTIyJTNFJTIwJTNDZyUyMGlkJTNEJTIyUGFnZS0xJTIyJTIwdHJhbnNmb3JtJTNEJTIydHJhbnNsYXRlJTI4MjEuMDAwMDAwJTJDJTIwOC4wMDAwMDAlMjklMjIlM0UlMjAlM0NnJTIwaWQlM0QlMjJHcm91cC0zJTIyJTIwdHJhbnNmb3JtJTNEJTIydHJhbnNsYXRlJTI4MC4wMDAwMDAlMkMlMjAwLjk2ODcwMCUyOSUyMiUzRSUyMCUzQ21hc2slMjBpZCUzRCUyMm1hc2stMiUyMiUyMGZpbGwlM0QlMjJ3aGl0ZSUyMiUzRSUyMCUzQ3VzZSUyMHhsaW5rJTNBaHJlZiUzRCUyMiUyM3BhdGgtMSUyMiUzRSUzQyUyRnVzZSUzRSUyMCUzQyUyRm1hc2slM0UlMjAlM0NnJTIwaWQlM0QlMjJDbGlwLTIlMjIlM0UlM0MlMkZnJTNFJTIwJTNDcGF0aCUyMGQlM0QlMjJNMjMuNTgyOCUyQzE3LjgyODYlMjBDMjMuNTgyOCUyQzIyLjI1NzYlMjAxNi45MzY4JTJDMjYuNzI4NiUyMDEyLjg2MDglMkMyOC43NTI2JTIwQzEwLjY2NTglMkMyNy42MzM2JTIwMi4xMzM4JTJDMjIuOTUzNiUyMDIuMTMzOCUyQzE3LjgyODYlMjBMMi4xMzM4JTJDNS4zODA2JTIwQzMuMjI3OCUyQzUuNjk5NiUyMDQuMjE1OCUyQzUuODQ5NiUyMDUuMjA2OCUyQzUuODQ5NiUyMEM4LjE2OTglMkM1Ljg0OTYlMjAxMC44Njk4JTJDNC43MjI2JTIwMTIuODYyOCUyQzIuNjY0NiUyMEMxNC44ODQ4JTJDNC42OTQ2JTIwMTcuNjQ1OCUyQzUuODQ5NiUyMDIwLjUwOTglMkM1Ljg0OTYlMjBDMjEuNTk1OCUyQzUuODQ5NiUyMDIyLjYyNTglMkM1LjY5ODYlMjAyMy41ODI4JTJDNS40MDE2JTIwTDIzLjU4MjglMkMxNy44Mjg2JTIwWiUyME0yNS4yMDY4JTJDMi45NzQ2JTIwQzI1LjAyNzglMkMyLjg1NDYlMjAyNC44MzU4JTJDMi43OTY2JTIwMjQuNjE5OCUyQzIuNzk2NiUyMEMyNC41MDE4JTJDMi43OTY2JTIwMjQuMzc3OCUyQzIuODEzNiUyMDI0LjE0NzglMkMyLjg4MDYlMjBDMjIuOTkzOCUyQzMuNDI2NiUyMDIxLjczNTglMkMzLjcxNTYlMjAyMC41MDk4JTJDMy43MTU2JTIwQzE3Ljg1MzglMkMzLjcxNTYlMjAxNS4zNzM4JTJDMi41MTg2JTIwMTMuNzAzOCUyQzAuNDMxNiUyMEMxMy40OTk4JTJDMC4xNzc2JTIwMTMuMTkxOCUyQzAuMDMxNiUyMDEyLjg1NzglMkMwLjAzMTYlMjBDMTIuNTI0OCUyQzAuMDMxNiUyMDEyLjIxNjglMkMwLjE3NzYlMjAxMi4wMTI4JTJDMC40MzE2JTIwQzEwLjM0MjglMkMyLjUxODYlMjA3Ljg2MjglMkMzLjcxNTYlMjA1LjIwNjglMkMzLjcxNTYlMjBDMy45NDU4JTJDMy43MTU2JTIwMi43NTU4JTJDMy40NDI2JTIwMS41MTk4JTJDMi44NjA2JTIwQzEuMzk0OCUyQzIuODE4NiUyMDEuMjU3OCUyQzIuNzk2NiUyMDEuMTIzOCUyQzIuNzk2NiUyMEMwLjg5NTglMkMyLjc5NjYlMjAwLjY4MzglMkMyLjg1NzYlMjAwLjUwOTglMkMyLjk3NDYlMjBDMC4xOTA4JTJDMy4xODY2JTIwLTAuMDAwMiUyQzMuNTExNiUyMC0wLjAwMDIlMkMzLjg0MTYlMjBMLTAuMDAwMiUyQzE3LjgyODYlMjBDLTAuMDAwMiUyQzI0LjM0ODYlMjA5LjQ1NDglMkMyOS40NzY2JTIwMTIuMzQ3OCUyQzMwLjg5MTYlMjBDMTIuNTY1OCUyQzMwLjk5OTYlMjAxMi43MDc4JTJDMzAuOTk5NiUyMDEyLjg1ODglMkMzMC45OTk2JTIwQzEyLjk0NjglMkMzMC45OTk2JTIwMTMuMTY0OCUyQzMwLjk5OTYlMjAxMy4zNDU4JTJDMzAuODcxNiUyMEMxNi4yOTI4JTJDMjkuNDI1NiUyMDI1LjY1MzglMkMyNC4zMTU2JTIwMjUuNjUzOCUyQzE3LjgyODYlMjBMMjUuNjUzOCUyQzMuODk4NiUyMEMyNS43Mjc4JTJDMy41NTc2JTIwMjUuNTYxOCUyQzMuMjEwNiUyMDI1LjIwNjglMkMyLjk3NDYlMjBMMjUuMjA2OCUyQzIuOTc0NiUyMFolMjIlMjBpZCUzRCUyMkZpbGwtMSUyMiUyMGZpbGwlM0QlMjIlMjMzRDY3QUElMjIlMjBtYXNrJTNEJTIydXJsJTI4JTIzbWFzay0yJTI5JTIyJTNFJTNDJTJGcGF0aCUzRSUyMCUzQyUyRmclM0UlMjAlM0NwYXRoJTIwZCUzRCUyMk0xNy4yODg4JTJDMTEuNTAzOSUyMEwxMC4zODU4JTJDMTguNDA2OSUyMEw4LjQyNzglMkMxNi40NDk5JTIwQzguMDE1OCUyQzE2LjAzNzklMjA3LjM5NjglMkMxNi4wMzc5JTIwNi45ODQ4JTJDMTYuNDQ5OSUyMEM2LjU3MjglMkMxNi44NjE5JTIwNi41NzI4JTJDMTcuNDc5OSUyMDYuOTg0OCUyQzE3Ljg5MTklMjBMOS42NjM4JTJDMjAuNTcwOSUyMEM5Ljg2OTglMkMyMC43NzY5JTIwMTAuMDc2OCUyQzIwLjg3OTklMjAxMC4zODU4JTJDMjAuODc5OSUyMEMxMC42OTQ4JTJDMjAuODc5OSUyMDEwLjkwMDglMkMyMC43NzY5JTIwMTEuMTA2OCUyQzIwLjU3MDklMjBMMTguNzMwOCUyQzEyLjk0NTklMjBDMTkuMTQyOCUyQzEyLjUzMzklMjAxOS4xNDI4JTJDMTEuOTE1OSUyMDE4LjczMDglMkMxMS41MDM5JTIwQzE4LjMxODglMkMxMS4wOTE5JTIwMTcuNzAwOCUyQzExLjA5MTklMjAxNy4yODg4JTJDMTEuNTAzOSUyMiUyMGlkJTNEJTIyRmlsbC00JTIyJTIwZmlsbCUzRCUyMiUyMzNENjdBQSUyMiUzRSUzQyUyRnBhdGglM0UlMjAlM0MlMkZnJTNFJTIwJTNDJTJGZyUzRSUyMCUzQyUyRmclM0UlMjAlM0MlMkZnJTNFJTIwJTNDJTJGc3ZnJTNFJTI3JTNCJTBBJTBBJTBBalF1ZXJ5JTI4JTI3LnNzZmEtZmlsZW5hbWUlMjclMjkuZWFjaCUyOGZ1bmN0aW9uJTI4JTI5JTdCJTBBJTIwJTIwdmFyJTIwZm5hbWUlM0RqUXVlcnklMjh0aGlzJTI5Lmh0bWwlMjglMjklM0IlMEElMjAlMjB2YXIlMjBmbGFuZyUzRGZuYW1lLnN1YnN0ciUyOGZuYW1lLmxlbmd0aCUyMC0lMjAyJTI5JTNCJTBBJTIwJTIwdmFyJTIwZnR5cGUyJTNEZm5hbWUuc3Vic3RyJTI4Zm5hbWUubGVuZ3RoJTIwLSUyMDMlMjklM0IlMEElMjAlMjB2YXIlMjBmdHlwZSUzRGZuYW1lLnN1YnN0ciUyOCUyOGZuYW1lLmxlbmd0aC02JTI5JTJDJTIwMyUyOSUzQiUwQSUyMCUyMGlmJTIwJTI4JTI4ZnR5cGUlM0QlM0QlMjdzZWclMjclMjklN0MlN0MlMjhmdHlwZTIlM0QlM0QlMjdzZWclMjclMjklMjklN0IlMEElMjAlMjAlMjAlMjBpY29uVHlwZSUzRHN2Z1NlZyUzQiUwQSUyMCUyMCU3RGVsc2UlN0IlMEElMjAlMjAlMjAlMjBpY29uVHlwZSUzRHN2Z0luZyUzQiUwQSUyMCUyMCU3RCUwQSUyMCUyMGpRdWVyeSUyOCUyNyUzQ3NwYW4lMjBjbGFzcyUzRCUyMmljb24tdHlwZSUyMiUzRSUyNyUyQmljb25UeXBlJTJCJTI3JTNDJTJGc3BhbiUzRSUyNyUyOS5pbnNlcnRCZWZvcmUlMjh0aGlzJTI5JTNCJTBBJTIwJTIwalF1ZXJ5JTI4JTI3JTNDc3BhbiUyMGNsYXNzJTNEJTIyaWNvbi0lMjclMkJmbGFuZyUyQiUyNyUyMiUzRSUzQyUyRnNwYW4lM0UlMjclMjkuaW5zZXJ0QWZ0ZXIlMjh0aGlzJTI5JTNCJTBBJTdEJTI5JTNCJTBBJTNDJTJGc2NyaXB0JTNF[\/vc_raw_js][\/vc_column][\/vc_row]<\/p><\/section>","protected":false},"excerpt":{"rendered":"<p><span class=\"excerpt-hellip\"> [\u2026]<\/span><\/p>","protected":false},"author":2,"featured_media":0,"parent":0,"menu_order":0,"comment_status":"closed","ping_status":"closed","template":"","meta":{"footnotes":""},"class_list":["post-8428","page","type-page","status-publish","hentry"],"yoast_head":"<!-- This site is optimized with the Yoast SEO plugin v25.2 - https:\/\/yoast.com\/wordpress\/plugins\/seo\/ -->\n<title>Information de produits - Quimi Romar<\/title>\n<meta name=\"robots\" content=\"noindex, nofollow\" \/>\n<meta property=\"og:locale\" content=\"fr_FR\" \/>\n<meta property=\"og:type\" content=\"article\" \/>\n<meta property=\"og:title\" content=\"Information de produits - Quimi Romar\" \/>\n<meta property=\"og:description\" content=\"[\u2026]\" \/>\n<meta property=\"og:url\" content=\"https:\/\/quimiromar.com\/fr\/information-de-produits\/\" \/>\n<meta property=\"og:site_name\" content=\"Quimi Romar\" \/>\n<meta property=\"article:modified_time\" content=\"2017-11-10T10:05:10+00:00\" \/>\n<meta name=\"twitter:card\" content=\"summary_large_image\" \/>\n<meta name=\"twitter:label1\" content=\"Dur\u00e9e de lecture estim\u00e9e\" \/>\n\t<meta name=\"twitter:data1\" content=\"6 minutes\" \/>\n<script type=\"application\/ld+json\" class=\"yoast-schema-graph\">{\"@context\":\"https:\/\/schema.org\",\"@graph\":[{\"@type\":\"WebPage\",\"@id\":\"https:\/\/quimiromar.com\/fr\/information-de-produits\/\",\"url\":\"https:\/\/quimiromar.com\/fr\/information-de-produits\/\",\"name\":\"Information de produits - Quimi Romar\",\"isPartOf\":{\"@id\":\"https:\/\/quimiromar.com\/fr\/#website\"},\"datePublished\":\"2017-09-28T07:50:59+00:00\",\"dateModified\":\"2017-11-10T10:05:10+00:00\",\"breadcrumb\":{\"@id\":\"https:\/\/quimiromar.com\/fr\/information-de-produits\/#breadcrumb\"},\"inLanguage\":\"fr-FR\",\"potentialAction\":[{\"@type\":\"ReadAction\",\"target\":[\"https:\/\/quimiromar.com\/fr\/information-de-produits\/\"]}]},{\"@type\":\"BreadcrumbList\",\"@id\":\"https:\/\/quimiromar.com\/fr\/information-de-produits\/#breadcrumb\",\"itemListElement\":[{\"@type\":\"ListItem\",\"position\":1,\"name\":\"Home\",\"item\":\"https:\/\/quimiromar.com\/fr\/\"},{\"@type\":\"ListItem\",\"position\":2,\"name\":\"Information de produits\"}]},{\"@type\":\"WebSite\",\"@id\":\"https:\/\/quimiromar.com\/fr\/#website\",\"url\":\"https:\/\/quimiromar.com\/fr\/\",\"name\":\"Quimi Romar\",\"description\":\"Droguer\u00eda, perfumer\u00eda y cosm\u00e9tica\",\"publisher\":{\"@id\":\"https:\/\/quimiromar.com\/fr\/#organization\"},\"potentialAction\":[{\"@type\":\"SearchAction\",\"target\":{\"@type\":\"EntryPoint\",\"urlTemplate\":\"https:\/\/quimiromar.com\/fr\/?s={search_term_string}\"},\"query-input\":{\"@type\":\"PropertyValueSpecification\",\"valueRequired\":true,\"valueName\":\"search_term_string\"}}],\"inLanguage\":\"fr-FR\"},{\"@type\":\"Organization\",\"@id\":\"https:\/\/quimiromar.com\/fr\/#organization\",\"name\":\"Quimi Romar\",\"url\":\"https:\/\/quimiromar.com\/fr\/\",\"logo\":{\"@type\":\"ImageObject\",\"inLanguage\":\"fr-FR\",\"@id\":\"https:\/\/quimiromar.com\/fr\/#\/schema\/logo\/image\/\",\"url\":\"\",\"contentUrl\":\"\",\"caption\":\"Quimi Romar\"},\"image\":{\"@id\":\"https:\/\/quimiromar.com\/fr\/#\/schema\/logo\/image\/\"}}]}<\/script>\n<!-- \/ Yoast SEO plugin. -->","yoast_head_json":{"title":"Information de produits - Quimi Romar","robots":{"index":"noindex","follow":"nofollow"},"og_locale":"fr_FR","og_type":"article","og_title":"Information de produits - Quimi Romar","og_description":"[\u2026]","og_url":"https:\/\/quimiromar.com\/fr\/information-de-produits\/","og_site_name":"Quimi Romar","article_modified_time":"2017-11-10T10:05:10+00:00","twitter_card":"summary_large_image","twitter_misc":{"Dur\u00e9e de lecture estim\u00e9e":"6 minutes"},"schema":{"@context":"https:\/\/schema.org","@graph":[{"@type":"WebPage","@id":"https:\/\/quimiromar.com\/fr\/information-de-produits\/","url":"https:\/\/quimiromar.com\/fr\/information-de-produits\/","name":"Information de produits - Quimi Romar","isPartOf":{"@id":"https:\/\/quimiromar.com\/fr\/#website"},"datePublished":"2017-09-28T07:50:59+00:00","dateModified":"2017-11-10T10:05:10+00:00","breadcrumb":{"@id":"https:\/\/quimiromar.com\/fr\/information-de-produits\/#breadcrumb"},"inLanguage":"fr-FR","potentialAction":[{"@type":"ReadAction","target":["https:\/\/quimiromar.com\/fr\/information-de-produits\/"]}]},{"@type":"BreadcrumbList","@id":"https:\/\/quimiromar.com\/fr\/information-de-produits\/#breadcrumb","itemListElement":[{"@type":"ListItem","position":1,"name":"Home","item":"https:\/\/quimiromar.com\/fr\/"},{"@type":"ListItem","position":2,"name":"Information de produits"}]},{"@type":"WebSite","@id":"https:\/\/quimiromar.com\/fr\/#website","url":"https:\/\/quimiromar.com\/fr\/","name":"Quimi Romar","description":"Droguer\u00eda, perfumer\u00eda y cosm\u00e9tica","publisher":{"@id":"https:\/\/quimiromar.com\/fr\/#organization"},"potentialAction":[{"@type":"SearchAction","target":{"@type":"EntryPoint","urlTemplate":"https:\/\/quimiromar.com\/fr\/?s={search_term_string}"},"query-input":{"@type":"PropertyValueSpecification","valueRequired":true,"valueName":"search_term_string"}}],"inLanguage":"fr-FR"},{"@type":"Organization","@id":"https:\/\/quimiromar.com\/fr\/#organization","name":"Quimi Romar","url":"https:\/\/quimiromar.com\/fr\/","logo":{"@type":"ImageObject","inLanguage":"fr-FR","@id":"https:\/\/quimiromar.com\/fr\/#\/schema\/logo\/image\/","url":"","contentUrl":"","caption":"Quimi Romar"},"image":{"@id":"https:\/\/quimiromar.com\/fr\/#\/schema\/logo\/image\/"}}]}},"_links":{"self":[{"href":"https:\/\/quimiromar.com\/fr\/wp-json\/wp\/v2\/pages\/8428","targetHints":{"allow":["GET"]}}],"collection":[{"href":"https:\/\/quimiromar.com\/fr\/wp-json\/wp\/v2\/pages"}],"about":[{"href":"https:\/\/quimiromar.com\/fr\/wp-json\/wp\/v2\/types\/page"}],"author":[{"embeddable":true,"href":"https:\/\/quimiromar.com\/fr\/wp-json\/wp\/v2\/users\/2"}],"replies":[{"embeddable":true,"href":"https:\/\/quimiromar.com\/fr\/wp-json\/wp\/v2\/comments?post=8428"}],"version-history":[{"count":3,"href":"https:\/\/quimiromar.com\/fr\/wp-json\/wp\/v2\/pages\/8428\/revisions"}],"predecessor-version":[{"id":9011,"href":"https:\/\/quimiromar.com\/fr\/wp-json\/wp\/v2\/pages\/8428\/revisions\/9011"}],"wp:attachment":[{"href":"https:\/\/quimiromar.com\/fr\/wp-json\/wp\/v2\/media?parent=8428"}],"curies":[{"name":"wp","href":"https:\/\/api.w.org\/{rel}","templated":true}]}}