{"id":8400,"date":"2017-04-04T15:18:06","date_gmt":"2017-04-04T14:18:06","guid":{"rendered":"https:\/\/www.quimiromar.com\/legal-data\/"},"modified":"2017-10-02T15:57:55","modified_gmt":"2017-10-02T14:57:55","slug":"legal-data","status":"publish","type":"page","link":"https:\/\/quimiromar.com\/fr\/legal-data\/","title":{"rendered":"Donn\u00e9es l\u00e9gales"},"content":{"rendered":"<p>En application de la Loi espagnole LSSI (Loi des Services de la Soci\u00e9t\u00e9 de l\u2019Information), nous vous informons que cet espace web est administr\u00e9 par\u00a0:<\/p>\n<p><strong>Quimi Romar S.L.<\/strong><br \/>\nCtra. Moncada a N\u00e0quera, CV 315 &#8211; km 11,2 ; 46119, N\u00e0quera, Valencia (Espagne)<br \/>\nT\u00e9l.\u00a0: (+34) 96 139 07 92<br \/>\nFax\u00a0: (+34) 96 139 00 36<br \/>\nE-mail\u00a0:\u00a0<span id=\"cloak65672\"><a href=\"mailto:info@quimiromar.com\">info@quimiromar.com<\/a><\/span><br \/>\nRegistre de Commerce de Valence (Espagne). Tome 2726, G\u00e9n\u00e9ral 44 de la section G\u00e9n\u00e9rale du Registre des Soci\u00e9t\u00e9s, Folio 95, Page N\u00ba V-680, 1e inscription. \u2028N\u00ba de T.V.A. : ES B46660502<\/p>\n<p><strong>Objet<\/strong><br \/>\nEn termes g\u00e9n\u00e9raux, les internautes pourront acc\u00e9der au site www.quimiromar.com librement et gratuitement.<br \/>\nLe site de\u00a0<strong>Quimi Romar S.L.<\/strong>\u00a0a \u00e9t\u00e9 con\u00e7u pour faire conna\u00eetre aux utilisateurs en g\u00e9n\u00e9ral la soci\u00e9t\u00e9 de m\u00eame que les activit\u00e9s et services de cette derni\u00e8re. Est consid\u00e9r\u00e9e comme utilisateur toute personne qui acc\u00e8de ou surfe sur notre site web.<\/p>\n<p><strong>Exclusion de responsabilit\u00e9<\/strong><br \/>\n<strong>Quimi Romar S.L.<\/strong>\u00a0d\u00e9cline toute responsabilit\u00e9, dans tous les cas, quant aux \u00e9ventuelles erreurs de s\u00e9curit\u00e9, aux dommages ou pr\u00e9judices en tout genre susceptibles de se produire du fait d\u2019utiliser des versions de navigateurs non actualis\u00e9es, ou aux cons\u00e9quences qui pourraient d\u00e9couler du mauvais fonctionnement du navigateur, telles qu\u2019un manque de disponibilit\u00e9 ou de continuit\u00e9, de m\u00eame qu\u2019\u00e1 celles d\u00e9coulant de d\u00e9faillances dans l\u2019acc\u00e8s aux sites web du portail ou \u00e0 celles \u00e0 partir desquelles certains services sont pr\u00eat\u00e9s, que ce soit en raison d\u2019une configuration inappropri\u00e9e ou de l\u2019existence de virus informatiques.<\/p>\n<p><strong>Quimi Romar S.L.<\/strong>\u00a0d\u00e9cline toute responsabilit\u00e9, dans tous les cas, quant aux \u00e9ventuels dommages et pr\u00e9judices de nature quelconque susceptibles de se produire en raison des erreurs typographiques, grammaticales ou d\u2019image, ou de toute autre cause \u00e9trang\u00e8re \u00e0 notre soci\u00e9t\u00e9.<\/p>\n<p><strong>Quimi Romar S.L.<\/strong>\u00a0est en droit d\u2019interrompre, de suspendre ou de mettre un terme \u00e0 la prestation du service du portail ou de n\u2019importe lequel des services que ce dernier contient, \u00e0 tout moment et de mani\u00e8re unilat\u00e9rale.<\/p>\n<p><strong>Propri\u00e9t\u00e9 intellectuelle et industrielle<\/strong><br \/>\nLes droits de propri\u00e9t\u00e9 de ce cite web appartiennent \u00e0\u00a0<strong>Quimi Romar S.L.<\/strong>,\u00a0<strong>Quimi Romar S.L.<\/strong>\u00a0\u00e9tant par cons\u00e9quent libre de modifier \u00e0 tout moment et sans pr\u00e9avis les contenus du site (design, graphiques, textes, photos, codes, etc.).<br \/>\nL\u2019exercice des droits d\u2019exploitation, de reproduction, de distribution, de communication publique et de transformation correspondent de m\u00eame exclusivement \u00e0\u00a0<strong>Quimi Romar S.L.<\/strong><\/p>\n<p>Les marques de\u00a0<strong>Romar, Destello, Amalfi, Yuki, Garley et Pill\u00edn<\/strong>\u00a0sont sujettes \u00e0 des droits de propri\u00e9t\u00e9 industrielle et intellectuelle qui appartiennent \u00e0\u00a0<strong>Quimi Romar S.L.<\/strong>, et ne peuvent \u00eatre reproduites ou utilis\u00e9es sans l\u2019autorisation de leur titulaire.<\/p>\n<p>Tous les contenus, de m\u00eame que les noms, logotypes, textes, graphiques, fichiers d\u2019image, photographies, etc. sont sujets \u00e0 des droits de propri\u00e9t\u00e9 industrielle et intellectuelles de leurs propri\u00e9taires correspondants, leur reproduction ou utilisation \u00e9tant par cons\u00e9quent express\u00e9ment interdite sans l\u2019autorisation de leurs titulaires.<\/p>\n<p>De m\u00eame, il est express\u00e9ment interdit \u00e0 l\u2019utilisateur d\u2019employer les contenus et services du portail \u00e0 tous types de fins commerciales ou publicitaires.<\/p>\n<p><strong>Quimi Romar S.L.<\/strong>\u00a0d\u00e9cline dans tous les cas toute responsabilit\u00e9 quant \u00e0 tous types d\u2019informations, de communications, etc., \u00e0 l\u2019origine desquelles se trouveraient l\u2019utilisateur ou toute tierce personne ou organisme, et qui seraient diffus\u00e9es, transmises ou expos\u00e9es \u00e0 travers les services du portail.<\/p>\n<p><strong>Protection des donn\u00e9es<\/strong><br \/>\n<strong>\u2028Quimi Romar S.L.<\/strong>\u00a0applique la l\u00e9gislation en vigueur telle que recueillie dans la Loi Organique espagnole 15\/1999, du 13 d\u00e9cembre, sur la Protection des Donn\u00e9es \u00e0 Caract\u00e8re Personnel (LOPD), dont l\u2019objet consiste \u00e0 garantir et prot\u00e9ger, en ce qui concerne le traitement des donn\u00e9es personnelles, les libert\u00e9s et droits fondamentaux des personnes physiques, et en particulier leur honneur et leur intimit\u00e9 personnelle.<\/p>\n<p>Ces donn\u00e9es personnelles seront exclusivement utilis\u00e9es aux fins pour lesquelles l\u2019utilisateur compl\u00e8te le formulaire.<\/p>\n<p><strong>Quimi Romar S.L.<\/strong>\u00a0garantit la confidentialit\u00e9 et la s\u00e9curit\u00e9 de ces donn\u00e9es, qui ne seront pas c\u00e9d\u00e9es \u00e0 des tierces personnes.<br \/>\nL\u2019utilisateur est libre d\u2019exercer les droits reconnus dans la LOPD, d\u2019acc\u00e8s, de rectification, d\u2019annulation et d\u2019opposition. L\u2019utilisateur pourra exercer ces droits en s\u2019adressant \u00e0 Quimi Romar S.L. par n\u2019importe quel moyen de contact \u00e9tabli.<\/p>\n<p><strong>Loi applicable et juridiction<\/strong><br \/>\nLes pr\u00e9sentes conditions g\u00e9n\u00e9rales seront r\u00e9gies par la l\u00e9gislation espagnole.<\/p>\n<p>S\u2019il venait \u00e0 se produire une divergence ou controverse quant \u00e0 l\u2019interpr\u00e9tation des pr\u00e9sentes conditions d\u2019utilisation,<strong>\u00a0Quimi Romar S.L<\/strong>. et l\u2019utilisateur, renon\u00e7ant express\u00e9ment \u00e0 toute autre juridiction qui pourrait leur correspondre, se soumettent \u00e0 la juridiction des Cours et Tribunaux du domicile de l\u2019utilisateur. Dans l\u2019hypoth\u00e8se o\u00f9 ce dernier aurait sont domicile en dehors d\u2019Espagne, \u00a0renon\u00e7ant express\u00e9ment \u00e0 toute autre juridiction qui pourrait leur correspondre, ils se soumettront \u00e0 la juridiction des Cours et Tribunaux de Valence (Espagne).<\/p>","protected":false},"excerpt":{"rendered":"<p><span class=\"excerpt-hellip\"> [\u2026]<\/span><\/p>","protected":false},"author":2,"featured_media":0,"parent":0,"menu_order":0,"comment_status":"closed","ping_status":"closed","template":"","meta":{"footnotes":""},"class_list":["post-8400","page","type-page","status-publish","hentry"],"yoast_head":"<!-- This site is optimized with the Yoast SEO plugin v25.2 - https:\/\/yoast.com\/wordpress\/plugins\/seo\/ -->\n<title>Donn\u00e9es l\u00e9gales - Quimi Romar<\/title>\n<meta name=\"robots\" content=\"noindex, nofollow\" \/>\n<meta property=\"og:locale\" content=\"fr_FR\" \/>\n<meta property=\"og:type\" content=\"article\" \/>\n<meta property=\"og:title\" content=\"Donn\u00e9es l\u00e9gales - Quimi Romar\" \/>\n<meta property=\"og:description\" content=\"[\u2026]\" \/>\n<meta property=\"og:url\" content=\"https:\/\/quimiromar.com\/fr\/legal-data\/\" \/>\n<meta property=\"og:site_name\" content=\"Quimi Romar\" \/>\n<meta property=\"article:modified_time\" content=\"2017-10-02T14:57:55+00:00\" \/>\n<meta name=\"twitter:card\" content=\"summary_large_image\" \/>\n<meta name=\"twitter:label1\" content=\"Dur\u00e9e de lecture estim\u00e9e\" \/>\n\t<meta name=\"twitter:data1\" content=\"4 minutes\" \/>\n<script type=\"application\/ld+json\" class=\"yoast-schema-graph\">{\"@context\":\"https:\/\/schema.org\",\"@graph\":[{\"@type\":\"WebPage\",\"@id\":\"https:\/\/quimiromar.com\/fr\/legal-data\/\",\"url\":\"https:\/\/quimiromar.com\/fr\/legal-data\/\",\"name\":\"Donn\u00e9es l\u00e9gales - Quimi Romar\",\"isPartOf\":{\"@id\":\"https:\/\/quimiromar.com\/fr\/#website\"},\"datePublished\":\"2017-04-04T14:18:06+00:00\",\"dateModified\":\"2017-10-02T14:57:55+00:00\",\"breadcrumb\":{\"@id\":\"https:\/\/quimiromar.com\/fr\/legal-data\/#breadcrumb\"},\"inLanguage\":\"fr-FR\",\"potentialAction\":[{\"@type\":\"ReadAction\",\"target\":[\"https:\/\/quimiromar.com\/fr\/legal-data\/\"]}]},{\"@type\":\"BreadcrumbList\",\"@id\":\"https:\/\/quimiromar.com\/fr\/legal-data\/#breadcrumb\",\"itemListElement\":[{\"@type\":\"ListItem\",\"position\":1,\"name\":\"Home\",\"item\":\"https:\/\/quimiromar.com\/fr\/\"},{\"@type\":\"ListItem\",\"position\":2,\"name\":\"Donn\u00e9es l\u00e9gales\"}]},{\"@type\":\"WebSite\",\"@id\":\"https:\/\/quimiromar.com\/fr\/#website\",\"url\":\"https:\/\/quimiromar.com\/fr\/\",\"name\":\"Quimi Romar\",\"description\":\"Droguer\u00eda, perfumer\u00eda y cosm\u00e9tica\",\"publisher\":{\"@id\":\"https:\/\/quimiromar.com\/fr\/#organization\"},\"potentialAction\":[{\"@type\":\"SearchAction\",\"target\":{\"@type\":\"EntryPoint\",\"urlTemplate\":\"https:\/\/quimiromar.com\/fr\/?s={search_term_string}\"},\"query-input\":{\"@type\":\"PropertyValueSpecification\",\"valueRequired\":true,\"valueName\":\"search_term_string\"}}],\"inLanguage\":\"fr-FR\"},{\"@type\":\"Organization\",\"@id\":\"https:\/\/quimiromar.com\/fr\/#organization\",\"name\":\"Quimi Romar\",\"url\":\"https:\/\/quimiromar.com\/fr\/\",\"logo\":{\"@type\":\"ImageObject\",\"inLanguage\":\"fr-FR\",\"@id\":\"https:\/\/quimiromar.com\/fr\/#\/schema\/logo\/image\/\",\"url\":\"\",\"contentUrl\":\"\",\"caption\":\"Quimi Romar\"},\"image\":{\"@id\":\"https:\/\/quimiromar.com\/fr\/#\/schema\/logo\/image\/\"}}]}<\/script>\n<!-- \/ Yoast SEO plugin. -->","yoast_head_json":{"title":"Donn\u00e9es l\u00e9gales - Quimi Romar","robots":{"index":"noindex","follow":"nofollow"},"og_locale":"fr_FR","og_type":"article","og_title":"Donn\u00e9es l\u00e9gales - Quimi Romar","og_description":"[\u2026]","og_url":"https:\/\/quimiromar.com\/fr\/legal-data\/","og_site_name":"Quimi Romar","article_modified_time":"2017-10-02T14:57:55+00:00","twitter_card":"summary_large_image","twitter_misc":{"Dur\u00e9e de lecture estim\u00e9e":"4 minutes"},"schema":{"@context":"https:\/\/schema.org","@graph":[{"@type":"WebPage","@id":"https:\/\/quimiromar.com\/fr\/legal-data\/","url":"https:\/\/quimiromar.com\/fr\/legal-data\/","name":"Donn\u00e9es l\u00e9gales - Quimi Romar","isPartOf":{"@id":"https:\/\/quimiromar.com\/fr\/#website"},"datePublished":"2017-04-04T14:18:06+00:00","dateModified":"2017-10-02T14:57:55+00:00","breadcrumb":{"@id":"https:\/\/quimiromar.com\/fr\/legal-data\/#breadcrumb"},"inLanguage":"fr-FR","potentialAction":[{"@type":"ReadAction","target":["https:\/\/quimiromar.com\/fr\/legal-data\/"]}]},{"@type":"BreadcrumbList","@id":"https:\/\/quimiromar.com\/fr\/legal-data\/#breadcrumb","itemListElement":[{"@type":"ListItem","position":1,"name":"Home","item":"https:\/\/quimiromar.com\/fr\/"},{"@type":"ListItem","position":2,"name":"Donn\u00e9es l\u00e9gales"}]},{"@type":"WebSite","@id":"https:\/\/quimiromar.com\/fr\/#website","url":"https:\/\/quimiromar.com\/fr\/","name":"Quimi Romar","description":"Droguer\u00eda, perfumer\u00eda y cosm\u00e9tica","publisher":{"@id":"https:\/\/quimiromar.com\/fr\/#organization"},"potentialAction":[{"@type":"SearchAction","target":{"@type":"EntryPoint","urlTemplate":"https:\/\/quimiromar.com\/fr\/?s={search_term_string}"},"query-input":{"@type":"PropertyValueSpecification","valueRequired":true,"valueName":"search_term_string"}}],"inLanguage":"fr-FR"},{"@type":"Organization","@id":"https:\/\/quimiromar.com\/fr\/#organization","name":"Quimi Romar","url":"https:\/\/quimiromar.com\/fr\/","logo":{"@type":"ImageObject","inLanguage":"fr-FR","@id":"https:\/\/quimiromar.com\/fr\/#\/schema\/logo\/image\/","url":"","contentUrl":"","caption":"Quimi Romar"},"image":{"@id":"https:\/\/quimiromar.com\/fr\/#\/schema\/logo\/image\/"}}]}},"_links":{"self":[{"href":"https:\/\/quimiromar.com\/fr\/wp-json\/wp\/v2\/pages\/8400","targetHints":{"allow":["GET"]}}],"collection":[{"href":"https:\/\/quimiromar.com\/fr\/wp-json\/wp\/v2\/pages"}],"about":[{"href":"https:\/\/quimiromar.com\/fr\/wp-json\/wp\/v2\/types\/page"}],"author":[{"embeddable":true,"href":"https:\/\/quimiromar.com\/fr\/wp-json\/wp\/v2\/users\/2"}],"replies":[{"embeddable":true,"href":"https:\/\/quimiromar.com\/fr\/wp-json\/wp\/v2\/comments?post=8400"}],"version-history":[{"count":1,"href":"https:\/\/quimiromar.com\/fr\/wp-json\/wp\/v2\/pages\/8400\/revisions"}],"predecessor-version":[{"id":8401,"href":"https:\/\/quimiromar.com\/fr\/wp-json\/wp\/v2\/pages\/8400\/revisions\/8401"}],"wp:attachment":[{"href":"https:\/\/quimiromar.com\/fr\/wp-json\/wp\/v2\/media?parent=8400"}],"curies":[{"name":"wp","href":"https:\/\/api.w.org\/{rel}","templated":true}]}}