{"id":8284,"date":"2017-03-20T17:14:38","date_gmt":"2017-03-20T16:14:38","guid":{"rendered":"https:\/\/www.quimiromar.com\/home\/"},"modified":"2021-09-13T15:31:49","modified_gmt":"2021-09-13T14:31:49","slug":"home","status":"publish","type":"page","link":"https:\/\/quimiromar.com\/fr\/","title":{"rendered":"Home"},"content":{"rendered":"<section class=\"wpb-content-wrapper\"><p>[vc_row el_class=\u00a0\u00bbsections-links\u00a0\u00bb][vc_column width=\u00a0\u00bb1\/4&Prime;][vc_column_text el_class=\u00a0\u00bbtitle-section-home yellow\u00a0\u00bb] <\/p>\n<h2>Droguerie et Nettoyage<\/h2>\n<p> <a class=\"bt-white\" href=\"https:\/\/quimiromar.com\/fr\/droguerie-et-nettoyage\/\">VOIR PRODUITS<\/a>[\/vc_column_text][\/vc_column][vc_column width=\u00a0\u00bb1\/4&Prime;][vc_column_text el_class=\u00a0\u00bbtitle-section-home blue\u00a0\u00bb] <\/p>\n<h2>Parfumerie et Hygi\u00e8ne<\/h2>\n<p> <a class=\"bt-white\" href=\"https:\/\/quimiromar.com\/fr\/parfumerie-et-hygiene\/\">VOIR PRODUITS<\/a>[\/vc_column_text][\/vc_column][vc_column width=\u00a0\u00bb1\/4&Prime;][vc_column_text el_class=\u00a0\u00bbtitle-section-home green\u00a0\u00bb] <\/p>\n<h2>Brico et Auto<\/h2>\n<p> <a class=\"bt-white\" href=\"https:\/\/quimiromar.com\/fr\/brico-et-auto\/\">VOIR PRODUITS<\/a>[\/vc_column_text][\/vc_column][vc_column width=\u00a0\u00bb1\/4&Prime;][vc_column_text el_class=\u00a0\u00bbtitle-section-home red\u00a0\u00bb] <\/p>\n<h2>F\u00eate<\/h2>\n<p> <a class=\"bt-white\" href=\"\/fr\/fete\/\">VOIR PRODUITS<\/a>[\/vc_column_text][\/vc_column][\/vc_row][vc_section full_width=\u00a0\u00bbstretch_row\u00a0\u00bb css=\u00a0\u00bb.vc_custom_1506340086883{background-image: url(https:\/\/quimiromar.com\/wp-content\/uploads\/home-empresa-1.jpg?id=5313) !important;background-position: center !important;background-repeat: no-repeat !important;background-size: cover !important;}\u00a0\u00bb el_id=\u00a0\u00bbhome-empresa\u00a0\u00bb][vc_row][vc_column][vc_column_text]<img decoding=\"async\" src=\"https:\/\/quimiromar.com\/wp-content\/uploads\/50_fr.svg\" \/> <a class=\"bt-white\" href=\"https:\/\/quimiromar.com\/fr\/societe\/\">NOTRE SOCI\u00c9T\u00c9<\/a>[\/vc_column_text][\/vc_column][\/vc_row][\/vc_section][vc_section full_width=\u00a0\u00bbstretch_row\u00a0\u00bb css=\u00a0\u00bb.vc_custom_1506340069693{background-color: #ffffff !important;background-position: center !important;background-repeat: no-repeat !important;background-size: cover !important;}\u00a0\u00bb el_id=\u00a0\u00bbhome-marcas\u00a0\u00bb][vc_row full_width=\u00a0\u00bbstretch_row\u00a0\u00bb][vc_column][vc_column_text el_class=\u00a0\u00bbtitle-marca\u00a0\u00bb] <\/p>\n<h4 style=\"text-align: center;\">NOS MARQUES<\/h4>\n<p> [\/vc_column_text][vc_column_text]\n\n\n<div id=\"wpv-view-layout-5327\" class=\"js-wpv-view-layout js-wpv-layout-responsive js-wpv-view-layout-5327\" data-viewnumber=\"5327\" data-pagination=\"{&quot;id&quot;:5327,&quot;query&quot;:&quot;normal&quot;,&quot;type&quot;:&quot;disabled&quot;,&quot;effect&quot;:&quot;fade&quot;,&quot;duration&quot;:500,&quot;speed&quot;:5,&quot;pause_on_hover&quot;:&quot;disabled&quot;,&quot;stop_rollover&quot;:&quot;false&quot;,&quot;cache_pages&quot;:&quot;enabled&quot;,&quot;preload_images&quot;:&quot;enabled&quot;,&quot;preload_pages&quot;:&quot;enabled&quot;,&quot;preload_reach&quot;:1,&quot;spinner&quot;:&quot;builtin&quot;,&quot;spinner_image&quot;:&quot;https:\/\/quimiromar.com\/wp-content\/plugins\/wp-views\/embedded\/res\/img\/ajax-loader.gif&quot;,&quot;callback_next&quot;:&quot;&quot;,&quot;manage_history&quot;:&quot;disabled&quot;,&quot;has_controls_in_form&quot;:&quot;disabled&quot;,&quot;infinite_tolerance&quot;:&quot;0&quot;,&quot;max_pages&quot;:1,&quot;page&quot;:1,&quot;base_permalink&quot;:&quot;\/fr\/wp-json\/wp\/v2\/pages\/8284?wpv_view_count=5327&amp;wpv_paged=WPV_PAGE_NUM&quot;,&quot;loop&quot;:{&quot;type&quot;:&quot;&quot;,&quot;name&quot;:&quot;&quot;,&quot;data&quot;:[],&quot;id&quot;:0}}\" data-permalink=\"\/fr\/wp-json\/wp\/v2\/pages\/8284?wpv_view_count=5327\">\n\n\t\n\t\n<div class=\"marca-container\">\n\t\n\t\t\t<a class=\"logo-marca\" target=\"_blank\" href='https:\/\/quimiromar.com\/fr\/marca\/air-freshener-fr\/' rel=\"noopener noreferrer\"> <img decoding=\"async\" src=\"https:\/\/quimiromar.com\/wp-content\/uploads\/airfreshner.png\"> <div class=\"txt-marca\">D\u00e9sodorisants pour la maison.<\/div> <\/a>\n\t\n\t\t\t<a class=\"logo-marca\" target=\"_blank\" href='https:\/\/quimiromar.com\/fr\/marca\/aire-fresco-fr\/' rel=\"noopener noreferrer\"> <img decoding=\"async\" src=\"https:\/\/quimiromar.com\/wp-content\/uploads\/aire-fresco-1-1.png\"> <div class=\"txt-marca\">D\u00e9sodorisants pour la maison.<\/div> <\/a>\n\t\n\t\t\t<a class=\"logo-marca\" target=\"_blank\" href='https:\/\/quimiromar.com\/fr\/marca\/amalfi-fr\/' rel=\"noopener noreferrer\"> <img decoding=\"async\" src=\"https:\/\/quimiromar.com\/wp-content\/uploads\/amalfi-1.png\"> <div class=\"txt-marca\">Produits de parfumerie et d'hygi\u00e8ne personnelle.<\/div> <\/a>\n\t\n\t\t\t<a class=\"logo-marca\" target=\"_blank\" href='http:\/\/www.sairo.es\/' rel=\"noopener noreferrer\"> <img decoding=\"async\" src=\"https:\/\/quimiromar.com\/wp-content\/uploads\/sairo-logo.png\"> <div class=\"txt-marca\">Produits de parfumerie et d'hygi\u00e8ne personnelle<\/div> <\/a>\n\t\n\t\t\t<a class=\"logo-marca\" target=\"_blank\" href='https:\/\/quimiromar.com\/fr\/marca\/destello-fr\/' rel=\"noopener noreferrer\"> <img decoding=\"async\" src=\"https:\/\/quimiromar.com\/wp-content\/uploads\/amalfi-1.png\"> <div class=\"txt-marca\">Produits sp\u00e9cifiques pour le nettoyage de la maison.<\/div> <\/a>\n\t\n\t\t\t<a class=\"logo-marca\" target=\"_blank\" href='https:\/\/quimiromar.com\/fr\/marca\/garley-auto-fr\/' rel=\"noopener noreferrer\"> <img decoding=\"async\" src=\"https:\/\/quimiromar.com\/wp-content\/uploads\/garley-auto.png\"> <div class=\"txt-marca\">Produits sp\u00e9cifiques pour automobiles<\/div> <\/a>\n\t\n\t\t\t<a class=\"logo-marca\" target=\"_blank\" href='https:\/\/quimiromar.com\/fr\/marca\/garley-bike-fr\/' rel=\"noopener noreferrer\"> <img decoding=\"async\" src=\"https:\/\/quimiromar.com\/wp-content\/uploads\/garley-bike.png\"> <div class=\"txt-marca\">Produits sp\u00e9cifiques pour le v\u00e9lo<\/div> <\/a>\n\t\n\t\t\t<a class=\"logo-marca\" target=\"_blank\" href='https:\/\/quimiromar.com\/fr\/marca\/garley-fr\/' rel=\"noopener noreferrer\"> <img decoding=\"async\" src=\"https:\/\/quimiromar.com\/wp-content\/uploads\/garley-1.png\"> <div class=\"txt-marca\">Produits sp\u00e9cifiques pour le bricolage<\/div> <\/a>\n\t\n\t\t\t<a class=\"logo-marca\" target=\"_blank\" href='https:\/\/quimiromar.com\/fr\/marca\/garley-garden-3\/' rel=\"noopener noreferrer\"> <img decoding=\"async\" src=\"https:\/\/quimiromar.com\/wp-content\/uploads\/garley-garden.jpg\"> <div class=\"txt-marca\">Produits sp\u00e9cifiques pour le jardin<\/div> <\/a>\n\t\n\t\t\t\n\t\n\t\t\t<a class=\"logo-marca\" target=\"_blank\" href='https:\/\/quimiromar.com\/fr\/marca\/romar-fr\/' rel=\"noopener noreferrer\"> <img decoding=\"async\" src=\"https:\/\/quimiromar.com\/wp-content\/uploads\/romar-1.png\"> <div class=\"txt-marca\">Productos espec\u00edficos para la limpieza de la ropa.<\/div> <\/a>\n\t\n\t\t\t\n\t\n\t\t\t<a class=\"logo-marca\" target=\"_blank\" href='https:\/\/quimiromar.com\/fr\/marca\/yuki-maton-fr\/' rel=\"noopener noreferrer\"> <img decoding=\"async\" src=\"https:\/\/quimiromar.com\/wp-content\/uploads\/yuki.png\"> <div class=\"txt-marca\">Insecticides.<\/div> <\/a>\n\t\n\t\t\t<a class=\"logo-marca\" target=\"_blank\" href='https:\/\/quimiromar.com\/fr\/marca\/yuki-nature-fr\/' rel=\"noopener noreferrer\"> <img decoding=\"async\" src=\"https:\/\/quimiromar.com\/wp-content\/uploads\/yuki-copia.png\"> <div class=\"txt-marca\">D\u00e9sodorisants pour la maison.<\/div> <\/a>\n\t\n<\/div>\n\t\n\t\n\t\n<\/div>\n[\/vc_column_text][\/vc_column][\/vc_row][\/vc_section]<\/p><\/section>","protected":false},"excerpt":{"rendered":"<p><span class=\"excerpt-hellip\"> [\u2026]<\/span><\/p>","protected":false},"author":2,"featured_media":0,"parent":0,"menu_order":0,"comment_status":"closed","ping_status":"closed","template":"","meta":{"footnotes":""},"class_list":["post-8284","page","type-page","status-publish","hentry"],"yoast_head":"<!-- This site is optimized with the Yoast SEO plugin v25.2 - https:\/\/yoast.com\/wordpress\/plugins\/seo\/ -->\n<title>Quimi Romar<\/title>\n<meta name=\"description\" content=\"Development, production and distribution of high quality products of drugstore, perfumery and cosmetics.\" \/>\n<meta name=\"robots\" content=\"index, follow, max-snippet:-1, max-image-preview:large, max-video-preview:-1\" \/>\n<link rel=\"canonical\" href=\"https:\/\/quimiromar.com\/fr\/\" \/>\n<meta property=\"og:locale\" content=\"fr_FR\" \/>\n<meta property=\"og:type\" content=\"article\" \/>\n<meta property=\"og:title\" content=\"Quimi Romar\" \/>\n<meta property=\"og:description\" content=\"Development, production and distribution of high quality products of drugstore, perfumery and cosmetics.\" \/>\n<meta property=\"og:url\" content=\"https:\/\/quimiromar.com\/fr\/\" \/>\n<meta property=\"og:site_name\" content=\"Quimi Romar\" \/>\n<meta property=\"article:modified_time\" content=\"2021-09-13T14:31:49+00:00\" \/>\n<meta property=\"og:image\" content=\"https:\/\/quimiromar.com\/wp-content\/uploads\/50_fr.svg\" \/>\n<meta name=\"twitter:card\" content=\"summary_large_image\" \/>\n<meta name=\"twitter:label1\" content=\"Dur\u00e9e de lecture estim\u00e9e\" \/>\n\t<meta name=\"twitter:data1\" content=\"1 minute\" \/>\n<script type=\"application\/ld+json\" class=\"yoast-schema-graph\">{\"@context\":\"https:\/\/schema.org\",\"@graph\":[{\"@type\":\"WebPage\",\"@id\":\"https:\/\/quimiromar.com\/fr\/\",\"url\":\"https:\/\/quimiromar.com\/fr\/\",\"name\":\"Quimi Romar\",\"isPartOf\":{\"@id\":\"https:\/\/quimiromar.com\/fr\/#website\"},\"primaryImageOfPage\":{\"@id\":\"https:\/\/quimiromar.com\/fr\/#primaryimage\"},\"image\":{\"@id\":\"https:\/\/quimiromar.com\/fr\/#primaryimage\"},\"thumbnailUrl\":\"https:\/\/quimiromar.com\/wp-content\/uploads\/50_fr.svg\",\"datePublished\":\"2017-03-20T16:14:38+00:00\",\"dateModified\":\"2021-09-13T14:31:49+00:00\",\"description\":\"Development, production and distribution of high quality products of drugstore, perfumery and cosmetics.\",\"breadcrumb\":{\"@id\":\"https:\/\/quimiromar.com\/fr\/#breadcrumb\"},\"inLanguage\":\"fr-FR\",\"potentialAction\":[{\"@type\":\"ReadAction\",\"target\":[\"https:\/\/quimiromar.com\/fr\/\"]}]},{\"@type\":\"ImageObject\",\"inLanguage\":\"fr-FR\",\"@id\":\"https:\/\/quimiromar.com\/fr\/#primaryimage\",\"url\":\"https:\/\/quimiromar.com\/wp-content\/uploads\/50_fr.svg\",\"contentUrl\":\"https:\/\/quimiromar.com\/wp-content\/uploads\/50_fr.svg\"},{\"@type\":\"BreadcrumbList\",\"@id\":\"https:\/\/quimiromar.com\/fr\/#breadcrumb\",\"itemListElement\":[{\"@type\":\"ListItem\",\"position\":1,\"name\":\"Home\",\"item\":\"https:\/\/quimiromar.com\/fr\/\"},{\"@type\":\"ListItem\",\"position\":2,\"name\":\"Home\"}]},{\"@type\":\"WebSite\",\"@id\":\"https:\/\/quimiromar.com\/fr\/#website\",\"url\":\"https:\/\/quimiromar.com\/fr\/\",\"name\":\"Quimi Romar\",\"description\":\"Droguer\u00eda, perfumer\u00eda y cosm\u00e9tica\",\"publisher\":{\"@id\":\"https:\/\/quimiromar.com\/fr\/#organization\"},\"potentialAction\":[{\"@type\":\"SearchAction\",\"target\":{\"@type\":\"EntryPoint\",\"urlTemplate\":\"https:\/\/quimiromar.com\/fr\/?s={search_term_string}\"},\"query-input\":{\"@type\":\"PropertyValueSpecification\",\"valueRequired\":true,\"valueName\":\"search_term_string\"}}],\"inLanguage\":\"fr-FR\"},{\"@type\":\"Organization\",\"@id\":\"https:\/\/quimiromar.com\/fr\/#organization\",\"name\":\"Quimi Romar\",\"url\":\"https:\/\/quimiromar.com\/fr\/\",\"logo\":{\"@type\":\"ImageObject\",\"inLanguage\":\"fr-FR\",\"@id\":\"https:\/\/quimiromar.com\/fr\/#\/schema\/logo\/image\/\",\"url\":\"\",\"contentUrl\":\"\",\"caption\":\"Quimi Romar\"},\"image\":{\"@id\":\"https:\/\/quimiromar.com\/fr\/#\/schema\/logo\/image\/\"}}]}<\/script>\n<!-- \/ Yoast SEO plugin. -->","yoast_head_json":{"title":"Quimi Romar","description":"Development, production and distribution of high quality products of drugstore, perfumery and cosmetics.","robots":{"index":"index","follow":"follow","max-snippet":"max-snippet:-1","max-image-preview":"max-image-preview:large","max-video-preview":"max-video-preview:-1"},"canonical":"https:\/\/quimiromar.com\/fr\/","og_locale":"fr_FR","og_type":"article","og_title":"Quimi Romar","og_description":"Development, production and distribution of high quality products of drugstore, perfumery and cosmetics.","og_url":"https:\/\/quimiromar.com\/fr\/","og_site_name":"Quimi Romar","article_modified_time":"2021-09-13T14:31:49+00:00","og_image":[{"url":"https:\/\/quimiromar.com\/wp-content\/uploads\/50_fr.svg","type":"","width":"","height":""}],"twitter_card":"summary_large_image","twitter_misc":{"Dur\u00e9e de lecture estim\u00e9e":"1 minute"},"schema":{"@context":"https:\/\/schema.org","@graph":[{"@type":"WebPage","@id":"https:\/\/quimiromar.com\/fr\/","url":"https:\/\/quimiromar.com\/fr\/","name":"Quimi Romar","isPartOf":{"@id":"https:\/\/quimiromar.com\/fr\/#website"},"primaryImageOfPage":{"@id":"https:\/\/quimiromar.com\/fr\/#primaryimage"},"image":{"@id":"https:\/\/quimiromar.com\/fr\/#primaryimage"},"thumbnailUrl":"https:\/\/quimiromar.com\/wp-content\/uploads\/50_fr.svg","datePublished":"2017-03-20T16:14:38+00:00","dateModified":"2021-09-13T14:31:49+00:00","description":"Development, production and distribution of high quality products of drugstore, perfumery and cosmetics.","breadcrumb":{"@id":"https:\/\/quimiromar.com\/fr\/#breadcrumb"},"inLanguage":"fr-FR","potentialAction":[{"@type":"ReadAction","target":["https:\/\/quimiromar.com\/fr\/"]}]},{"@type":"ImageObject","inLanguage":"fr-FR","@id":"https:\/\/quimiromar.com\/fr\/#primaryimage","url":"https:\/\/quimiromar.com\/wp-content\/uploads\/50_fr.svg","contentUrl":"https:\/\/quimiromar.com\/wp-content\/uploads\/50_fr.svg"},{"@type":"BreadcrumbList","@id":"https:\/\/quimiromar.com\/fr\/#breadcrumb","itemListElement":[{"@type":"ListItem","position":1,"name":"Home","item":"https:\/\/quimiromar.com\/fr\/"},{"@type":"ListItem","position":2,"name":"Home"}]},{"@type":"WebSite","@id":"https:\/\/quimiromar.com\/fr\/#website","url":"https:\/\/quimiromar.com\/fr\/","name":"Quimi Romar","description":"Droguer\u00eda, perfumer\u00eda y cosm\u00e9tica","publisher":{"@id":"https:\/\/quimiromar.com\/fr\/#organization"},"potentialAction":[{"@type":"SearchAction","target":{"@type":"EntryPoint","urlTemplate":"https:\/\/quimiromar.com\/fr\/?s={search_term_string}"},"query-input":{"@type":"PropertyValueSpecification","valueRequired":true,"valueName":"search_term_string"}}],"inLanguage":"fr-FR"},{"@type":"Organization","@id":"https:\/\/quimiromar.com\/fr\/#organization","name":"Quimi Romar","url":"https:\/\/quimiromar.com\/fr\/","logo":{"@type":"ImageObject","inLanguage":"fr-FR","@id":"https:\/\/quimiromar.com\/fr\/#\/schema\/logo\/image\/","url":"","contentUrl":"","caption":"Quimi Romar"},"image":{"@id":"https:\/\/quimiromar.com\/fr\/#\/schema\/logo\/image\/"}}]}},"_links":{"self":[{"href":"https:\/\/quimiromar.com\/fr\/wp-json\/wp\/v2\/pages\/8284","targetHints":{"allow":["GET"]}}],"collection":[{"href":"https:\/\/quimiromar.com\/fr\/wp-json\/wp\/v2\/pages"}],"about":[{"href":"https:\/\/quimiromar.com\/fr\/wp-json\/wp\/v2\/types\/page"}],"author":[{"embeddable":true,"href":"https:\/\/quimiromar.com\/fr\/wp-json\/wp\/v2\/users\/2"}],"replies":[{"embeddable":true,"href":"https:\/\/quimiromar.com\/fr\/wp-json\/wp\/v2\/comments?post=8284"}],"version-history":[{"count":9,"href":"https:\/\/quimiromar.com\/fr\/wp-json\/wp\/v2\/pages\/8284\/revisions"}],"predecessor-version":[{"id":22821,"href":"https:\/\/quimiromar.com\/fr\/wp-json\/wp\/v2\/pages\/8284\/revisions\/22821"}],"wp:attachment":[{"href":"https:\/\/quimiromar.com\/fr\/wp-json\/wp\/v2\/media?parent=8284"}],"curies":[{"name":"wp","href":"https:\/\/api.w.org\/{rel}","templated":true}]}}