{"id":6627,"date":"2017-09-28T16:39:26","date_gmt":"2017-09-28T15:39:26","guid":{"rendered":"https:\/\/www.quimiromar.com\/politica-de-calidad\/"},"modified":"2021-10-05T11:34:51","modified_gmt":"2021-10-05T10:34:51","slug":"politique-de-qualite","status":"publish","type":"page","link":"https:\/\/quimiromar.com\/fr\/politique-de-qualite\/","title":{"rendered":"Politique de qualit\u00e9"},"content":{"rendered":"<div class=\"tm-block tm-block-light tm-block-full tm-block-full-padding\">\n<div class=\"uk-container uk-container-center\">\n<div class=\"uk-grid\" data-uk-grid-match=\"\" data-uk-grid-margin=\"\">\n<div class=\"tm-main uk-width-medium-1-1\">\n<article class=\"uk-article\">\n<h1 style=\"text-align: left;\">Pol\u00edtica de calidad<\/h1>\n<p class=\"p1\">El Consejo de Administraci\u00f3n de <b>Quimi Romar SL<\/b>, mantiene<span class=\"Apple-converted-space\">&nbsp; <\/span>un Sistema de Gesti\u00f3n de la Calidad (SGC) fundamentado en la Pol\u00edtica de la Calidad de la Empresa que cuenta con las partes interesadas relacionadas con nuestra actividad (entorno, trabajadores, competencia\u2026) y genera la confianza, tanto a nuestros Clientes como internamente, de que la Empresa tiene la capacidad de dise\u00f1ar y suministrar productos conformes que consigan la satisfacci\u00f3n de dichos Clientes, ampliando los mercados de la Empresa.<\/p>\n<p class=\"p1\">El Consejo de Administraci\u00f3n de <b>Quimi Romar SL<\/b>, como m\u00e1ximo responsable de la aplicaci\u00f3n de la Pol\u00edtica de Calidad, se compromete a apoyar la implantaci\u00f3n y mantenimiento de dicho Sistema de Gesti\u00f3n de la Calidad para lograr la mejora continua, y a cumplir y hacer cumplir a todos los niveles de la Empresa las responsabilidades y actividades asignadas en la documentaci\u00f3n del SGC.<\/p>\n<p class=\"p2\">&nbsp;&nbsp;&nbsp;&nbsp;&nbsp;&nbsp;&nbsp;&nbsp;&nbsp;&nbsp;&nbsp; La Direcci\u00f3n de la empresa a trav\u00e9s de su Presidente asume la responsabilidad en orden al cumplimiento de las Buenas Pr\u00e1cticas de Fabricaci\u00f3n (BPF-GMP Good Manufacturing Practices) y se compromete a poner todos los medios que est\u00e9n a su alcance; &nbsp;para conseguir estos objetivos requiere la participaci\u00f3n y compromiso de todo el personal de la empresa as\u00ed como del personal visitante.<\/p>\n<p class=\"p1\">La Pol\u00edtica de Calidad de <b>Quimi Romar SL<\/b> se basa en:<\/p>\n<ul class=\"ul1\">\n<li class=\"li4\">Dise\u00f1ar, establecer y mantener un Sistema de Calidad adaptado a nuestras actividades y naturaleza de productos de higiene personal, limpieza e insecticidas y en particular en las l\u00edneas de cosm\u00e9ticos que satisfagan las necesidades y expectativas de los clientes, con la mejor tecnolog\u00eda posible.<\/li>\n<li class=\"li4\">Cumplir con los requisitos legislativos y normativos aplicables.<\/li>\n<li class=\"li4\">Conseguir que los proveedores de materias primas cumplan con las expectativas de calidad, precio y servicio.<\/li>\n<li class=\"li4\">Entregar los productos a unos precios competitivos y en un plazo adecuado, alcanzando y manteniendo una reputaci\u00f3n de calidad con buen servicio y precio.<\/li>\n<li class=\"li4\">Disfrutar de un esp\u00edritu innovador apoyado por un plan de formaci\u00f3n continua.<span class=\"Apple-converted-space\">&nbsp;<\/span><\/li>\n<\/ul>\n<p class=\"p1\">La meta final de <b>Quimi Romar SL<\/b> es conseguir un lugar destacado en el mercado y que nuestros clientes se beneficien de las mejoras obtenidas de la correcta aplicaci\u00f3n del Sistema de Gesti\u00f3n de la Calidad y cumplimiento de las BPF.<\/p>\n<p class=\"p1\">Los diferentes riesgos f\u00edsicos, qu\u00edmicos y microbiol\u00f3gicos han sido considerados en el estudio APPCC, as\u00ed como todos aquellos aspectos de seguridad de producto. De este modo, Quimi Romar S.L. garantiza la seguridad e inocuidad de sus productos puestos en el mercado, dot\u00e1ndose de medios t\u00e9cnicos y humanos para asegurar la idoneidad sanitaria de sus productos y de los requerimientos especificados por los clientes y consumidores. En este sentido se dispondr\u00e1n los medios precisos para atender cualquier aspecto requerido por la normativa y por los clientes contribuyendo a la mejora continua de la empresa y de sus productos y servicios ofrecidos. Se pretende que la mejora de los procesos y su gesti\u00f3n sea sostenible y respetuosa con el medio ambiente y con el entorno social en el que la empresa desarrolla su actividad, asumiendo sus responsabilidades medioambientales, \u00e9ticas y laborales en su desarrollo.<\/p>\n<p class=\"p6\">COMPROMISO<\/p>\n<p class=\"p2\">La Direcci\u00f3n de QUIMI ROMAR S.L., desea transmitir la trascendencia de la adecuada comprensi\u00f3n, implantaci\u00f3n y actualizaci\u00f3n de esta pol\u00edtica a todos los niveles de la empresa y se compromete a proporcionar los recursos adecuados para su desarrollo e implantaci\u00f3n, as\u00ed como a efectuar el correspondiente seguimiento de su eficacia.<span class=\"Apple-converted-space\">&nbsp;<\/span><\/p>\n<p class=\"p1\">En N\u00e1quera, a 19 de mayo de 2021.<\/p>\n<p class=\"p1\">Pablo Rodr\u00edguez-Gimeno<\/p>\n<p class=\"p1\">Director General<\/p>\n<p class=\"p1\"><b>QUIMI ROMAR, S.L.<\/b><\/p>\n<\/article>\n<\/div>\n<\/div>\n<\/div>\n<\/div>\n<div class=\"tm-bottom tm-block\"><\/div>","protected":false},"excerpt":{"rendered":"<p><span class=\"excerpt-hellip\"> [\u2026]<\/span><\/p>","protected":false},"author":2,"featured_media":0,"parent":0,"menu_order":0,"comment_status":"closed","ping_status":"closed","template":"","meta":{"footnotes":""},"class_list":["post-6627","page","type-page","status-publish","hentry"],"yoast_head":"<!-- This site is optimized with the Yoast SEO plugin v25.2 - https:\/\/yoast.com\/wordpress\/plugins\/seo\/ -->\n<title>Politique de qualit\u00e9 - Quimi Romar<\/title>\n<meta name=\"robots\" content=\"noindex, follow\" \/>\n<meta property=\"og:locale\" content=\"fr_FR\" \/>\n<meta property=\"og:type\" content=\"article\" \/>\n<meta property=\"og:title\" content=\"Politique de qualit\u00e9 - Quimi Romar\" \/>\n<meta property=\"og:description\" content=\"[\u2026]\" \/>\n<meta property=\"og:url\" content=\"https:\/\/quimiromar.com\/fr\/politique-de-qualite\/\" \/>\n<meta property=\"og:site_name\" content=\"Quimi Romar\" \/>\n<meta property=\"article:modified_time\" content=\"2021-10-05T10:34:51+00:00\" \/>\n<meta name=\"twitter:card\" content=\"summary_large_image\" \/>\n<meta name=\"twitter:label1\" content=\"Dur\u00e9e de lecture estim\u00e9e\" \/>\n\t<meta name=\"twitter:data1\" content=\"3 minutes\" \/>\n<script type=\"application\/ld+json\" class=\"yoast-schema-graph\">{\"@context\":\"https:\/\/schema.org\",\"@graph\":[{\"@type\":\"WebPage\",\"@id\":\"https:\/\/quimiromar.com\/fr\/politique-de-qualite\/\",\"url\":\"https:\/\/quimiromar.com\/fr\/politique-de-qualite\/\",\"name\":\"Politique de qualit\u00e9 - Quimi Romar\",\"isPartOf\":{\"@id\":\"https:\/\/quimiromar.com\/fr\/#website\"},\"datePublished\":\"2017-09-28T15:39:26+00:00\",\"dateModified\":\"2021-10-05T10:34:51+00:00\",\"breadcrumb\":{\"@id\":\"https:\/\/quimiromar.com\/fr\/politique-de-qualite\/#breadcrumb\"},\"inLanguage\":\"fr-FR\",\"potentialAction\":[{\"@type\":\"ReadAction\",\"target\":[\"https:\/\/quimiromar.com\/fr\/politique-de-qualite\/\"]}]},{\"@type\":\"BreadcrumbList\",\"@id\":\"https:\/\/quimiromar.com\/fr\/politique-de-qualite\/#breadcrumb\",\"itemListElement\":[{\"@type\":\"ListItem\",\"position\":1,\"name\":\"Home\",\"item\":\"https:\/\/quimiromar.com\/fr\/\"},{\"@type\":\"ListItem\",\"position\":2,\"name\":\"Politique de qualit\u00e9\"}]},{\"@type\":\"WebSite\",\"@id\":\"https:\/\/quimiromar.com\/fr\/#website\",\"url\":\"https:\/\/quimiromar.com\/fr\/\",\"name\":\"Quimi Romar\",\"description\":\"Droguer\u00eda, perfumer\u00eda y cosm\u00e9tica\",\"publisher\":{\"@id\":\"https:\/\/quimiromar.com\/fr\/#organization\"},\"potentialAction\":[{\"@type\":\"SearchAction\",\"target\":{\"@type\":\"EntryPoint\",\"urlTemplate\":\"https:\/\/quimiromar.com\/fr\/?s={search_term_string}\"},\"query-input\":{\"@type\":\"PropertyValueSpecification\",\"valueRequired\":true,\"valueName\":\"search_term_string\"}}],\"inLanguage\":\"fr-FR\"},{\"@type\":\"Organization\",\"@id\":\"https:\/\/quimiromar.com\/fr\/#organization\",\"name\":\"Quimi Romar\",\"url\":\"https:\/\/quimiromar.com\/fr\/\",\"logo\":{\"@type\":\"ImageObject\",\"inLanguage\":\"fr-FR\",\"@id\":\"https:\/\/quimiromar.com\/fr\/#\/schema\/logo\/image\/\",\"url\":\"\",\"contentUrl\":\"\",\"caption\":\"Quimi Romar\"},\"image\":{\"@id\":\"https:\/\/quimiromar.com\/fr\/#\/schema\/logo\/image\/\"}}]}<\/script>\n<!-- \/ Yoast SEO plugin. -->","yoast_head_json":{"title":"Politique de qualit\u00e9 - Quimi Romar","robots":{"index":"noindex","follow":"follow"},"og_locale":"fr_FR","og_type":"article","og_title":"Politique de qualit\u00e9 - Quimi Romar","og_description":"[\u2026]","og_url":"https:\/\/quimiromar.com\/fr\/politique-de-qualite\/","og_site_name":"Quimi Romar","article_modified_time":"2021-10-05T10:34:51+00:00","twitter_card":"summary_large_image","twitter_misc":{"Dur\u00e9e de lecture estim\u00e9e":"3 minutes"},"schema":{"@context":"https:\/\/schema.org","@graph":[{"@type":"WebPage","@id":"https:\/\/quimiromar.com\/fr\/politique-de-qualite\/","url":"https:\/\/quimiromar.com\/fr\/politique-de-qualite\/","name":"Politique de qualit\u00e9 - Quimi Romar","isPartOf":{"@id":"https:\/\/quimiromar.com\/fr\/#website"},"datePublished":"2017-09-28T15:39:26+00:00","dateModified":"2021-10-05T10:34:51+00:00","breadcrumb":{"@id":"https:\/\/quimiromar.com\/fr\/politique-de-qualite\/#breadcrumb"},"inLanguage":"fr-FR","potentialAction":[{"@type":"ReadAction","target":["https:\/\/quimiromar.com\/fr\/politique-de-qualite\/"]}]},{"@type":"BreadcrumbList","@id":"https:\/\/quimiromar.com\/fr\/politique-de-qualite\/#breadcrumb","itemListElement":[{"@type":"ListItem","position":1,"name":"Home","item":"https:\/\/quimiromar.com\/fr\/"},{"@type":"ListItem","position":2,"name":"Politique de qualit\u00e9"}]},{"@type":"WebSite","@id":"https:\/\/quimiromar.com\/fr\/#website","url":"https:\/\/quimiromar.com\/fr\/","name":"Quimi Romar","description":"Droguer\u00eda, perfumer\u00eda y cosm\u00e9tica","publisher":{"@id":"https:\/\/quimiromar.com\/fr\/#organization"},"potentialAction":[{"@type":"SearchAction","target":{"@type":"EntryPoint","urlTemplate":"https:\/\/quimiromar.com\/fr\/?s={search_term_string}"},"query-input":{"@type":"PropertyValueSpecification","valueRequired":true,"valueName":"search_term_string"}}],"inLanguage":"fr-FR"},{"@type":"Organization","@id":"https:\/\/quimiromar.com\/fr\/#organization","name":"Quimi Romar","url":"https:\/\/quimiromar.com\/fr\/","logo":{"@type":"ImageObject","inLanguage":"fr-FR","@id":"https:\/\/quimiromar.com\/fr\/#\/schema\/logo\/image\/","url":"","contentUrl":"","caption":"Quimi Romar"},"image":{"@id":"https:\/\/quimiromar.com\/fr\/#\/schema\/logo\/image\/"}}]}},"_links":{"self":[{"href":"https:\/\/quimiromar.com\/fr\/wp-json\/wp\/v2\/pages\/6627","targetHints":{"allow":["GET"]}}],"collection":[{"href":"https:\/\/quimiromar.com\/fr\/wp-json\/wp\/v2\/pages"}],"about":[{"href":"https:\/\/quimiromar.com\/fr\/wp-json\/wp\/v2\/types\/page"}],"author":[{"embeddable":true,"href":"https:\/\/quimiromar.com\/fr\/wp-json\/wp\/v2\/users\/2"}],"replies":[{"embeddable":true,"href":"https:\/\/quimiromar.com\/fr\/wp-json\/wp\/v2\/comments?post=6627"}],"version-history":[{"count":3,"href":"https:\/\/quimiromar.com\/fr\/wp-json\/wp\/v2\/pages\/6627\/revisions"}],"predecessor-version":[{"id":23165,"href":"https:\/\/quimiromar.com\/fr\/wp-json\/wp\/v2\/pages\/6627\/revisions\/23165"}],"wp:attachment":[{"href":"https:\/\/quimiromar.com\/fr\/wp-json\/wp\/v2\/media?parent=6627"}],"curies":[{"name":"wp","href":"https:\/\/api.w.org\/{rel}","templated":true}]}}