{"id":9063,"date":"2017-11-28T18:27:24","date_gmt":"2017-11-28T17:27:24","guid":{"rendered":"https:\/\/www.quimiromar.com\/?page_id=9063"},"modified":"2017-12-11T10:04:25","modified_gmt":"2017-12-11T09:04:25","slug":"work-with-us","status":"publish","type":"page","link":"https:\/\/quimiromar.com\/en\/work-with-us\/","title":{"rendered":"Work with us"},"content":{"rendered":"<section class=\"wpb-content-wrapper\"><p>[vc_row full_width=&#8221;stretch_row&#8221; content_placement=&#8221;middle&#8221; el_id=&#8221;header-denuncia&#8221; css=&#8221;.vc_custom_1512983061381{background-image: url(https:\/\/quimiromar.com\/wp-content\/uploads\/trabaja_con_nosotros_quimi_romar_917x304.jpg?id=9085) !important;background-position: center !important;background-repeat: no-repeat !important;background-size: cover !important;}&#8221;][vc_column][vc_column_text]<\/p>\n<h1>Would you like to work with us?<\/h1>\n<p>[\/vc_column_text][\/vc_column][\/vc_row][vc_row][vc_column][vc_column_text]We give you the opportunity of becoming part of a leading company in the sector, of joining our common project, of growing with us, of working as part of a team, and of developing as a professional with our company.<\/p>\n<p>We seek dynamic and committed people who fit in with the values of our company.\u00a0We are eager to get to know you; please send us your CV so that we can include your candidature in our selection procedures.[\/vc_column_text][\/vc_column][\/vc_row][vc_row][vc_column el_class=&#8221;col-form-denuncia&#8221;]\n<div class=\"wpcf7 no-js\" id=\"wpcf7-f9059-o1\" lang=\"es-ES\" dir=\"ltr\" data-wpcf7-id=\"9059\">\n<div class=\"screen-reader-response\"><p role=\"status\" aria-live=\"polite\" aria-atomic=\"true\"><\/p> <ul><\/ul><\/div>\n<form action=\"\/en\/wp-json\/wp\/v2\/pages\/9063#wpcf7-f9059-o1\" method=\"post\" class=\"wpcf7-form init\" aria-label=\"Formulario de contacto\" enctype=\"multipart\/form-data\" novalidate=\"novalidate\" data-status=\"init\">\n<div style=\"display: none;\">\n<input type=\"hidden\" name=\"_wpcf7\" value=\"9059\" \/>\n<input type=\"hidden\" name=\"_wpcf7_version\" value=\"6.0.6\" \/>\n<input type=\"hidden\" name=\"_wpcf7_locale\" value=\"es_ES\" \/>\n<input type=\"hidden\" name=\"_wpcf7_unit_tag\" value=\"wpcf7-f9059-o1\" \/>\n<input type=\"hidden\" name=\"_wpcf7_container_post\" value=\"0\" \/>\n<input type=\"hidden\" name=\"_wpcf7_posted_data_hash\" value=\"\" \/>\n<\/div>\n<div class =\"vc_col-sm-4\">\n\t<p><label>DNI\/NIE*<br \/>\n<span class=\"wpcf7-form-control-wrap\" data-name=\"identidad_eng\"><input size=\"40\" maxlength=\"400\" class=\"wpcf7-form-control wpcf7-text wpcf7-validates-as-required\" aria-required=\"true\" aria-invalid=\"false\" value=\"\" type=\"text\" name=\"identidad_eng\" \/><\/span> <\/label>\n\t<\/p>\n<\/div>\n<div class =\"vc_col-sm-4\">\n\t<p><label>Name and surname*<br \/>\n<span class=\"wpcf7-form-control-wrap\" data-name=\"nombre\"><input size=\"40\" maxlength=\"400\" class=\"wpcf7-form-control wpcf7-text wpcf7-validates-as-required\" aria-required=\"true\" aria-invalid=\"false\" value=\"\" type=\"text\" name=\"nombre\" \/><\/span> <\/label>\n\t<\/p>\n<\/div>\n<div class =\"vc_col-sm-4\">\n\t<p><label>Birthdate*<br \/>\n<span class=\"wpcf7-form-control-wrap\" data-name=\"nacimiento\"><input class=\"wpcf7-form-control wpcf7-date wpcf7-validates-as-required wpcf7-validates-as-date\" aria-required=\"true\" aria-invalid=\"false\" value=\"\" type=\"date\" name=\"nacimiento\" \/><\/span> <\/label>\n\t<\/p>\n<\/div>\n<div class =\"vc_col-sm-4\">\n\t<p><label>E-mail address*<br \/>\n<span class=\"wpcf7-form-control-wrap\" data-name=\"email\"><input size=\"40\" maxlength=\"400\" class=\"wpcf7-form-control wpcf7-email wpcf7-validates-as-required wpcf7-text wpcf7-validates-as-email\" aria-required=\"true\" aria-invalid=\"false\" value=\"\" type=\"email\" name=\"email\" \/><\/span> <\/label>\n\t<\/p>\n<\/div>\n<div class =\"vc_col-sm-4\">\n\t<p><label>Professional profile* <span class=\"wpcf7-form-control-wrap\" data-name=\"perfil\"><select class=\"wpcf7-form-control wpcf7-select wpcf7-validates-as-required\" aria-required=\"true\" aria-invalid=\"false\" name=\"perfil\"><option value=\"\">&#8212;Por favor, elige una opci\u00f3n&#8212;<\/option><option value=\"Administration and Finance\">Administration and Finance<\/option><option value=\"HR (Human Resources)\">HR (Human Resources)<\/option><option value=\"Marketing and \/ or Design\">Marketing and \/ or Design<\/option><option value=\"Quality department\">Quality department<\/option><option value=\"Sales \/ Commercial department\">Sales \/ Commercial department<\/option><option value=\"Production \/ Warehouse operator\">Production \/ Warehouse operator<\/option><option value=\"Maintenance Technician\">Maintenance Technician<\/option><option value=\"Technician (chemical \/ pharmacy technician and similar)\">Technician (chemical \/ pharmacy technician and similar)<\/option><option value=\"Other\">Other<\/option><\/select><\/span><\/label>\n\t<\/p>\n<\/div>\n<div class =\"vc_col-sm-4\">\n\t<p><label> Education and academic background* <span class=\"wpcf7-form-control-wrap\" data-name=\"estudios\"><select class=\"wpcf7-form-control wpcf7-select wpcf7-validates-as-required\" aria-required=\"true\" aria-invalid=\"false\" name=\"estudios\"><option value=\"\">&#8212;Por favor, elige una opci\u00f3n&#8212;<\/option><option value=\"No academic background\">No academic background<\/option><option value=\"General Certificate of Secondary Education\">General Certificate of Secondary Education<\/option><option value=\"General Certificate of Education\">General Certificate of Education<\/option><option value=\"Certificate of Higher Education\">Certificate of Higher Education<\/option><option value=\"Higher National Diploma\">Higher National Diploma<\/option><option value=\"Bachelor&#039;s Degree \/ Engineer\u2019s Degree\">Bachelor&#039;s Degree \/ Engineer\u2019s Degree<\/option><option value=\"Master\u2019s Degree\">Master\u2019s Degree<\/option><\/select><\/span><\/label>\n\t<\/p>\n<\/div>\n<div class =\"vc_col-sm-4\">\n\t<p><label> Driving license* <span class=\"wpcf7-form-control-wrap\" data-name=\"carnet\"><select class=\"wpcf7-form-control wpcf7-select wpcf7-validates-as-required\" aria-required=\"true\" aria-invalid=\"false\" name=\"carnet\"><option value=\"\">&#8212;Por favor, elige una opci\u00f3n&#8212;<\/option><option value=\"Yes\">Yes<\/option><option value=\"No\">No<\/option><\/select><\/span><\/label>\n\t<\/p>\n<\/div>\n<div class =\"vc_col-sm-4\">\n\t<p><label> Forklift driving license* <span class=\"wpcf7-form-control-wrap\" data-name=\"carretillero\"><select class=\"wpcf7-form-control wpcf7-select wpcf7-validates-as-required\" aria-required=\"true\" aria-invalid=\"false\" name=\"carretillero\"><option value=\"\">&#8212;Por favor, elige una opci\u00f3n&#8212;<\/option><option value=\"Yes\">Yes<\/option><option value=\"No\">No<\/option><\/select><\/span><\/label>\n\t<\/p>\n<\/div>\n<div class =\"vc_col-sm-4\">\n\t<p><label> Own car* <span class=\"wpcf7-form-control-wrap\" data-name=\"vehiculo\"><select class=\"wpcf7-form-control wpcf7-select wpcf7-validates-as-required\" aria-required=\"true\" aria-invalid=\"false\" name=\"vehiculo\"><option value=\"\">&#8212;Por favor, elige una opci\u00f3n&#8212;<\/option><option value=\"Yes\">Yes<\/option><option value=\"No\">No<\/option><\/select><\/span><\/label>\n\t<\/p>\n<\/div>\n<div class =\"vc_col-sm-4\">\n\t<p><label> Professional experience in similar position* <span class=\"wpcf7-form-control-wrap\" data-name=\"experiencia\"><select class=\"wpcf7-form-control wpcf7-select wpcf7-validates-as-required\" aria-required=\"true\" aria-invalid=\"false\" name=\"experiencia\"><option value=\"\">&#8212;Por favor, elige una opci\u00f3n&#8212;<\/option><option value=\"Less than 2 years\">Less than 2 years<\/option><option value=\"2 years or more than 2 years\">2 years or more than 2 years<\/option><\/select><\/span><\/label>\n\t<\/p>\n<\/div>\n<div class =\"vc_col-sm-4\">\n\t<p><label> Time availability* <span class=\"wpcf7-form-control-wrap\" data-name=\"disponibilidad\"><select class=\"wpcf7-form-control wpcf7-select wpcf7-validates-as-required\" aria-required=\"true\" aria-invalid=\"false\" name=\"disponibilidad\"><option value=\"\">&#8212;Por favor, elige una opci\u00f3n&#8212;<\/option><option value=\"Morning and afternoon shift\">Morning and afternoon shift<\/option><option value=\"Night shift\">Night shift<\/option><option value=\"Full time\">Full time<\/option><\/select><\/span><\/label>\n\t<\/p>\n<\/div>\n<div class =\"vc_col-sm-4\">\n\t<p><label>City*<br \/>\n<span class=\"wpcf7-form-control-wrap\" data-name=\"city\"><input size=\"40\" maxlength=\"400\" class=\"wpcf7-form-control wpcf7-text wpcf7-validates-as-required\" aria-required=\"true\" aria-invalid=\"false\" value=\"\" type=\"text\" name=\"city\" \/><\/span> <\/label>\n\t<\/p>\n<\/div>\n<div class =\"vc_col-sm-12\">\n\t<h2>Curr\u00edculum\n\t<\/h2>\n\t<p><label> Join CV * (Files must be less than: 2 MB Allowed files: doc docx txt pdf)<br \/>\n<span class=\"wpcf7-form-control-wrap\" data-name=\"file-cv\"><input size=\"40\" class=\"wpcf7-form-control wpcf7-file\" accept=\".doc,.docx,.pdf,.txt\" aria-invalid=\"false\" type=\"file\" name=\"file-cv\" \/><\/span> <\/label>\n\t<\/p>\n<\/div>\n<div class =\"vc_col-sm-12\">\n\t<h2>Languages\n\t<\/h2>\n<\/div>\n<div class =\"vc_col-sm-6\">\n\t<p><label> English* <span class=\"wpcf7-form-control-wrap\" data-name=\"ingles\"><select class=\"wpcf7-form-control wpcf7-select wpcf7-validates-as-required\" aria-required=\"true\" aria-invalid=\"false\" name=\"ingles\"><option value=\"\">&#8212;Por favor, elige una opci\u00f3n&#8212;<\/option><option value=\"A1\">A1<\/option><option value=\"A2\">A2<\/option><option value=\"B1\">B1<\/option><option value=\"B2\">B2<\/option><option value=\"C1\">C1<\/option><option value=\"C2\">C2<\/option><option value=\"None\">None<\/option><\/select><\/span><\/label>\n\t<\/p>\n<\/div>\n<div class =\"vc_col-sm-6\">\n\t<p><label> Certificate* <span class=\"wpcf7-form-control-wrap\" data-name=\"certificadi_i\"><select class=\"wpcf7-form-control wpcf7-select wpcf7-validates-as-required\" aria-required=\"true\" aria-invalid=\"false\" name=\"certificadi_i\"><option value=\"\">&#8212;Por favor, elige una opci\u00f3n&#8212;<\/option><option value=\"Yes\">Yes<\/option><option value=\"No\">No<\/option><\/select><\/span><\/label>\n\t<\/p>\n<\/div>\n<div class =\"vc_col-sm-6\">\n\t<p><label> French* <span class=\"wpcf7-form-control-wrap\" data-name=\"frances\"><select class=\"wpcf7-form-control wpcf7-select wpcf7-validates-as-required\" aria-required=\"true\" aria-invalid=\"false\" name=\"frances\"><option value=\"\">&#8212;Por favor, elige una opci\u00f3n&#8212;<\/option><option value=\"A1\">A1<\/option><option value=\"A2\">A2<\/option><option value=\"B1\">B1<\/option><option value=\"B2\">B2<\/option><option value=\"C1\">C1<\/option><option value=\"C2\">C2<\/option><option value=\"None\">None<\/option><\/select><\/span><\/label>\n\t<\/p>\n<\/div>\n<div class =\"vc_col-sm-6\">\n\t<p><label> Certificate* <span class=\"wpcf7-form-control-wrap\" data-name=\"certificadi_f\"><select class=\"wpcf7-form-control wpcf7-select wpcf7-validates-as-required\" aria-required=\"true\" aria-invalid=\"false\" name=\"certificadi_f\"><option value=\"\">&#8212;Por favor, elige una opci\u00f3n&#8212;<\/option><option value=\"Yes\">Yes<\/option><option value=\"No\">No<\/option><\/select><\/span><\/label>\n\t<\/p>\n<\/div>\n<div class=\"ac-nota  vc_col-sm-12\">\n\t<p><span class=\"wpcf7-form-control-wrap\" data-name=\"ac-nota\"><span class=\"wpcf7-form-control wpcf7-acceptance\"><span class=\"wpcf7-list-item\"><input type=\"checkbox\" name=\"ac-nota\" value=\"1\" aria-invalid=\"false\" \/><\/span><\/span><\/span><strong> I have read and accept the <a href=\"\/en\/privacy-policy\/\" target=\"_blank\">privacy policy and cookies.<\/a><\/strong>\n\t<\/p>\n<\/div>\n<div class=\"nota vc_col-sm-12\">\n\t<p>QUIMI ROMAR S.L.U. complies with current legislation as reflected in Organic Law 15\/1999 of 13th December on Personal Data Protection (Ley Org\u00e1nica de Protecci\u00f3n de Datos, LOPD), the objective of which is to guarantee and provide protection insofar as the treatment of personal data, liberties, and fundamental rights is concerned, and in particular honour and personal privacy.<br \/>\nThese personal data will be used exclusively for the purpose stated by the user on the form.<br \/>\nQUIMI ROMAR S.L.U. guarantees the confidence and safety of your data and that they will not be revealed to third parties.<br \/>\nThe user may exercise the rights recognised in the LOPD of access, rectification, cancellation, and opposition. To exercise these rights, please notify QUIMI ROMAR S.L.U, by any established means of contact.\n\t<\/p>\n<\/div>\n<p><input class=\"wpcf7-form-control wpcf7-submit has-spinner\" type=\"submit\" value=\"Send\" \/>\n<\/p><p style=\"display: none !important;\" class=\"akismet-fields-container\" data-prefix=\"_wpcf7_ak_\"><label>&#916;<textarea name=\"_wpcf7_ak_hp_textarea\" cols=\"45\" rows=\"8\" maxlength=\"100\"><\/textarea><\/label><input type=\"hidden\" id=\"ak_js_1\" name=\"_wpcf7_ak_js\" value=\"20\"\/><script>document.getElementById( \"ak_js_1\" ).setAttribute( \"value\", ( new Date() ).getTime() );<\/script><\/p><div class=\"wpcf7-response-output\" aria-hidden=\"true\"><\/div>\n<\/form>\n<\/div>\n[\/vc_column][\/vc_row]<\/p><\/section>","protected":false},"excerpt":{"rendered":"<p><span class=\"excerpt-hellip\"> [\u2026]<\/span><\/p>","protected":false},"author":2,"featured_media":0,"parent":0,"menu_order":0,"comment_status":"closed","ping_status":"closed","template":"","meta":{"footnotes":""},"class_list":["post-9063","page","type-page","status-publish","hentry"],"yoast_head":"<!-- This site is optimized with the Yoast SEO plugin v25.2 - https:\/\/yoast.com\/wordpress\/plugins\/seo\/ -->\n<title>Work with us - Quimi Romar<\/title>\n<meta name=\"robots\" content=\"noindex, nofollow\" \/>\n<meta property=\"og:locale\" content=\"en_US\" \/>\n<meta property=\"og:type\" content=\"article\" \/>\n<meta property=\"og:title\" content=\"Work with us - Quimi Romar\" \/>\n<meta property=\"og:description\" content=\"[\u2026]\" \/>\n<meta property=\"og:url\" content=\"https:\/\/quimiromar.com\/en\/work-with-us\/\" \/>\n<meta property=\"og:site_name\" content=\"Quimi Romar\" \/>\n<meta property=\"article:modified_time\" content=\"2017-12-11T09:04:25+00:00\" \/>\n<meta name=\"twitter:card\" content=\"summary_large_image\" \/>\n<meta name=\"twitter:label1\" content=\"Est. reading time\" \/>\n\t<meta name=\"twitter:data1\" content=\"1 minute\" \/>\n<script type=\"application\/ld+json\" class=\"yoast-schema-graph\">{\"@context\":\"https:\/\/schema.org\",\"@graph\":[{\"@type\":\"WebPage\",\"@id\":\"https:\/\/quimiromar.com\/en\/work-with-us\/\",\"url\":\"https:\/\/quimiromar.com\/en\/work-with-us\/\",\"name\":\"Work with us - Quimi Romar\",\"isPartOf\":{\"@id\":\"https:\/\/quimiromar.com\/en\/#website\"},\"datePublished\":\"2017-11-28T17:27:24+00:00\",\"dateModified\":\"2017-12-11T09:04:25+00:00\",\"breadcrumb\":{\"@id\":\"https:\/\/quimiromar.com\/en\/work-with-us\/#breadcrumb\"},\"inLanguage\":\"en-US\",\"potentialAction\":[{\"@type\":\"ReadAction\",\"target\":[\"https:\/\/quimiromar.com\/en\/work-with-us\/\"]}]},{\"@type\":\"BreadcrumbList\",\"@id\":\"https:\/\/quimiromar.com\/en\/work-with-us\/#breadcrumb\",\"itemListElement\":[{\"@type\":\"ListItem\",\"position\":1,\"name\":\"Home\",\"item\":\"https:\/\/quimiromar.com\/en\/\"},{\"@type\":\"ListItem\",\"position\":2,\"name\":\"Work with us\"}]},{\"@type\":\"WebSite\",\"@id\":\"https:\/\/quimiromar.com\/en\/#website\",\"url\":\"https:\/\/quimiromar.com\/en\/\",\"name\":\"Quimi Romar\",\"description\":\"Droguer\u00eda, perfumer\u00eda y cosm\u00e9tica\",\"publisher\":{\"@id\":\"https:\/\/quimiromar.com\/en\/#organization\"},\"potentialAction\":[{\"@type\":\"SearchAction\",\"target\":{\"@type\":\"EntryPoint\",\"urlTemplate\":\"https:\/\/quimiromar.com\/en\/?s={search_term_string}\"},\"query-input\":{\"@type\":\"PropertyValueSpecification\",\"valueRequired\":true,\"valueName\":\"search_term_string\"}}],\"inLanguage\":\"en-US\"},{\"@type\":\"Organization\",\"@id\":\"https:\/\/quimiromar.com\/en\/#organization\",\"name\":\"Quimi Romar\",\"url\":\"https:\/\/quimiromar.com\/en\/\",\"logo\":{\"@type\":\"ImageObject\",\"inLanguage\":\"en-US\",\"@id\":\"https:\/\/quimiromar.com\/en\/#\/schema\/logo\/image\/\",\"url\":\"\",\"contentUrl\":\"\",\"caption\":\"Quimi Romar\"},\"image\":{\"@id\":\"https:\/\/quimiromar.com\/en\/#\/schema\/logo\/image\/\"}}]}<\/script>\n<!-- \/ Yoast SEO plugin. -->","yoast_head_json":{"title":"Work with us - Quimi Romar","robots":{"index":"noindex","follow":"nofollow"},"og_locale":"en_US","og_type":"article","og_title":"Work with us - Quimi Romar","og_description":"[\u2026]","og_url":"https:\/\/quimiromar.com\/en\/work-with-us\/","og_site_name":"Quimi Romar","article_modified_time":"2017-12-11T09:04:25+00:00","twitter_card":"summary_large_image","twitter_misc":{"Est. reading time":"1 minute"},"schema":{"@context":"https:\/\/schema.org","@graph":[{"@type":"WebPage","@id":"https:\/\/quimiromar.com\/en\/work-with-us\/","url":"https:\/\/quimiromar.com\/en\/work-with-us\/","name":"Work with us - Quimi Romar","isPartOf":{"@id":"https:\/\/quimiromar.com\/en\/#website"},"datePublished":"2017-11-28T17:27:24+00:00","dateModified":"2017-12-11T09:04:25+00:00","breadcrumb":{"@id":"https:\/\/quimiromar.com\/en\/work-with-us\/#breadcrumb"},"inLanguage":"en-US","potentialAction":[{"@type":"ReadAction","target":["https:\/\/quimiromar.com\/en\/work-with-us\/"]}]},{"@type":"BreadcrumbList","@id":"https:\/\/quimiromar.com\/en\/work-with-us\/#breadcrumb","itemListElement":[{"@type":"ListItem","position":1,"name":"Home","item":"https:\/\/quimiromar.com\/en\/"},{"@type":"ListItem","position":2,"name":"Work with us"}]},{"@type":"WebSite","@id":"https:\/\/quimiromar.com\/en\/#website","url":"https:\/\/quimiromar.com\/en\/","name":"Quimi Romar","description":"Droguer\u00eda, perfumer\u00eda y cosm\u00e9tica","publisher":{"@id":"https:\/\/quimiromar.com\/en\/#organization"},"potentialAction":[{"@type":"SearchAction","target":{"@type":"EntryPoint","urlTemplate":"https:\/\/quimiromar.com\/en\/?s={search_term_string}"},"query-input":{"@type":"PropertyValueSpecification","valueRequired":true,"valueName":"search_term_string"}}],"inLanguage":"en-US"},{"@type":"Organization","@id":"https:\/\/quimiromar.com\/en\/#organization","name":"Quimi Romar","url":"https:\/\/quimiromar.com\/en\/","logo":{"@type":"ImageObject","inLanguage":"en-US","@id":"https:\/\/quimiromar.com\/en\/#\/schema\/logo\/image\/","url":"","contentUrl":"","caption":"Quimi Romar"},"image":{"@id":"https:\/\/quimiromar.com\/en\/#\/schema\/logo\/image\/"}}]}},"_links":{"self":[{"href":"https:\/\/quimiromar.com\/en\/wp-json\/wp\/v2\/pages\/9063","targetHints":{"allow":["GET"]}}],"collection":[{"href":"https:\/\/quimiromar.com\/en\/wp-json\/wp\/v2\/pages"}],"about":[{"href":"https:\/\/quimiromar.com\/en\/wp-json\/wp\/v2\/types\/page"}],"author":[{"embeddable":true,"href":"https:\/\/quimiromar.com\/en\/wp-json\/wp\/v2\/users\/2"}],"replies":[{"embeddable":true,"href":"https:\/\/quimiromar.com\/en\/wp-json\/wp\/v2\/comments?post=9063"}],"version-history":[{"count":4,"href":"https:\/\/quimiromar.com\/en\/wp-json\/wp\/v2\/pages\/9063\/revisions"}],"predecessor-version":[{"id":9103,"href":"https:\/\/quimiromar.com\/en\/wp-json\/wp\/v2\/pages\/9063\/revisions\/9103"}],"wp:attachment":[{"href":"https:\/\/quimiromar.com\/en\/wp-json\/wp\/v2\/media?parent=9063"}],"curies":[{"name":"wp","href":"https:\/\/api.w.org\/{rel}","templated":true}]}}