{"id":8521,"date":"2017-04-04T14:28:38","date_gmt":"2017-04-04T13:28:38","guid":{"rendered":"https:\/\/www.quimiromar.com\/empresa\/"},"modified":"2018-01-30T13:52:33","modified_gmt":"2018-01-30T12:52:33","slug":"our-company","status":"publish","type":"page","link":"https:\/\/quimiromar.com\/en\/our-company\/","title":{"rendered":"Our company"},"content":{"rendered":"<section class=\"wpb-content-wrapper\"><p>[vc_row full_width=&#8221;stretch_row&#8221; content_placement=&#8221;middle&#8221; el_id=&#8221;header-empresa&#8221; css=&#8221;.vc_custom_1506428050955{background-image: url(https:\/\/quimiromar.com\/wp-content\/uploads\/empresa-bg-2.jpg?id=5386) !important;background-position: center !important;background-repeat: no-repeat !important;background-size: cover !important;}&#8221;][vc_column][vc_column_text el_class=&#8221;title&#8221;]<\/p>\n<h1>WELCOME TO OUR COMPANY<\/h1>\n<p><a class=\"bt-white vp-a\" href=\"https:\/\/www.youtube.com\/watch?v=jGOxxRo8gHA\" target=\"_blank\" rel=\"noopener\">WATCH VIDEO<\/a>[\/vc_column_text][\/vc_column][\/vc_row][vc_row full_width=&#8221;stretch_row&#8221; el_id=&#8221;empresa-info&#8221;][vc_column width=&#8221;1\/3&#8243;][vc_column_text el_class=&#8221;icon-empresa&#8221;]<img decoding=\"async\" src=\"https:\/\/quimiromar.com\/wp-content\/uploads\/1968.svg\" \/>[\/vc_column_text][vc_column_text]Quimi Romar was founded in 1968 and during the past 50 years has consolidated itself as a recognized leader in the production and distribution of personal care, cosmetics and homecare products.<\/p>\n<p>Established as a family owned business, Quimi Romar has grown to employee over 250 people[\/vc_column_text][\/vc_column][vc_column width=&#8221;1\/3&#8243;][vc_column_text el_class=&#8221;icon-empresa&#8221;]<img decoding=\"async\" src=\"https:\/\/quimiromar.com\/wp-content\/uploads\/70_eng.svg\" \/>[\/vc_column_text][vc_column_text]During this period QUIMI ROMAR has evolved continuously through the hands of professionals aware of the need to constantly adapt to new and ever growing competitive surroundings.<\/p>\n<p>Within our sector our Organization is recognized globally and products are in its due to the presence of our brands in over 70 countries.[\/vc_column_text][\/vc_column][vc_column width=&#8221;1\/3&#8243;][vc_column_text el_class=&#8221;icon-empresa&#8221;]<img decoding=\"async\" src=\"https:\/\/quimiromar.com\/wp-content\/uploads\/800skus_multi.svg\" \/>[\/vc_column_text][vc_column_text]Our catalogue has an offering of more than 800 references distributed across 40 different product families within both Personal Care and Homecare categories. Our flagship brands include Amalfi (personal care), Romar (clothing and air fresheners), Yuki Mat\u00f3n (insecticides), Garley (air fresheners and automotive care) and Destello (home surface cleaners). Such a wide range comfortably renders a complete solution to just about any personal and home care need. Individual consumer requirements are met with varied formats, sizes, fragrances, aromas, textures and usage methods.[\/vc_column_text][\/vc_column][\/vc_row][vc_row full_width=&#8221;stretch_row&#8221; el_id=&#8221;quienes-somos&#8221; css=&#8221;.vc_custom_1506957510160{background: #ffffff url(https:\/\/quimiromar.com\/wp-content\/uploads\/bg-quienes-somos-2.jpg?id=8439) !important;background-position: center !important;background-repeat: no-repeat !important;background-size: cover !important;}&#8221;][vc_column width=&#8221;1\/2&#8243;][vc_column_text]<\/p>\n<h2>WHO WE ARE<\/h2>\n<p>Within QUIMI ROMAR we dedicate ourselves to the development, production and distribution of everyday use cosmetic, personal care and homecare products. Whilst strong in liquid products and possessing clean room facilities, our aerosol filling station is equipped to produce a number of formats and types of aerosol spray products. We take pride in looking after every detail throughout the process; from product conception, formulation, development, production, packaging, warehousing and subsequent distribution.<\/p>\n<p>Amongst our strengths, the versatility shown by QUIMI ROMAR has been key to our success during this 50 year period. Such versatility is reflected through our ever-growing multi-channel approach on a global scale. People working with us are accustomed to adapting to our environment and do so by working with traditional retailers, advanced distribution chains, wholesalers and importers.<\/p>\n<p>We provide proactive and innovative responses to our customers\u2019 projects demands to ensure success in their business model.[\/vc_column_text][\/vc_column][vc_column width=&#8221;1\/2&#8243;][\/vc_column][\/vc_row][vc_row full_width=&#8221;stretch_row&#8221; el_id=&#8221;nuestras-instalaciones&#8221; css=&#8221;.vc_custom_1506959901670{background-image: url(https:\/\/quimiromar.com\/wp-content\/uploads\/instalaciones-bg.jpg?id=8495) !important;background-position: center !important;background-repeat: no-repeat !important;background-size: cover !important;}&#8221;][vc_column][vc_column_text el_class=&#8221;ni-container&#8221;]<\/p>\n<h2>OUR INSTALLATIONS<\/h2>\n<p>QUIMI ROMAR is situated in Valencia (Spain) which is on the Mediterranean coastline. A strategic location for both maritime and land transport. Our infrastructure includes a surface area of 40.000m<sup>2<\/sup>\u00a0of which, 25.000m<sup>2<\/sup>\u00a0are devoted production and administration; main office, formulation plant, packaging plant and, our own manufacturing plant to blow plastic bottles (PE and PET).<\/p>\n<p>Raw material warehousing covers 9.000m<sup>2<\/sup>\u00a0with 2 depots for storing chemical products; one for surfactants and another for flammable products. \u00a0Aside from this we have two\u00a0logistic warehouses that were inaugurated in 2010. These combined store up to 12.000 pallets of end product.[\/vc_column_text][\/vc_column][\/vc_row][vc_row full_width=&#8221;stretch_row&#8221; el_id=&#8221;empresa-bottom&#8221; css=&#8221;.vc_custom_1506960052162{background-image: url(https:\/\/quimiromar.com\/wp-content\/uploads\/empresa-bottom-bg.jpg?id=8499) !important;background-position: center !important;background-repeat: no-repeat !important;background-size: cover !important;}&#8221;][vc_column width=&#8221;1\/2&#8243;][vc_column_text]<img decoding=\"async\" src=\"https:\/\/quimiromar.com\/wp-content\/uploads\/ic_calidad.svg\" \/>[\/vc_column_text][vc_column_text]<\/p>\n<h2>QUALITY EXCELLENCE<em>\u00a0<\/em><\/h2>\n<p>QUIMI ROMAR implemented and successfully maintained the Quality Management System in accordance with the UNE-EN ISO 9001: 2015. This standard of quality certifies our entire Production and Management processes within our organization.<\/p>\n<p>Furthermore we are compliant with Good Manufacturing Practices (GMP) regarding the manufacturing and packaging of our cosmetic products and there is a firm commitment to place this particular Practice to all products produced.[\/vc_column_text][\/vc_column][vc_column width=&#8221;1\/2&#8243;][vc_column_text]<img decoding=\"async\" src=\"https:\/\/quimiromar.com\/wp-content\/uploads\/ic_innovacion.svg\" \/>[\/vc_column_text][vc_column_text]<\/p>\n<h2>PASSIONATE ABOUT R+D+i<\/h2>\n<p>We understand the importance behind Research, Development and Innovation (R+D+i). It is in fact the principle method to ensure we provide a successful business model for our customers. On one hand; we work on creating and developing new products to bring to the market using modern technology and on the other; to optimize costs and functionality of these products.<\/p>\n<p>The result is an attractive commercially orientated end product, effective in use and which our customers can distribute at competitive prices.[\/vc_column_text][\/vc_column][\/vc_row][vc_row full_width=&#8221;stretch_row&#8221; el_id=&#8221;empresa-crecimiento&#8221;][vc_column][vc_column_text el_class=&#8221;ci-container&#8221;]<\/p>\n<h2>SUSTAINABLE GROWTH<\/h2>\n<p>Of our many commitments, one is to be responsible with the environment. By implementing and updating a modern Management System, we work towards reducing to a minimum the environmental impact which could be generated by our production activities. Furthermore, as a member of a number of Associations and regulated by internationally renowned.<\/p>\n<p>Organizations, we are continuously in tune with current legal and sectorial requirements. Our Environmental Management System provides both our customers, consumers and ourselves the peace of mind necessary to realize ROMAR GROUP is committed to protect and create sustainability for our environment.[\/vc_column_text][vc_row_inner][vc_column_inner width=&#8221;1\/3&#8243;][vc_column_text el_class=&#8221;icon-empresa&#8221;]<a href=\"http:\/\/www.adelma.es\/empresas-miembro-4\" target=\"_blank\" rel=\"noopener\"><img decoding=\"async\" src=\"https:\/\/quimiromar.com\/wp-content\/uploads\/adelma-1.svg\" \/><\/a>[\/vc_column_text][\/vc_column_inner][vc_column_inner width=&#8221;1\/3&#8243;][vc_column_text el_class=&#8221;icon-empresa&#8221;]<a href=\"http:\/\/aeda.org\/listado-de-socios\/?w2dc_action=search&amp;search_category=0&amp;what_search=QUIMI+ROMAR&amp;search_location=0&amp;where_search=&amp;submit=Buscar\" target=\"_blank\" rel=\"noopener\"><img decoding=\"async\" src=\"https:\/\/quimiromar.com\/wp-content\/uploads\/aeda-1.svg\" \/><\/a>[\/vc_column_text][\/vc_column_inner][vc_column_inner width=&#8221;1\/3&#8243;][vc_column_text el_class=&#8221;icon-empresa&#8221;]<a href=\"http:\/\/www.quimacova.org\/asociados.php\" target=\"_blank\" rel=\"noopener\"><img decoding=\"async\" src=\"https:\/\/quimiromar.com\/wp-content\/uploads\/quimacova.svg\" \/><\/a>[\/vc_column_text][\/vc_column_inner][\/vc_row_inner][\/vc_column][\/vc_row]<\/p><\/section>","protected":false},"excerpt":{"rendered":"<p><span class=\"excerpt-hellip\"> [\u2026]<\/span><\/p>","protected":false},"author":2,"featured_media":0,"parent":0,"menu_order":0,"comment_status":"closed","ping_status":"closed","template":"","meta":{"footnotes":""},"class_list":["post-8521","page","type-page","status-publish","hentry"],"yoast_head":"<!-- This site is optimized with the Yoast SEO plugin v25.2 - https:\/\/yoast.com\/wordpress\/plugins\/seo\/ -->\n<title>Our company - Quimi Romar<\/title>\n<meta name=\"robots\" content=\"index, follow, max-snippet:-1, max-image-preview:large, max-video-preview:-1\" \/>\n<link rel=\"canonical\" href=\"https:\/\/quimiromar.com\/en\/our-company\/\" \/>\n<meta property=\"og:locale\" content=\"en_US\" \/>\n<meta property=\"og:type\" content=\"article\" \/>\n<meta property=\"og:title\" content=\"Our company - Quimi Romar\" \/>\n<meta property=\"og:description\" content=\"[\u2026]\" \/>\n<meta property=\"og:url\" content=\"https:\/\/quimiromar.com\/en\/our-company\/\" \/>\n<meta property=\"og:site_name\" content=\"Quimi Romar\" \/>\n<meta property=\"article:modified_time\" content=\"2018-01-30T12:52:33+00:00\" \/>\n<meta property=\"og:image\" content=\"https:\/\/quimiromar.com\/wp-content\/uploads\/1968.svg\" \/>\n<meta name=\"twitter:card\" content=\"summary_large_image\" \/>\n<meta name=\"twitter:label1\" content=\"Est. reading time\" \/>\n\t<meta name=\"twitter:data1\" content=\"5 minutes\" \/>\n<script type=\"application\/ld+json\" class=\"yoast-schema-graph\">{\"@context\":\"https:\/\/schema.org\",\"@graph\":[{\"@type\":\"WebPage\",\"@id\":\"https:\/\/quimiromar.com\/en\/our-company\/\",\"url\":\"https:\/\/quimiromar.com\/en\/our-company\/\",\"name\":\"Our company - Quimi Romar\",\"isPartOf\":{\"@id\":\"https:\/\/quimiromar.com\/en\/#website\"},\"primaryImageOfPage\":{\"@id\":\"https:\/\/quimiromar.com\/en\/our-company\/#primaryimage\"},\"image\":{\"@id\":\"https:\/\/quimiromar.com\/en\/our-company\/#primaryimage\"},\"thumbnailUrl\":\"https:\/\/quimiromar.com\/wp-content\/uploads\/1968.svg\",\"datePublished\":\"2017-04-04T13:28:38+00:00\",\"dateModified\":\"2018-01-30T12:52:33+00:00\",\"breadcrumb\":{\"@id\":\"https:\/\/quimiromar.com\/en\/our-company\/#breadcrumb\"},\"inLanguage\":\"en-US\",\"potentialAction\":[{\"@type\":\"ReadAction\",\"target\":[\"https:\/\/quimiromar.com\/en\/our-company\/\"]}]},{\"@type\":\"ImageObject\",\"inLanguage\":\"en-US\",\"@id\":\"https:\/\/quimiromar.com\/en\/our-company\/#primaryimage\",\"url\":\"https:\/\/quimiromar.com\/wp-content\/uploads\/1968.svg\",\"contentUrl\":\"https:\/\/quimiromar.com\/wp-content\/uploads\/1968.svg\"},{\"@type\":\"BreadcrumbList\",\"@id\":\"https:\/\/quimiromar.com\/en\/our-company\/#breadcrumb\",\"itemListElement\":[{\"@type\":\"ListItem\",\"position\":1,\"name\":\"Home\",\"item\":\"https:\/\/quimiromar.com\/en\/\"},{\"@type\":\"ListItem\",\"position\":2,\"name\":\"Our company\"}]},{\"@type\":\"WebSite\",\"@id\":\"https:\/\/quimiromar.com\/en\/#website\",\"url\":\"https:\/\/quimiromar.com\/en\/\",\"name\":\"Quimi Romar\",\"description\":\"Droguer\u00eda, perfumer\u00eda y cosm\u00e9tica\",\"publisher\":{\"@id\":\"https:\/\/quimiromar.com\/en\/#organization\"},\"potentialAction\":[{\"@type\":\"SearchAction\",\"target\":{\"@type\":\"EntryPoint\",\"urlTemplate\":\"https:\/\/quimiromar.com\/en\/?s={search_term_string}\"},\"query-input\":{\"@type\":\"PropertyValueSpecification\",\"valueRequired\":true,\"valueName\":\"search_term_string\"}}],\"inLanguage\":\"en-US\"},{\"@type\":\"Organization\",\"@id\":\"https:\/\/quimiromar.com\/en\/#organization\",\"name\":\"Quimi Romar\",\"url\":\"https:\/\/quimiromar.com\/en\/\",\"logo\":{\"@type\":\"ImageObject\",\"inLanguage\":\"en-US\",\"@id\":\"https:\/\/quimiromar.com\/en\/#\/schema\/logo\/image\/\",\"url\":\"\",\"contentUrl\":\"\",\"caption\":\"Quimi Romar\"},\"image\":{\"@id\":\"https:\/\/quimiromar.com\/en\/#\/schema\/logo\/image\/\"}}]}<\/script>\n<!-- \/ Yoast SEO plugin. -->","yoast_head_json":{"title":"Our company - Quimi Romar","robots":{"index":"index","follow":"follow","max-snippet":"max-snippet:-1","max-image-preview":"max-image-preview:large","max-video-preview":"max-video-preview:-1"},"canonical":"https:\/\/quimiromar.com\/en\/our-company\/","og_locale":"en_US","og_type":"article","og_title":"Our company - Quimi Romar","og_description":"[\u2026]","og_url":"https:\/\/quimiromar.com\/en\/our-company\/","og_site_name":"Quimi Romar","article_modified_time":"2018-01-30T12:52:33+00:00","og_image":[{"url":"https:\/\/quimiromar.com\/wp-content\/uploads\/1968.svg","type":"","width":"","height":""}],"twitter_card":"summary_large_image","twitter_misc":{"Est. reading time":"5 minutes"},"schema":{"@context":"https:\/\/schema.org","@graph":[{"@type":"WebPage","@id":"https:\/\/quimiromar.com\/en\/our-company\/","url":"https:\/\/quimiromar.com\/en\/our-company\/","name":"Our company - Quimi Romar","isPartOf":{"@id":"https:\/\/quimiromar.com\/en\/#website"},"primaryImageOfPage":{"@id":"https:\/\/quimiromar.com\/en\/our-company\/#primaryimage"},"image":{"@id":"https:\/\/quimiromar.com\/en\/our-company\/#primaryimage"},"thumbnailUrl":"https:\/\/quimiromar.com\/wp-content\/uploads\/1968.svg","datePublished":"2017-04-04T13:28:38+00:00","dateModified":"2018-01-30T12:52:33+00:00","breadcrumb":{"@id":"https:\/\/quimiromar.com\/en\/our-company\/#breadcrumb"},"inLanguage":"en-US","potentialAction":[{"@type":"ReadAction","target":["https:\/\/quimiromar.com\/en\/our-company\/"]}]},{"@type":"ImageObject","inLanguage":"en-US","@id":"https:\/\/quimiromar.com\/en\/our-company\/#primaryimage","url":"https:\/\/quimiromar.com\/wp-content\/uploads\/1968.svg","contentUrl":"https:\/\/quimiromar.com\/wp-content\/uploads\/1968.svg"},{"@type":"BreadcrumbList","@id":"https:\/\/quimiromar.com\/en\/our-company\/#breadcrumb","itemListElement":[{"@type":"ListItem","position":1,"name":"Home","item":"https:\/\/quimiromar.com\/en\/"},{"@type":"ListItem","position":2,"name":"Our company"}]},{"@type":"WebSite","@id":"https:\/\/quimiromar.com\/en\/#website","url":"https:\/\/quimiromar.com\/en\/","name":"Quimi Romar","description":"Droguer\u00eda, perfumer\u00eda y cosm\u00e9tica","publisher":{"@id":"https:\/\/quimiromar.com\/en\/#organization"},"potentialAction":[{"@type":"SearchAction","target":{"@type":"EntryPoint","urlTemplate":"https:\/\/quimiromar.com\/en\/?s={search_term_string}"},"query-input":{"@type":"PropertyValueSpecification","valueRequired":true,"valueName":"search_term_string"}}],"inLanguage":"en-US"},{"@type":"Organization","@id":"https:\/\/quimiromar.com\/en\/#organization","name":"Quimi Romar","url":"https:\/\/quimiromar.com\/en\/","logo":{"@type":"ImageObject","inLanguage":"en-US","@id":"https:\/\/quimiromar.com\/en\/#\/schema\/logo\/image\/","url":"","contentUrl":"","caption":"Quimi Romar"},"image":{"@id":"https:\/\/quimiromar.com\/en\/#\/schema\/logo\/image\/"}}]}},"_links":{"self":[{"href":"https:\/\/quimiromar.com\/en\/wp-json\/wp\/v2\/pages\/8521","targetHints":{"allow":["GET"]}}],"collection":[{"href":"https:\/\/quimiromar.com\/en\/wp-json\/wp\/v2\/pages"}],"about":[{"href":"https:\/\/quimiromar.com\/en\/wp-json\/wp\/v2\/types\/page"}],"author":[{"embeddable":true,"href":"https:\/\/quimiromar.com\/en\/wp-json\/wp\/v2\/users\/2"}],"replies":[{"embeddable":true,"href":"https:\/\/quimiromar.com\/en\/wp-json\/wp\/v2\/comments?post=8521"}],"version-history":[{"count":9,"href":"https:\/\/quimiromar.com\/en\/wp-json\/wp\/v2\/pages\/8521\/revisions"}],"predecessor-version":[{"id":9228,"href":"https:\/\/quimiromar.com\/en\/wp-json\/wp\/v2\/pages\/8521\/revisions\/9228"}],"wp:attachment":[{"href":"https:\/\/quimiromar.com\/en\/wp-json\/wp\/v2\/media?parent=8521"}],"curies":[{"name":"wp","href":"https:\/\/api.w.org\/{rel}","templated":true}]}}