{"id":5355,"date":"2017-03-20T17:14:38","date_gmt":"2017-03-20T16:14:38","guid":{"rendered":"https:\/\/www.quimiromar.com\/?page_id=5355"},"modified":"2021-09-13T15:30:44","modified_gmt":"2021-09-13T14:30:44","slug":"home","status":"publish","type":"page","link":"https:\/\/quimiromar.com\/en\/","title":{"rendered":"Home"},"content":{"rendered":"<section class=\"wpb-content-wrapper\"><p>[vc_row el_class=&#8221;sections-links&#8221;][vc_column width=&#8221;1\/4&#8243;][vc_column_text el_class=&#8221;title-section-home yellow&#8221;] <\/p>\n<h2>Homecare<\/h2>\n<p> <a class=\"bt-white\" href=\"https:\/\/quimiromar.com\/en\/homecare\/\">VIEW PRODUCTS<\/a>[\/vc_column_text][\/vc_column][vc_column width=&#8221;1\/4&#8243;][vc_column_text el_class=&#8221;title-section-home blue&#8221;] <\/p>\n<h2>Perfumery and Hygiene<\/h2>\n<p> <a class=\"bt-white\" href=\"https:\/\/quimiromar.com\/en\/perfumery-and-hygiene\/\">VIEW PRODUCTS<\/a>[\/vc_column_text][\/vc_column][vc_column width=&#8221;1\/4&#8243;][vc_column_text el_class=&#8221;title-section-home green&#8221;] <\/p>\n<h2>DIY and Car<\/h2>\n<p> <a class=\"bt-white\" href=\"https:\/\/quimiromar.com\/en\/diy-and-car\/\">VIEW PRODUCTS<\/a>[\/vc_column_text][\/vc_column][vc_column width=&#8221;1\/4&#8243;][vc_column_text el_class=&#8221;title-section-home red&#8221;] <\/p>\n<h2>Party<\/h2>\n<p> <a class=\"bt-white\" href=\"\/en\/party\/\">VIEW PRODUCTS<\/a>[\/vc_column_text][\/vc_column][\/vc_row][vc_section full_width=&#8221;stretch_row&#8221; css=&#8221;.vc_custom_1506340086883{background-image: url(https:\/\/quimiromar.com\/wp-content\/uploads\/home-empresa-1.jpg?id=5313) !important;background-position: center !important;background-repeat: no-repeat !important;background-size: cover !important;}&#8221; el_id=&#8221;home-empresa&#8221;][vc_row][vc_column][vc_column_text]<img decoding=\"async\" src=\"https:\/\/quimiromar.com\/wp-content\/uploads\/50_en.svg\" \/> <a class=\"bt-white\" href=\"https:\/\/quimiromar.com\/en\/our-company\/\">OUR COMPANY<\/a>[\/vc_column_text][\/vc_column][\/vc_row][\/vc_section][vc_section full_width=&#8221;stretch_row&#8221; css=&#8221;.vc_custom_1506340069693{background-color: #ffffff !important;background-position: center !important;background-repeat: no-repeat !important;background-size: cover !important;}&#8221; el_id=&#8221;home-marcas&#8221;][vc_row full_width=&#8221;stretch_row&#8221;][vc_column][vc_column_text el_class=&#8221;title-marca&#8221;] <\/p>\n<h4 style=\"text-align: center;\">Our brands<\/h4>\n<p> [\/vc_column_text][vc_column_text]\n\n\n<div id=\"wpv-view-layout-5327\" class=\"js-wpv-view-layout js-wpv-layout-responsive js-wpv-view-layout-5327\" data-viewnumber=\"5327\" data-pagination=\"{&quot;id&quot;:5327,&quot;query&quot;:&quot;normal&quot;,&quot;type&quot;:&quot;disabled&quot;,&quot;effect&quot;:&quot;fade&quot;,&quot;duration&quot;:500,&quot;speed&quot;:5,&quot;pause_on_hover&quot;:&quot;disabled&quot;,&quot;stop_rollover&quot;:&quot;false&quot;,&quot;cache_pages&quot;:&quot;enabled&quot;,&quot;preload_images&quot;:&quot;enabled&quot;,&quot;preload_pages&quot;:&quot;enabled&quot;,&quot;preload_reach&quot;:1,&quot;spinner&quot;:&quot;builtin&quot;,&quot;spinner_image&quot;:&quot;https:\/\/quimiromar.com\/wp-content\/plugins\/wp-views\/embedded\/res\/img\/ajax-loader.gif&quot;,&quot;callback_next&quot;:&quot;&quot;,&quot;manage_history&quot;:&quot;disabled&quot;,&quot;has_controls_in_form&quot;:&quot;disabled&quot;,&quot;infinite_tolerance&quot;:&quot;0&quot;,&quot;max_pages&quot;:1,&quot;page&quot;:1,&quot;base_permalink&quot;:&quot;\/en\/wp-json\/wp\/v2\/pages\/5355?wpv_view_count=5327&amp;wpv_paged=WPV_PAGE_NUM&quot;,&quot;loop&quot;:{&quot;type&quot;:&quot;&quot;,&quot;name&quot;:&quot;&quot;,&quot;data&quot;:[],&quot;id&quot;:0}}\" data-permalink=\"\/en\/wp-json\/wp\/v2\/pages\/5355?wpv_view_count=5327\">\n\n\t\n\t\n<div class=\"marca-container\">\n\t\n\t\t\t<a class=\"logo-marca\" target=\"_blank\" href='https:\/\/quimiromar.com\/en\/marca\/air-freshener-en\/' rel=\"noopener noreferrer\"> <img decoding=\"async\" src=\"https:\/\/quimiromar.com\/wp-content\/uploads\/airfreshner.png\"> <div class=\"txt-marca\">Air freshening products for the home.<\/div> <\/a>\n\t\n\t\t\t<a class=\"logo-marca\" target=\"_blank\" href='https:\/\/quimiromar.com\/en\/marca\/aire-fresco-en\/' rel=\"noopener noreferrer\"> <img decoding=\"async\" src=\"https:\/\/quimiromar.com\/wp-content\/uploads\/aire-fresco-1-1.png\"> <div class=\"txt-marca\">Air freshening products for the home.<\/div> <\/a>\n\t\n\t\t\t<a class=\"logo-marca\" target=\"_blank\" href='https:\/\/quimiromar.com\/en\/marca\/amalfi-en\/' rel=\"noopener noreferrer\"> <img decoding=\"async\" src=\"https:\/\/quimiromar.com\/wp-content\/uploads\/amalfi-1.png\"> <div class=\"txt-marca\">Perfumery and personal hygiene products.<\/div> <\/a>\n\t\n\t\t\t<a class=\"logo-marca\" target=\"_blank\" href='http:\/\/www.sairo.es\/en\/' rel=\"noopener noreferrer\"> <img decoding=\"async\" src=\"https:\/\/quimiromar.com\/wp-content\/uploads\/sairo-logo.png\"> <div class=\"txt-marca\">Perfumery and personal hygiene products<\/div> <\/a>\n\t\n\t\t\t<a class=\"logo-marca\" target=\"_blank\" href='https:\/\/quimiromar.com\/en\/marca\/destello-en\/' rel=\"noopener noreferrer\"> <img decoding=\"async\" src=\"https:\/\/quimiromar.com\/wp-content\/uploads\/destello-1.png\"> <div class=\"txt-marca\">Specific products for household cleaning.<\/div> <\/a>\n\t\n\t\t\t<a class=\"logo-marca\" target=\"_blank\" href='https:\/\/quimiromar.com\/en\/marca\/garley-auto-en\/' rel=\"noopener noreferrer\"> <img decoding=\"async\" src=\"https:\/\/quimiromar.com\/wp-content\/uploads\/garley-auto.png\"> <div class=\"txt-marca\">Specific products for car<\/div> <\/a>\n\t\n\t\t\t<a class=\"logo-marca\" target=\"_blank\" href='https:\/\/quimiromar.com\/en\/marca\/garley-bike-en\/' rel=\"noopener noreferrer\"> <img decoding=\"async\" src=\"https:\/\/quimiromar.com\/wp-content\/uploads\/garley-bike.png\"> <div class=\"txt-marca\">Specific products for bike<\/div> <\/a>\n\t\n\t\t\t<a class=\"logo-marca\" target=\"_blank\" href='https:\/\/quimiromar.com\/en\/marca\/garley-en\/' rel=\"noopener noreferrer\"> <img decoding=\"async\" src=\"https:\/\/quimiromar.com\/wp-content\/uploads\/garley-1.png\"> <div class=\"txt-marca\">Specific products for DIY<\/div> <\/a>\n\t\n\t\t\t<a class=\"logo-marca\" target=\"_blank\" href='https:\/\/quimiromar.com\/en\/marca\/garley-garden-2\/' rel=\"noopener noreferrer\"> <img decoding=\"async\" src=\"https:\/\/quimiromar.com\/wp-content\/uploads\/garley-garden.jpg\"> <div class=\"txt-marca\">Specific products for\u00a0 garden<\/div> <\/a>\n\t\n\t\t\t\n\t\n\t\t\t<a class=\"logo-marca\" target=\"_blank\" href='https:\/\/quimiromar.com\/en\/marca\/romar-en-2\/' rel=\"noopener noreferrer\"> <img decoding=\"async\" src=\"https:\/\/quimiromar.com\/wp-content\/uploads\/romar-1.png\"> <div class=\"txt-marca\">Specific products for laundry washing.<\/div> <\/a>\n\t\n\t\t\t\n\t\n\t\t\t<a class=\"logo-marca\" target=\"_blank\" href='https:\/\/quimiromar.com\/en\/marca\/yuki-maton-en\/' rel=\"noopener noreferrer\"> <img decoding=\"async\" src=\"https:\/\/quimiromar.com\/wp-content\/uploads\/yuki.png\"> <div class=\"txt-marca\">Insecticides.<\/div> <\/a>\n\t\n\t\t\t<a class=\"logo-marca\" target=\"_blank\" href='https:\/\/quimiromar.com\/en\/marca\/yuki-nature-en\/' rel=\"noopener noreferrer\"> <img decoding=\"async\" src=\"https:\/\/quimiromar.com\/wp-content\/uploads\/yuki-copia.png\"> <div class=\"txt-marca\">Air freshening products for home<\/div> <\/a>\n\t\n<\/div>\n\t\n\t\n\t\n<\/div>\n[\/vc_column_text][\/vc_column][\/vc_row][\/vc_section]<\/p><\/section>","protected":false},"excerpt":{"rendered":"<p><span class=\"excerpt-hellip\"> [\u2026]<\/span><\/p>","protected":false},"author":2,"featured_media":0,"parent":0,"menu_order":0,"comment_status":"closed","ping_status":"closed","template":"","meta":{"footnotes":""},"class_list":["post-5355","page","type-page","status-publish","hentry"],"yoast_head":"<!-- This site is optimized with the Yoast SEO plugin v25.2 - https:\/\/yoast.com\/wordpress\/plugins\/seo\/ -->\n<title>Quimi Romar<\/title>\n<meta name=\"description\" content=\"Development, production and distribution of high quality products of drugstore, perfumery and cosmetics.\" \/>\n<meta name=\"robots\" content=\"index, follow, max-snippet:-1, max-image-preview:large, max-video-preview:-1\" \/>\n<link rel=\"canonical\" href=\"https:\/\/quimiromar.com\/en\/\" \/>\n<meta property=\"og:locale\" content=\"en_US\" \/>\n<meta property=\"og:type\" content=\"article\" \/>\n<meta property=\"og:title\" content=\"Quimi Romar\" \/>\n<meta property=\"og:description\" content=\"Development, production and distribution of high quality products of drugstore, perfumery and cosmetics.\" \/>\n<meta property=\"og:url\" content=\"https:\/\/quimiromar.com\/en\/\" \/>\n<meta property=\"og:site_name\" content=\"Quimi Romar\" \/>\n<meta property=\"article:modified_time\" content=\"2021-09-13T14:30:44+00:00\" \/>\n<meta property=\"og:image\" content=\"https:\/\/quimiromar.com\/wp-content\/uploads\/50_en.svg\" \/>\n<meta name=\"twitter:card\" content=\"summary_large_image\" \/>\n<meta name=\"twitter:label1\" content=\"Est. reading time\" \/>\n\t<meta name=\"twitter:data1\" content=\"1 minute\" \/>\n<script type=\"application\/ld+json\" class=\"yoast-schema-graph\">{\"@context\":\"https:\/\/schema.org\",\"@graph\":[{\"@type\":\"WebPage\",\"@id\":\"https:\/\/quimiromar.com\/en\/\",\"url\":\"https:\/\/quimiromar.com\/en\/\",\"name\":\"Quimi Romar\",\"isPartOf\":{\"@id\":\"https:\/\/quimiromar.com\/en\/#website\"},\"primaryImageOfPage\":{\"@id\":\"https:\/\/quimiromar.com\/en\/#primaryimage\"},\"image\":{\"@id\":\"https:\/\/quimiromar.com\/en\/#primaryimage\"},\"thumbnailUrl\":\"https:\/\/quimiromar.com\/wp-content\/uploads\/50_en.svg\",\"datePublished\":\"2017-03-20T16:14:38+00:00\",\"dateModified\":\"2021-09-13T14:30:44+00:00\",\"description\":\"Development, production and distribution of high quality products of drugstore, perfumery and cosmetics.\",\"breadcrumb\":{\"@id\":\"https:\/\/quimiromar.com\/en\/#breadcrumb\"},\"inLanguage\":\"en-US\",\"potentialAction\":[{\"@type\":\"ReadAction\",\"target\":[\"https:\/\/quimiromar.com\/en\/\"]}]},{\"@type\":\"ImageObject\",\"inLanguage\":\"en-US\",\"@id\":\"https:\/\/quimiromar.com\/en\/#primaryimage\",\"url\":\"https:\/\/quimiromar.com\/wp-content\/uploads\/50_en.svg\",\"contentUrl\":\"https:\/\/quimiromar.com\/wp-content\/uploads\/50_en.svg\"},{\"@type\":\"BreadcrumbList\",\"@id\":\"https:\/\/quimiromar.com\/en\/#breadcrumb\",\"itemListElement\":[{\"@type\":\"ListItem\",\"position\":1,\"name\":\"Home\",\"item\":\"https:\/\/quimiromar.com\/en\/\"},{\"@type\":\"ListItem\",\"position\":2,\"name\":\"Home\"}]},{\"@type\":\"WebSite\",\"@id\":\"https:\/\/quimiromar.com\/en\/#website\",\"url\":\"https:\/\/quimiromar.com\/en\/\",\"name\":\"Quimi Romar\",\"description\":\"Droguer\u00eda, perfumer\u00eda y cosm\u00e9tica\",\"publisher\":{\"@id\":\"https:\/\/quimiromar.com\/en\/#organization\"},\"potentialAction\":[{\"@type\":\"SearchAction\",\"target\":{\"@type\":\"EntryPoint\",\"urlTemplate\":\"https:\/\/quimiromar.com\/en\/?s={search_term_string}\"},\"query-input\":{\"@type\":\"PropertyValueSpecification\",\"valueRequired\":true,\"valueName\":\"search_term_string\"}}],\"inLanguage\":\"en-US\"},{\"@type\":\"Organization\",\"@id\":\"https:\/\/quimiromar.com\/en\/#organization\",\"name\":\"Quimi Romar\",\"url\":\"https:\/\/quimiromar.com\/en\/\",\"logo\":{\"@type\":\"ImageObject\",\"inLanguage\":\"en-US\",\"@id\":\"https:\/\/quimiromar.com\/en\/#\/schema\/logo\/image\/\",\"url\":\"\",\"contentUrl\":\"\",\"caption\":\"Quimi Romar\"},\"image\":{\"@id\":\"https:\/\/quimiromar.com\/en\/#\/schema\/logo\/image\/\"}}]}<\/script>\n<!-- \/ Yoast SEO plugin. -->","yoast_head_json":{"title":"Quimi Romar","description":"Development, production and distribution of high quality products of drugstore, perfumery and cosmetics.","robots":{"index":"index","follow":"follow","max-snippet":"max-snippet:-1","max-image-preview":"max-image-preview:large","max-video-preview":"max-video-preview:-1"},"canonical":"https:\/\/quimiromar.com\/en\/","og_locale":"en_US","og_type":"article","og_title":"Quimi Romar","og_description":"Development, production and distribution of high quality products of drugstore, perfumery and cosmetics.","og_url":"https:\/\/quimiromar.com\/en\/","og_site_name":"Quimi Romar","article_modified_time":"2021-09-13T14:30:44+00:00","og_image":[{"url":"https:\/\/quimiromar.com\/wp-content\/uploads\/50_en.svg","type":"","width":"","height":""}],"twitter_card":"summary_large_image","twitter_misc":{"Est. reading time":"1 minute"},"schema":{"@context":"https:\/\/schema.org","@graph":[{"@type":"WebPage","@id":"https:\/\/quimiromar.com\/en\/","url":"https:\/\/quimiromar.com\/en\/","name":"Quimi Romar","isPartOf":{"@id":"https:\/\/quimiromar.com\/en\/#website"},"primaryImageOfPage":{"@id":"https:\/\/quimiromar.com\/en\/#primaryimage"},"image":{"@id":"https:\/\/quimiromar.com\/en\/#primaryimage"},"thumbnailUrl":"https:\/\/quimiromar.com\/wp-content\/uploads\/50_en.svg","datePublished":"2017-03-20T16:14:38+00:00","dateModified":"2021-09-13T14:30:44+00:00","description":"Development, production and distribution of high quality products of drugstore, perfumery and cosmetics.","breadcrumb":{"@id":"https:\/\/quimiromar.com\/en\/#breadcrumb"},"inLanguage":"en-US","potentialAction":[{"@type":"ReadAction","target":["https:\/\/quimiromar.com\/en\/"]}]},{"@type":"ImageObject","inLanguage":"en-US","@id":"https:\/\/quimiromar.com\/en\/#primaryimage","url":"https:\/\/quimiromar.com\/wp-content\/uploads\/50_en.svg","contentUrl":"https:\/\/quimiromar.com\/wp-content\/uploads\/50_en.svg"},{"@type":"BreadcrumbList","@id":"https:\/\/quimiromar.com\/en\/#breadcrumb","itemListElement":[{"@type":"ListItem","position":1,"name":"Home","item":"https:\/\/quimiromar.com\/en\/"},{"@type":"ListItem","position":2,"name":"Home"}]},{"@type":"WebSite","@id":"https:\/\/quimiromar.com\/en\/#website","url":"https:\/\/quimiromar.com\/en\/","name":"Quimi Romar","description":"Droguer\u00eda, perfumer\u00eda y cosm\u00e9tica","publisher":{"@id":"https:\/\/quimiromar.com\/en\/#organization"},"potentialAction":[{"@type":"SearchAction","target":{"@type":"EntryPoint","urlTemplate":"https:\/\/quimiromar.com\/en\/?s={search_term_string}"},"query-input":{"@type":"PropertyValueSpecification","valueRequired":true,"valueName":"search_term_string"}}],"inLanguage":"en-US"},{"@type":"Organization","@id":"https:\/\/quimiromar.com\/en\/#organization","name":"Quimi Romar","url":"https:\/\/quimiromar.com\/en\/","logo":{"@type":"ImageObject","inLanguage":"en-US","@id":"https:\/\/quimiromar.com\/en\/#\/schema\/logo\/image\/","url":"","contentUrl":"","caption":"Quimi Romar"},"image":{"@id":"https:\/\/quimiromar.com\/en\/#\/schema\/logo\/image\/"}}]}},"_links":{"self":[{"href":"https:\/\/quimiromar.com\/en\/wp-json\/wp\/v2\/pages\/5355","targetHints":{"allow":["GET"]}}],"collection":[{"href":"https:\/\/quimiromar.com\/en\/wp-json\/wp\/v2\/pages"}],"about":[{"href":"https:\/\/quimiromar.com\/en\/wp-json\/wp\/v2\/types\/page"}],"author":[{"embeddable":true,"href":"https:\/\/quimiromar.com\/en\/wp-json\/wp\/v2\/users\/2"}],"replies":[{"embeddable":true,"href":"https:\/\/quimiromar.com\/en\/wp-json\/wp\/v2\/comments?post=5355"}],"version-history":[{"count":9,"href":"https:\/\/quimiromar.com\/en\/wp-json\/wp\/v2\/pages\/5355\/revisions"}],"predecessor-version":[{"id":22820,"href":"https:\/\/quimiromar.com\/en\/wp-json\/wp\/v2\/pages\/5355\/revisions\/22820"}],"wp:attachment":[{"href":"https:\/\/quimiromar.com\/en\/wp-json\/wp\/v2\/media?parent=5355"}],"curies":[{"name":"wp","href":"https:\/\/api.w.org\/{rel}","templated":true}]}}